{"id":13137,"date":"2025-12-21T03:15:31","date_gmt":"2025-12-21T03:15:31","guid":{"rendered":"https:\/\/nexocreate.com\/?post_type=product&#038;p=13137"},"modified":"2025-12-23T05:50:49","modified_gmt":"2025-12-23T05:50:49","slug":"%f0%9f%93%a2declaracion-de-impuestos-personales-en-estados-unidos-%f0%9f%8c%9f","status":"publish","type":"product","link":"https:\/\/nexocreate.com\/en\/product\/%f0%9f%93%a2declaracion-de-impuestos-personales-en-estados-unidos-%f0%9f%8c%9f\/","title":{"rendered":"\ud83d\udce2 Declaraci\u00f3n de Impuestos Personales en Estados Unidos \ud83c\uddfa\ud83c\uddf8"},"content":{"rendered":"<p data-start=\"405\" data-end=\"464\"><strong data-start=\"405\" data-end=\"464\">Desde USD $197 \u2013 con revisi\u00f3n previa en casos complejos<\/strong><\/p>\n<p data-start=\"466\" data-end=\"728\">Presentar tus impuestos personales en Estados Unidos no es opcional, y hacerlo mal puede salir muy caro. Multas, intereses, bloqueos con el IRS o problemas futuros en procesos migratorios y bancarios suelen empezar por una declaraci\u00f3n mal preparada o incompleta.<\/p>\n<p data-start=\"730\" data-end=\"1030\">En <strong data-start=\"733\" data-end=\"748\">Nexo Create<\/strong> ofrecemos un servicio profesional de <strong data-start=\"786\" data-end=\"849\">Declaraci\u00f3n de Impuestos Personales (Individual Income Tax)<\/strong> dise\u00f1ado para residentes y no residentes, con un <strong data-start=\"899\" data-end=\"917\">modelo h\u00edbrido<\/strong> que garantiza algo clave:<br data-start=\"943\" data-end=\"946\" \/>\ud83d\udc49 <em data-start=\"949\" data-end=\"1029\">que pagues lo justo y que tu declaraci\u00f3n se haga correctamente desde el inicio<\/em>.<\/p>\n<hr data-start=\"1032\" data-end=\"1035\" \/>\n<h2 data-start=\"1037\" data-end=\"1081\">\ud83d\udd0d \u00bfC\u00f3mo funciona nuestro modelo h\u00edbrido?<\/h2>\n<p data-start=\"1082\" data-end=\"1276\">Este servicio tiene un <strong data-start=\"1105\" data-end=\"1135\">precio base desde USD $197<\/strong>, aplicable a <strong data-start=\"1149\" data-end=\"1167\">casos est\u00e1ndar<\/strong>.<br data-start=\"1168\" data-end=\"1171\" \/>Antes de preparar y presentar tu declaraci\u00f3n, realizamos una <strong data-start=\"1232\" data-end=\"1275\">revisi\u00f3n inicial de tu situaci\u00f3n fiscal<\/strong>.<\/p>\n<ul data-start=\"1278\" data-end=\"1516\">\n<li data-start=\"1278\" data-end=\"1345\">\n<p data-start=\"1280\" data-end=\"1345\">\u2705 <strong data-start=\"1282\" data-end=\"1300\">Casos simples:<\/strong> avanzamos directamente con la declaraci\u00f3n.<\/p>\n<\/li>\n<li data-start=\"1346\" data-end=\"1516\">\n<p data-start=\"1348\" data-end=\"1516\">\u26a0\ufe0f <strong data-start=\"1351\" data-end=\"1385\">Casos intermedios o complejos:<\/strong> te informamos y realizamos una <strong data-start=\"1417\" data-end=\"1446\">auditor\u00eda fiscal personal<\/strong> antes de continuar, para evitar errores, omisiones o riesgos futuros.<\/p>\n<\/li>\n<\/ul>\n<p data-start=\"1518\" data-end=\"1589\">\ud83d\udca1 <em data-start=\"1521\" data-end=\"1589\">Nunca avanzamos \u201ca ciegas\u201d. La claridad fiscal siempre va primero.<\/em><\/p>\n<hr data-start=\"1591\" data-end=\"1594\" \/>\n<h2 data-start=\"1596\" data-end=\"1623\">\ud83d\udcc4 Documentos necesarios<\/h2>\n<p data-start=\"1624\" data-end=\"1659\">Seg\u00fan tu perfil, podemos solicitar:<\/p>\n<ul data-start=\"1661\" data-end=\"1902\">\n<li data-start=\"1661\" data-end=\"1675\">\n<p data-start=\"1663\" data-end=\"1675\"><a href=\"https:\/\/nexocreate.com\/producto\/servicio-de-registro-de-itin\/?v=34f435c6b599\" target=\"_blank\" rel=\"noopener\"><strong>ITIN<\/strong><\/a> o SSN<\/p>\n<\/li>\n<li data-start=\"1676\" data-end=\"1701\">\n<p data-start=\"1678\" data-end=\"1701\">Identificaci\u00f3n v\u00e1lida<\/p>\n<\/li>\n<li data-start=\"1702\" data-end=\"1750\">\n<p data-start=\"1704\" data-end=\"1750\">Formularios de ingresos (W-2, 1099, u otros)<\/p>\n<\/li>\n<li data-start=\"1751\" data-end=\"1813\">\n<p data-start=\"1753\" data-end=\"1813\">Informaci\u00f3n de ingresos adicionales (EE. UU. y\/o exterior)<\/p>\n<\/li>\n<li data-start=\"1814\" data-end=\"1859\">\n<p data-start=\"1816\" data-end=\"1859\">Datos bancarios (para reembolsos o pagos)<\/p>\n<\/li>\n<li data-start=\"1860\" data-end=\"1902\">\n<p data-start=\"1862\" data-end=\"1902\">Declaraci\u00f3n del a\u00f1o anterior (si existe)<\/p>\n<\/li>\n<\/ul>\n<p data-start=\"1904\" data-end=\"1975\">\ud83d\udc49 <em data-start=\"1907\" data-end=\"1975\">Si no est\u00e1s seguro de qu\u00e9 aplica en tu caso, lo revisamos contigo.<\/em><\/p>\n<hr data-start=\"1977\" data-end=\"1980\" \/>\n<h2 data-start=\"1982\" data-end=\"2018\">\ud83d\udd27 Nuestro proceso en Nexo Create<\/h2>\n<ol data-start=\"2019\" data-end=\"2464\">\n<li data-start=\"2019\" data-end=\"2136\">\n<p data-start=\"2022\" data-end=\"2136\"><strong data-start=\"2022\" data-end=\"2062\">Revisi\u00f3n inicial de tu perfil fiscal<\/strong><br data-start=\"2062\" data-end=\"2065\" \/>Determinamos si tu caso es est\u00e1ndar o requiere evaluaci\u00f3n adicional.<\/p>\n<\/li>\n<li data-start=\"2137\" data-end=\"2239\">\n<p data-start=\"2140\" data-end=\"2239\"><strong data-start=\"2140\" data-end=\"2179\">Validaci\u00f3n de informaci\u00f3n y riesgos<\/strong><br data-start=\"2179\" data-end=\"2182\" \/>Detectamos inconsistencias comunes antes de presentar.<\/p>\n<\/li>\n<li data-start=\"2240\" data-end=\"2345\">\n<p data-start=\"2243\" data-end=\"2345\"><strong data-start=\"2243\" data-end=\"2285\">Preparaci\u00f3n y presentaci\u00f3n ante el IRS<\/strong><br data-start=\"2285\" data-end=\"2288\" \/>Declaraci\u00f3n realizada conforme a la normativa vigente.<\/p>\n<\/li>\n<li data-start=\"2346\" data-end=\"2464\">\n<p data-start=\"2349\" data-end=\"2464\"><strong data-start=\"2349\" data-end=\"2389\">Seguimiento b\u00e1sico post-presentaci\u00f3n<\/strong><br data-start=\"2389\" data-end=\"2392\" \/>Acompa\u00f1amiento ante notificaciones relacionadas con esta declaraci\u00f3n.<\/p>\n<\/li>\n<\/ol>\n<hr data-start=\"2466\" data-end=\"2469\" \/>\n<h2 data-start=\"2471\" data-end=\"2518\">\u26a0\ufe0f Consecuencias de no hacerlo correctamente<\/h2>\n<ul data-start=\"2519\" data-end=\"2688\">\n<li data-start=\"2519\" data-end=\"2549\">\n<p data-start=\"2521\" data-end=\"2549\">Multas autom\u00e1ticas del IRS<\/p>\n<\/li>\n<li data-start=\"2550\" data-end=\"2574\">\n<p data-start=\"2552\" data-end=\"2574\">Intereses acumulados<\/p>\n<\/li>\n<li data-start=\"2575\" data-end=\"2605\">\n<p data-start=\"2577\" data-end=\"2605\">Riesgo fiscal a\u00f1o tras a\u00f1o<\/p>\n<\/li>\n<li data-start=\"2606\" data-end=\"2637\">\n<p data-start=\"2608\" data-end=\"2637\">Problemas para renovar ITIN<\/p>\n<\/li>\n<li data-start=\"2638\" data-end=\"2688\">\n<p data-start=\"2640\" data-end=\"2688\">Bloqueos en tr\u00e1mites migratorios o financieros<\/p>\n<\/li>\n<\/ul>\n<p data-start=\"2690\" data-end=\"2725\">\ud83d\udccc <em data-start=\"2693\" data-end=\"2725\">El IRS no olvida. Solo espera.<\/em><\/p>\n<hr data-start=\"3065\" data-end=\"3068\" \/>\n<h2 data-start=\"3070\" data-end=\"3098\">\ud83d\udccc Nota legal aclaratoria<\/h2>\n<p data-start=\"3099\" data-end=\"3293\">La preparaci\u00f3n de impuestos se realiza con base en la informaci\u00f3n proporcionada por el cliente y conforme a la normativa fiscal vigente. Este servicio no constituye asesor\u00eda legal ni migratoria.<\/p>\n<hr data-start=\"3295\" data-end=\"3298\" \/>\n<h2 data-start=\"3300\" data-end=\"3333\">\u2b50 \u00bfPor qu\u00e9 elegir Nexo Create?<\/h2>\n<ul data-start=\"3334\" data-end=\"3636\">\n<li data-start=\"3334\" data-end=\"3384\">\n<p data-start=\"3336\" data-end=\"3384\">Experiencia con <strong data-start=\"3352\" data-end=\"3382\">residentes y no residentes<\/strong><\/p>\n<\/li>\n<li data-start=\"3385\" data-end=\"3421\">\n<p data-start=\"3387\" data-end=\"3421\">Enfoque preventivo y estrat\u00e9gico<\/p>\n<\/li>\n<li data-start=\"3422\" data-end=\"3466\">\n<p data-start=\"3424\" data-end=\"3466\">Transparencia total en costos y procesos<\/p>\n<\/li>\n<li data-start=\"3467\" data-end=\"3506\">\n<p data-start=\"3469\" data-end=\"3506\">Acompa\u00f1amiento humano y profesional<\/p>\n<\/li>\n<li data-start=\"3507\" data-end=\"3636\">\n<p data-start=\"3509\" data-end=\"3534\">Posibilidad de escalar a:<\/p>\n<ul data-start=\"3537\" data-end=\"3636\">\n<li data-start=\"3537\" data-end=\"3555\">\n<p data-start=\"3539\" data-end=\"3555\">Auditor\u00eda fiscal<\/p>\n<\/li>\n<li data-start=\"3558\" data-end=\"3564\">\n<p data-start=\"3560\" data-end=\"3564\"><a href=\"https:\/\/nexocreate.com\/producto\/servicio-de-registro-de-itin\/?v=34f435c6b599\" target=\"_blank\" rel=\"noopener\"><strong>ITIN<\/strong><\/a><\/p>\n<\/li>\n<li data-start=\"3567\" data-end=\"3580\">\n<p data-start=\"3569\" data-end=\"3580\"><strong><a href=\"https:\/\/nexocreate.com\/producto\/bookkeeping\/?v=34f435c6b599\" target=\"_blank\" rel=\"noopener\">Bookkeeping<\/a><\/strong><\/p>\n<\/li>\n<li data-start=\"3583\" data-end=\"3605\">\n<p data-start=\"3585\" data-end=\"3605\">Planificaci\u00f3n fiscal<\/p>\n<\/li>\n<li data-start=\"3608\" data-end=\"3636\">\n<p data-start=\"3610\" data-end=\"3636\"><a href=\"https:\/\/nexocreate.com\/producto\/auditoria-profesional-de-llc-en-estados-unidos-nexocreate\/?v=34f435c6b599\" target=\"_blank\" rel=\"noopener\"><strong>Estructuraci\u00f3n empresarial<\/strong><\/a><\/p>\n<\/li>\n<\/ul>\n<\/li>\n<\/ul>\n<hr data-start=\"3471\" data-end=\"3474\" \/>\n<p data-start=\"106\" data-end=\"319\">\ud83e\udd1d <strong data-start=\"109\" data-end=\"151\">Y si esta propuesta resuena contigo&#8230;<\/strong><\/p>\n<h2 data-start=\"3643\" data-end=\"3668\">\ud83d\uded2Toma la iniciativa,\u00a0<strong>elige Nexo Create, elige excelencia.<\/strong>\u00a0<img decoding=\"async\" class=\"emoji\" role=\"img\" draggable=\"false\" src=\"https:\/\/s.w.org\/images\/core\/emoji\/15.0.3\/svg\/1f680.svg\" alt=\"\ud83d\ude80\" \/><img decoding=\"async\" class=\"emoji\" role=\"img\" draggable=\"false\" src=\"https:\/\/s.w.org\/images\/core\/emoji\/15.0.3\/svg\/1f4bc.svg\" alt=\"\ud83d\udcbc\" \/><\/h2>\n<h3><img decoding=\"async\" class=\"emoji\" role=\"img\" draggable=\"false\" src=\"https:\/\/s.w.org\/images\/core\/emoji\/15.0.3\/svg\/1f6d2.svg\" alt=\"\ud83d\uded2\" \/>\u00a0<strong>Haz clic en \u201cA\u00f1adir al carrito\u201d y comencemos hoy mismo.<\/strong><\/h3>\n<p>Si est\u00e1s listo para hacer realidad tu visi\u00f3n empresarial con el m\u00ednimo esfuerzo y el m\u00e1ximo apoyo,\u00a0<strong>Nexo Create es tu socio ideal.<\/strong><\/p>\n<p>Y si esta propuesta resuena contigo, \u00a1\u00fanete a nuestro\u00a0<a href=\"https:\/\/nexocreate.com\/plan-de-afiliados\/?v=1d20b5ff1ee9\">Programa de Afiliados<\/a>! Comparte nuestra pasi\u00f3n y ayuda a otros a alcanzar sus sue\u00f1os empresariales mientras te beneficias tambi\u00e9n. Haz clic\u00a0<a href=\"https:\/\/nexocreate.com\/cuestionario-de-pre-afiliacion\/?v=1d20b5ff1ee9\">aqu\u00ed<\/a>\u00a0y s\u00e9 parte de la comunidad que est\u00e1 redefiniendo el\u00a0<strong>\u00e9xito empresarial.<\/strong>\u00a0<img decoding=\"async\" class=\"emoji\" role=\"img\" draggable=\"false\" src=\"https:\/\/s.w.org\/images\/core\/emoji\/15.0.3\/svg\/1f31f.svg\" alt=\"\ud83c\udf1f\" \/><img decoding=\"async\" class=\"emoji\" role=\"img\" draggable=\"false\" src=\"https:\/\/s.w.org\/images\/core\/emoji\/15.0.3\/svg\/1f4a1.svg\" alt=\"\ud83d\udca1\" \/><\/p>\n<p data-start=\"625\" data-end=\"758\"><strong data-start=\"625\" data-end=\"660\">\u00bfTienes dudas antes de comprar?<\/strong><br data-start=\"660\" data-end=\"663\" \/>Escr\u00edbenos por WhatsApp y evaluamos tu caso para ayudarte a avanzar con claridad y sin errores.<\/p>\n<p data-start=\"760\" data-end=\"793\">[ \ud83d\udcac <a href=\"https:\/\/api.whatsapp.com\/send?phone=+14076868211&amp;text=Hola%20%F0%9F%91%8B...%20Estoy%20interesado(a)%20en%20uno%20de%20sus%20servicios%20y%20tengo%20una%20consulta%20antes%20de%20avanzar.\" target=\"_blank\" rel=\"noopener\"><strong data-start=\"765\" data-end=\"791\">Consultar por WhatsApp<\/strong><\/a> ]<\/p>\n<p>&nbsp;<\/p>\n","protected":false},"excerpt":{"rendered":"<p><strong>\ud83d\ude80<\/strong><strong data-start=\"276\" data-end=\"366\">Declaraci\u00f3n de Impuestos Personales en Estados Unidos para residentes y no residentes.<\/strong><br data-start=\"366\" data-end=\"369\" \/>Servicio profesional dise\u00f1ado para presentar tus impuestos ante el IRS de forma correcta, evitando errores, multas y riesgos fiscales que pueden afectar tu historial y futuros tr\u00e1mites en EE. UU.<\/p>\n<p data-start=\"566\" data-end=\"816\">Antes de avanzar, realizamos una revisi\u00f3n inicial de tu situaci\u00f3n fiscal para confirmar el alcance del servicio y, si es necesario, recomendar una evaluaci\u00f3n adicional, garantizando una declaraci\u00f3n clara, ordenada y alineada con la normativa vigente.\ud83d\udcbc\u2728<\/p>","protected":false},"featured_media":13257,"comment_status":"open","ping_status":"closed","template":"","meta":[],"product_brand":[],"product_cat":[136,139,138],"product_tag":[],"class_list":{"0":"post-13137","1":"product","2":"type-product","3":"status-publish","4":"has-post-thumbnail","6":"product_cat-creacion-de-empresas-en-ee-uu-","7":"product_cat-cumplimiento-legal-y-fiscal-","8":"product_cat-identificacion-fiscal-y-documentacion-","10":"first","11":"instock","12":"sale","13":"virtual","14":"purchasable","15":"product-type-simple"},"yoast_head":"<!-- This site is optimized with the Yoast SEO plugin v27.5 - https:\/\/yoast.com\/product\/yoast-seo-wordpress\/ -->\n<title>\ud83d\udce2 Declaraci\u00f3n de Impuestos Personales en Estados Unidos \ud83c\uddfa\ud83c\uddf8 - NexoCreate<\/title>\n<meta name=\"description\" content=\"Declaraci\u00f3n de impuestos personales en EE. UU. desde $199. Servicio profesional para residentes y no residentes, con revisi\u00f3n previa en casos complejos.\" \/>\n<meta name=\"robots\" content=\"index, follow, max-snippet:-1, max-image-preview:large, max-video-preview:-1\" \/>\n<link rel=\"canonical\" href=\"https:\/\/nexocreate.com\/en\/product\/\ud83d\udce2declaracion-de-impuestos-personales-en-estados-unidos-\ud83c\udf1f\/\" \/>\n<meta property=\"og:locale\" content=\"en_US\" \/>\n<meta property=\"og:type\" content=\"article\" \/>\n<meta property=\"og:title\" content=\"\ud83d\udce2 Declaraci\u00f3n de Impuestos Personales en Estados Unidos \ud83c\uddfa\ud83c\uddf8 - NexoCreate\" \/>\n<meta property=\"og:description\" content=\"Declaraci\u00f3n de impuestos personales en EE. UU. desde $199. Servicio profesional para residentes y no residentes, con revisi\u00f3n previa en casos complejos.\" \/>\n<meta property=\"og:url\" content=\"https:\/\/nexocreate.com\/en\/product\/\ud83d\udce2declaracion-de-impuestos-personales-en-estados-unidos-\ud83c\udf1f\/\" \/>\n<meta property=\"og:site_name\" content=\"NexoCreate\" \/>\n<meta property=\"article:publisher\" content=\"https:\/\/www.facebook.com\/profile.php?id=100095753013136\" \/>\n<meta property=\"article:modified_time\" content=\"2025-12-23T05:50:49+00:00\" \/>\n<meta property=\"og:image\" content=\"https:\/\/nexocreate.com\/wp-content\/uploads\/2025\/12\/Declaracion-de-Impuestos-Personales.png\" \/>\n\t<meta property=\"og:image:width\" content=\"1080\" \/>\n\t<meta property=\"og:image:height\" content=\"1080\" \/>\n\t<meta property=\"og:image:type\" content=\"image\/png\" \/>\n<meta name=\"twitter:card\" content=\"summary_large_image\" \/>\n<meta name=\"twitter:label1\" content=\"Est. reading time\" \/>\n\t<meta name=\"twitter:data1\" content=\"4 minutes\" \/>\n<script type=\"application\/ld+json\" class=\"yoast-schema-graph\">{\"@context\":\"https:\\\/\\\/schema.org\",\"@graph\":[{\"@type\":\"WebPage\",\"@id\":\"https:\\\/\\\/nexocreate.com\\\/producto\\\/%f0%9f%93%a2declaracion-de-impuestos-personales-en-estados-unidos-%f0%9f%8c%9f\\\/\",\"url\":\"https:\\\/\\\/nexocreate.com\\\/producto\\\/%f0%9f%93%a2declaracion-de-impuestos-personales-en-estados-unidos-%f0%9f%8c%9f\\\/\",\"name\":\"\ud83d\udce2 Declaraci\u00f3n de Impuestos Personales en Estados Unidos \ud83c\uddfa\ud83c\uddf8 - NexoCreate\",\"isPartOf\":{\"@id\":\"https:\\\/\\\/nexocreate.com\\\/#website\"},\"primaryImageOfPage\":{\"@id\":\"https:\\\/\\\/nexocreate.com\\\/producto\\\/%f0%9f%93%a2declaracion-de-impuestos-personales-en-estados-unidos-%f0%9f%8c%9f\\\/#primaryimage\"},\"image\":{\"@id\":\"https:\\\/\\\/nexocreate.com\\\/producto\\\/%f0%9f%93%a2declaracion-de-impuestos-personales-en-estados-unidos-%f0%9f%8c%9f\\\/#primaryimage\"},\"thumbnailUrl\":\"https:\\\/\\\/nexocreate.com\\\/wp-content\\\/uploads\\\/2025\\\/12\\\/Declaracion-de-Impuestos-Personales.png\",\"datePublished\":\"2025-12-21T03:15:31+00:00\",\"dateModified\":\"2025-12-23T05:50:49+00:00\",\"description\":\"Declaraci\u00f3n de impuestos personales en EE. UU. desde $199. Servicio profesional para residentes y no residentes, con revisi\u00f3n previa en casos complejos.\",\"breadcrumb\":{\"@id\":\"https:\\\/\\\/nexocreate.com\\\/producto\\\/%f0%9f%93%a2declaracion-de-impuestos-personales-en-estados-unidos-%f0%9f%8c%9f\\\/#breadcrumb\"},\"inLanguage\":\"en-US\",\"potentialAction\":[{\"@type\":\"ReadAction\",\"target\":[\"https:\\\/\\\/nexocreate.com\\\/producto\\\/%f0%9f%93%a2declaracion-de-impuestos-personales-en-estados-unidos-%f0%9f%8c%9f\\\/\"]}]},{\"@type\":\"ImageObject\",\"inLanguage\":\"en-US\",\"@id\":\"https:\\\/\\\/nexocreate.com\\\/producto\\\/%f0%9f%93%a2declaracion-de-impuestos-personales-en-estados-unidos-%f0%9f%8c%9f\\\/#primaryimage\",\"url\":\"https:\\\/\\\/nexocreate.com\\\/wp-content\\\/uploads\\\/2025\\\/12\\\/Declaracion-de-Impuestos-Personales.png\",\"contentUrl\":\"https:\\\/\\\/nexocreate.com\\\/wp-content\\\/uploads\\\/2025\\\/12\\\/Declaracion-de-Impuestos-Personales.png\",\"width\":1080,\"height\":1080},{\"@type\":\"BreadcrumbList\",\"@id\":\"https:\\\/\\\/nexocreate.com\\\/producto\\\/%f0%9f%93%a2declaracion-de-impuestos-personales-en-estados-unidos-%f0%9f%8c%9f\\\/#breadcrumb\",\"itemListElement\":[{\"@type\":\"ListItem\",\"position\":1,\"name\":\"Portada\",\"item\":\"https:\\\/\\\/nexocreate.com\\\/\"},{\"@type\":\"ListItem\",\"position\":2,\"name\":\"Tienda\",\"item\":\"https:\\\/\\\/nexocreate.com\\\/tienda-2\\\/\"},{\"@type\":\"ListItem\",\"position\":3,\"name\":\"\ud83d\udce2 Declaraci\u00f3n de Impuestos Personales en Estados Unidos \ud83c\uddfa\ud83c\uddf8\"}]},{\"@type\":\"WebSite\",\"@id\":\"https:\\\/\\\/nexocreate.com\\\/#website\",\"url\":\"https:\\\/\\\/nexocreate.com\\\/\",\"name\":\"NexoCreate\",\"description\":\"Aprende, emprende y comprende el sistema Americano con nosotros, para poder acelerar tu crecimiento\",\"publisher\":{\"@id\":\"https:\\\/\\\/nexocreate.com\\\/#organization\"},\"potentialAction\":[{\"@type\":\"SearchAction\",\"target\":{\"@type\":\"EntryPoint\",\"urlTemplate\":\"https:\\\/\\\/nexocreate.com\\\/?s={search_term_string}\"},\"query-input\":{\"@type\":\"PropertyValueSpecification\",\"valueRequired\":true,\"valueName\":\"search_term_string\"}}],\"inLanguage\":\"en-US\"},{\"@type\":\"Organization\",\"@id\":\"https:\\\/\\\/nexocreate.com\\\/#organization\",\"name\":\"NexoCreate LLC\",\"url\":\"https:\\\/\\\/nexocreate.com\\\/\",\"logo\":{\"@type\":\"ImageObject\",\"inLanguage\":\"en-US\",\"@id\":\"https:\\\/\\\/nexocreate.com\\\/#\\\/schema\\\/logo\\\/image\\\/\",\"url\":\"https:\\\/\\\/nexocreate.com\\\/wp-content\\\/uploads\\\/2024\\\/02\\\/Avatar-NexoCreate.png\",\"contentUrl\":\"https:\\\/\\\/nexocreate.com\\\/wp-content\\\/uploads\\\/2024\\\/02\\\/Avatar-NexoCreate.png\",\"width\":800,\"height\":800,\"caption\":\"NexoCreate LLC\"},\"image\":{\"@id\":\"https:\\\/\\\/nexocreate.com\\\/#\\\/schema\\\/logo\\\/image\\\/\"},\"sameAs\":[\"https:\\\/\\\/www.facebook.com\\\/profile.php?id=100095753013136\"]}]}<\/script>\n<!-- \/ Yoast SEO plugin. -->","yoast_head_json":{"title":"\ud83d\udce2 Declaraci\u00f3n de Impuestos Personales en Estados Unidos \ud83c\uddfa\ud83c\uddf8 - NexoCreate","description":"Declaraci\u00f3n de impuestos personales en EE. UU. desde $199. Servicio profesional para residentes y no residentes, con revisi\u00f3n previa en casos complejos.","robots":{"index":"index","follow":"follow","max-snippet":"max-snippet:-1","max-image-preview":"max-image-preview:large","max-video-preview":"max-video-preview:-1"},"canonical":"https:\/\/nexocreate.com\/en\/product\/\ud83d\udce2declaracion-de-impuestos-personales-en-estados-unidos-\ud83c\udf1f\/","og_locale":"en_US","og_type":"article","og_title":"\ud83d\udce2 Declaraci\u00f3n de Impuestos Personales en Estados Unidos \ud83c\uddfa\ud83c\uddf8 - NexoCreate","og_description":"Declaraci\u00f3n de impuestos personales en EE. UU. desde $199. Servicio profesional para residentes y no residentes, con revisi\u00f3n previa en casos complejos.","og_url":"https:\/\/nexocreate.com\/en\/product\/\ud83d\udce2declaracion-de-impuestos-personales-en-estados-unidos-\ud83c\udf1f\/","og_site_name":"NexoCreate","article_publisher":"https:\/\/www.facebook.com\/profile.php?id=100095753013136","article_modified_time":"2025-12-23T05:50:49+00:00","og_image":[{"width":1080,"height":1080,"url":"https:\/\/nexocreate.com\/wp-content\/uploads\/2025\/12\/Declaracion-de-Impuestos-Personales.png","type":"image\/png"}],"twitter_card":"summary_large_image","twitter_misc":{"Est. reading time":"4 minutes"},"schema":{"@context":"https:\/\/schema.org","@graph":[{"@type":"WebPage","@id":"https:\/\/nexocreate.com\/producto\/%f0%9f%93%a2declaracion-de-impuestos-personales-en-estados-unidos-%f0%9f%8c%9f\/","url":"https:\/\/nexocreate.com\/producto\/%f0%9f%93%a2declaracion-de-impuestos-personales-en-estados-unidos-%f0%9f%8c%9f\/","name":"\ud83d\udce2 Declaraci\u00f3n de Impuestos Personales en Estados Unidos \ud83c\uddfa\ud83c\uddf8 - NexoCreate","isPartOf":{"@id":"https:\/\/nexocreate.com\/#website"},"primaryImageOfPage":{"@id":"https:\/\/nexocreate.com\/producto\/%f0%9f%93%a2declaracion-de-impuestos-personales-en-estados-unidos-%f0%9f%8c%9f\/#primaryimage"},"image":{"@id":"https:\/\/nexocreate.com\/producto\/%f0%9f%93%a2declaracion-de-impuestos-personales-en-estados-unidos-%f0%9f%8c%9f\/#primaryimage"},"thumbnailUrl":"https:\/\/nexocreate.com\/wp-content\/uploads\/2025\/12\/Declaracion-de-Impuestos-Personales.png","datePublished":"2025-12-21T03:15:31+00:00","dateModified":"2025-12-23T05:50:49+00:00","description":"Declaraci\u00f3n de impuestos personales en EE. UU. desde $199. Servicio profesional para residentes y no residentes, con revisi\u00f3n previa en casos complejos.","breadcrumb":{"@id":"https:\/\/nexocreate.com\/producto\/%f0%9f%93%a2declaracion-de-impuestos-personales-en-estados-unidos-%f0%9f%8c%9f\/#breadcrumb"},"inLanguage":"en-US","potentialAction":[{"@type":"ReadAction","target":["https:\/\/nexocreate.com\/producto\/%f0%9f%93%a2declaracion-de-impuestos-personales-en-estados-unidos-%f0%9f%8c%9f\/"]}]},{"@type":"ImageObject","inLanguage":"en-US","@id":"https:\/\/nexocreate.com\/producto\/%f0%9f%93%a2declaracion-de-impuestos-personales-en-estados-unidos-%f0%9f%8c%9f\/#primaryimage","url":"https:\/\/nexocreate.com\/wp-content\/uploads\/2025\/12\/Declaracion-de-Impuestos-Personales.png","contentUrl":"https:\/\/nexocreate.com\/wp-content\/uploads\/2025\/12\/Declaracion-de-Impuestos-Personales.png","width":1080,"height":1080},{"@type":"BreadcrumbList","@id":"https:\/\/nexocreate.com\/producto\/%f0%9f%93%a2declaracion-de-impuestos-personales-en-estados-unidos-%f0%9f%8c%9f\/#breadcrumb","itemListElement":[{"@type":"ListItem","position":1,"name":"Portada","item":"https:\/\/nexocreate.com\/"},{"@type":"ListItem","position":2,"name":"Tienda","item":"https:\/\/nexocreate.com\/tienda-2\/"},{"@type":"ListItem","position":3,"name":"\ud83d\udce2 Declaraci\u00f3n de Impuestos Personales en Estados Unidos \ud83c\uddfa\ud83c\uddf8"}]},{"@type":"WebSite","@id":"https:\/\/nexocreate.com\/#website","url":"https:\/\/nexocreate.com\/","name":"NexoCreate","description":"Aprende, emprende y comprende el sistema Americano con nosotros, para poder acelerar tu crecimiento","publisher":{"@id":"https:\/\/nexocreate.com\/#organization"},"potentialAction":[{"@type":"SearchAction","target":{"@type":"EntryPoint","urlTemplate":"https:\/\/nexocreate.com\/?s={search_term_string}"},"query-input":{"@type":"PropertyValueSpecification","valueRequired":true,"valueName":"search_term_string"}}],"inLanguage":"en-US"},{"@type":"Organization","@id":"https:\/\/nexocreate.com\/#organization","name":"NexoCreate LLC","url":"https:\/\/nexocreate.com\/","logo":{"@type":"ImageObject","inLanguage":"en-US","@id":"https:\/\/nexocreate.com\/#\/schema\/logo\/image\/","url":"https:\/\/nexocreate.com\/wp-content\/uploads\/2024\/02\/Avatar-NexoCreate.png","contentUrl":"https:\/\/nexocreate.com\/wp-content\/uploads\/2024\/02\/Avatar-NexoCreate.png","width":800,"height":800,"caption":"NexoCreate LLC"},"image":{"@id":"https:\/\/nexocreate.com\/#\/schema\/logo\/image\/"},"sameAs":["https:\/\/www.facebook.com\/profile.php?id=100095753013136"]}]}},"_links":{"self":[{"href":"https:\/\/nexocreate.com\/en\/wp-json\/wp\/v2\/product\/13137","targetHints":{"allow":["GET"]}}],"collection":[{"href":"https:\/\/nexocreate.com\/en\/wp-json\/wp\/v2\/product"}],"about":[{"href":"https:\/\/nexocreate.com\/en\/wp-json\/wp\/v2\/types\/product"}],"replies":[{"embeddable":true,"href":"https:\/\/nexocreate.com\/en\/wp-json\/wp\/v2\/comments?post=13137"}],"version-history":[{"count":11,"href":"https:\/\/nexocreate.com\/en\/wp-json\/wp\/v2\/product\/13137\/revisions"}],"predecessor-version":[{"id":13248,"href":"https:\/\/nexocreate.com\/en\/wp-json\/wp\/v2\/product\/13137\/revisions\/13248"}],"wp:featuredmedia":[{"embeddable":true,"href":"https:\/\/nexocreate.com\/en\/wp-json\/wp\/v2\/media\/13257"}],"wp:attachment":[{"href":"https:\/\/nexocreate.com\/en\/wp-json\/wp\/v2\/media?parent=13137"}],"wp:term":[{"taxonomy":"product_brand","embeddable":true,"href":"https:\/\/nexocreate.com\/en\/wp-json\/wp\/v2\/product_brand?post=13137"},{"taxonomy":"product_cat","embeddable":true,"href":"https:\/\/nexocreate.com\/en\/wp-json\/wp\/v2\/product_cat?post=13137"},{"taxonomy":"product_tag","embeddable":true,"href":"https:\/\/nexocreate.com\/en\/wp-json\/wp\/v2\/product_tag?post=13137"}],"curies":[{"name":"wp","href":"https:\/\/api.w.org\/{rel}","templated":true}]}}