{"id":10975,"date":"2024-11-19T17:55:04","date_gmt":"2024-11-19T17:55:04","guid":{"rendered":"https:\/\/nexocreate.com\/?post_type=product&#038;p=10975"},"modified":"2026-01-07T00:31:43","modified_gmt":"2026-01-07T00:31:43","slug":"beneficios-de-crear-una-llc","status":"publish","type":"product","link":"https:\/\/nexocreate.com\/en\/product\/beneficios-de-crear-una-llc\/","title":{"rendered":"\ud83d\udcd8 Ebook: Beneficios de crear una LLC en Estados Unidos \ud83c\uddfa\ud83c\uddf8"},"content":{"rendered":"<p>Toma la iniciativa,\u00a0<strong>elige Nexo Create, elige excelencia.<\/strong>\u00a0<img decoding=\"async\" class=\"emoji\" role=\"img\" draggable=\"false\" src=\"https:\/\/s.w.org\/images\/core\/emoji\/15.0.3\/svg\/1f680.svg\" alt=\"\ud83d\ude80\" \/><img decoding=\"async\" class=\"emoji\" role=\"img\" draggable=\"false\" src=\"https:\/\/s.w.org\/images\/core\/emoji\/15.0.3\/svg\/1f4bc.svg\" alt=\"\ud83d\udcbc\" \/><\/p>\n<h3><img decoding=\"async\" class=\"emoji\" role=\"img\" draggable=\"false\" src=\"https:\/\/s.w.org\/images\/core\/emoji\/15.0.3\/svg\/1f6d2.svg\" alt=\"\ud83d\uded2\" \/>\u00a0<strong>Haz clic en \u201cA\u00f1adir al carrito\u201d y comencemos hoy mismo.<\/strong><\/h3>\n<p>Si est\u00e1s listo para hacer realidad tu visi\u00f3n empresarial con el m\u00ednimo esfuerzo y el m\u00e1ximo apoyo,\u00a0<strong>Nexo Create es tu socio ideal.<\/strong><\/p>\n<p>Y si esta propuesta resuena contigo, \u00a1\u00fanete a nuestro\u00a0<a href=\"https:\/\/nexocreate.com\/en\/plan-de-afiliados\/?v=1d20b5ff1ee9\">Programa de Afiliados<\/a>! Comparte nuestra pasi\u00f3n y ayuda a otros a alcanzar sus sue\u00f1os empresariales mientras te beneficias tambi\u00e9n. Haz clic\u00a0<a href=\"https:\/\/nexocreate.com\/en\/cuestionario-de-pre-afiliacion\/?v=1d20b5ff1ee9\">aqu\u00ed<\/a>\u00a0y s\u00e9 parte de la comunidad que est\u00e1 redefiniendo el\u00a0<strong>\u00e9xito empresarial.<\/strong>\u00a0<img decoding=\"async\" class=\"emoji\" role=\"img\" draggable=\"false\" src=\"https:\/\/s.w.org\/images\/core\/emoji\/15.0.3\/svg\/1f31f.svg\" alt=\"\ud83c\udf1f\" \/><img decoding=\"async\" class=\"emoji\" role=\"img\" draggable=\"false\" src=\"https:\/\/s.w.org\/images\/core\/emoji\/15.0.3\/svg\/1f4a1.svg\" alt=\"\ud83d\udca1\" \/><\/p>","protected":false},"excerpt":{"rendered":"<p>Toma la iniciativa,\u00a0elige Nexo Create, elige excelencia.\u00a0 \u00a0Haz clic en \u201cA\u00f1adir al carrito\u201d y comencemos hoy mismo. Si est\u00e1s listo para hacer realidad tu visi\u00f3n empresarial con el m\u00ednimo esfuerzo y el m\u00e1ximo apoyo,\u00a0Nexo Create es tu socio ideal. Y si esta propuesta resuena contigo, \u00a1\u00fanete a nuestro\u00a0Programa de Afiliados! Comparte nuestra pasi\u00f3n y ayuda<\/p>","protected":false},"featured_media":11010,"comment_status":"open","ping_status":"closed","template":"","meta":[],"product_brand":[],"product_cat":[136,140],"product_tag":[],"class_list":{"0":"post-10975","1":"product","2":"type-product","3":"status-publish","4":"has-post-thumbnail","6":"product_cat-creacion-de-empresas-en-ee-uu-","7":"product_cat-estrategia-y-optimizacion-empresarial-","9":"first","10":"instock","11":"sale","12":"downloadable","13":"shipping-taxable","14":"purchasable","15":"product-type-simple"},"yoast_head":"<!-- This site is optimized with the Yoast SEO plugin v27.2 - https:\/\/yoast.com\/product\/yoast-seo-wordpress\/ -->\n<title>Gu\u00eda \ud83d\udcd8 Ebook: Beneficios de crear una LLC en Estados Unidos \ud83c\uddfa\ud83c\uddf8 - NexoCreate<\/title>\n<meta name=\"robots\" content=\"index, follow, max-snippet:-1, max-image-preview:large, max-video-preview:-1\" \/>\n<link rel=\"canonical\" href=\"https:\/\/nexocreate.com\/en\/product\/beneficios-de-crear-una-llc\/\" \/>\n<meta property=\"og:locale\" content=\"en_US\" \/>\n<meta property=\"og:type\" content=\"article\" \/>\n<meta property=\"og:title\" content=\"Gu\u00eda \ud83d\udcd8 Ebook: Beneficios de crear una LLC en Estados Unidos \ud83c\uddfa\ud83c\uddf8 - NexoCreate\" \/>\n<meta property=\"og:description\" content=\"Toma la iniciativa,\u00a0elige Nexo Create, elige excelencia.\u00a0 \u00a0Haz clic en \u201cA\u00f1adir al carrito\u201d y comencemos hoy mismo. Si est\u00e1s listo para hacer realidad tu visi\u00f3n empresarial con el m\u00ednimo esfuerzo y el m\u00e1ximo apoyo,\u00a0Nexo Create es tu socio ideal. Y si esta propuesta resuena contigo, \u00a1\u00fanete a nuestro\u00a0Programa de Afiliados! Comparte nuestra pasi\u00f3n y ayuda\" \/>\n<meta property=\"og:url\" content=\"https:\/\/nexocreate.com\/en\/product\/beneficios-de-crear-una-llc\/\" \/>\n<meta property=\"og:site_name\" content=\"NexoCreate\" \/>\n<meta property=\"article:publisher\" content=\"https:\/\/www.facebook.com\/profile.php?id=100095753013136\" \/>\n<meta property=\"article:modified_time\" content=\"2026-01-07T00:31:43+00:00\" \/>\n<meta property=\"og:image\" content=\"https:\/\/nexocreate.com\/wp-content\/uploads\/2024\/11\/Guia-NexoCreate.jpg\" \/>\n\t<meta property=\"og:image:width\" content=\"872\" \/>\n\t<meta property=\"og:image:height\" content=\"872\" \/>\n\t<meta property=\"og:image:type\" content=\"image\/jpeg\" \/>\n<meta name=\"twitter:card\" content=\"summary_large_image\" \/>\n<meta name=\"twitter:label1\" content=\"Est. reading time\" \/>\n\t<meta name=\"twitter:data1\" content=\"2 minutes\" \/>\n<script type=\"application\/ld+json\" class=\"yoast-schema-graph\">{\"@context\":\"https:\/\/schema.org\",\"@graph\":[{\"@type\":\"WebPage\",\"@id\":\"https:\/\/nexocreate.com\/producto\/beneficios-de-crear-una-llc\/\",\"url\":\"https:\/\/nexocreate.com\/producto\/beneficios-de-crear-una-llc\/\",\"name\":\"Gu\u00eda \ud83d\udcd8 Ebook: Beneficios de crear una LLC en Estados Unidos \ud83c\uddfa\ud83c\uddf8 - NexoCreate\",\"isPartOf\":{\"@id\":\"https:\/\/nexocreate.com\/#website\"},\"primaryImageOfPage\":{\"@id\":\"https:\/\/nexocreate.com\/producto\/beneficios-de-crear-una-llc\/#primaryimage\"},\"image\":{\"@id\":\"https:\/\/nexocreate.com\/producto\/beneficios-de-crear-una-llc\/#primaryimage\"},\"thumbnailUrl\":\"https:\/\/nexocreate.com\/wp-content\/uploads\/2024\/11\/Guia-NexoCreate.jpg\",\"datePublished\":\"2024-11-19T17:55:04+00:00\",\"dateModified\":\"2026-01-07T00:31:43+00:00\",\"breadcrumb\":{\"@id\":\"https:\/\/nexocreate.com\/producto\/beneficios-de-crear-una-llc\/#breadcrumb\"},\"inLanguage\":\"en-US\",\"potentialAction\":[{\"@type\":\"ReadAction\",\"target\":[\"https:\/\/nexocreate.com\/producto\/beneficios-de-crear-una-llc\/\"]}]},{\"@type\":\"ImageObject\",\"inLanguage\":\"en-US\",\"@id\":\"https:\/\/nexocreate.com\/producto\/beneficios-de-crear-una-llc\/#primaryimage\",\"url\":\"https:\/\/nexocreate.com\/wp-content\/uploads\/2024\/11\/Guia-NexoCreate.jpg\",\"contentUrl\":\"https:\/\/nexocreate.com\/wp-content\/uploads\/2024\/11\/Guia-NexoCreate.jpg\",\"width\":872,\"height\":872},{\"@type\":\"BreadcrumbList\",\"@id\":\"https:\/\/nexocreate.com\/producto\/beneficios-de-crear-una-llc\/#breadcrumb\",\"itemListElement\":[{\"@type\":\"ListItem\",\"position\":1,\"name\":\"Portada\",\"item\":\"https:\/\/nexocreate.com\/\"},{\"@type\":\"ListItem\",\"position\":2,\"name\":\"Tienda\",\"item\":\"https:\/\/nexocreate.com\/tienda-2\/\"},{\"@type\":\"ListItem\",\"position\":3,\"name\":\"\ud83d\udcd8 Ebook: Beneficios de crear una LLC en Estados Unidos \ud83c\uddfa\ud83c\uddf8\"}]},{\"@type\":\"WebSite\",\"@id\":\"https:\/\/nexocreate.com\/#website\",\"url\":\"https:\/\/nexocreate.com\/\",\"name\":\"NexoCreate\",\"description\":\"Aprende, emprende y comprende el sistema Americano con nosotros, para poder acelerar tu crecimiento\",\"publisher\":{\"@id\":\"https:\/\/nexocreate.com\/#organization\"},\"potentialAction\":[{\"@type\":\"SearchAction\",\"target\":{\"@type\":\"EntryPoint\",\"urlTemplate\":\"https:\/\/nexocreate.com\/?s={search_term_string}\"},\"query-input\":{\"@type\":\"PropertyValueSpecification\",\"valueRequired\":true,\"valueName\":\"search_term_string\"}}],\"inLanguage\":\"en-US\"},{\"@type\":\"Organization\",\"@id\":\"https:\/\/nexocreate.com\/#organization\",\"name\":\"NexoCreate LLC\",\"url\":\"https:\/\/nexocreate.com\/\",\"logo\":{\"@type\":\"ImageObject\",\"inLanguage\":\"en-US\",\"@id\":\"https:\/\/nexocreate.com\/#\/schema\/logo\/image\/\",\"url\":\"https:\/\/nexocreate.com\/wp-content\/uploads\/2024\/02\/Avatar-NexoCreate.png\",\"contentUrl\":\"https:\/\/nexocreate.com\/wp-content\/uploads\/2024\/02\/Avatar-NexoCreate.png\",\"width\":800,\"height\":800,\"caption\":\"NexoCreate LLC\"},\"image\":{\"@id\":\"https:\/\/nexocreate.com\/#\/schema\/logo\/image\/\"},\"sameAs\":[\"https:\/\/www.facebook.com\/profile.php?id=100095753013136\"]}]}<\/script>\n<!-- \/ Yoast SEO plugin. -->","yoast_head_json":{"title":"Gu\u00eda \ud83d\udcd8 Ebook: Beneficios de crear una LLC en Estados Unidos \ud83c\uddfa\ud83c\uddf8 - NexoCreate","robots":{"index":"index","follow":"follow","max-snippet":"max-snippet:-1","max-image-preview":"max-image-preview:large","max-video-preview":"max-video-preview:-1"},"canonical":"https:\/\/nexocreate.com\/en\/product\/beneficios-de-crear-una-llc\/","og_locale":"en_US","og_type":"article","og_title":"Gu\u00eda \ud83d\udcd8 Ebook: Beneficios de crear una LLC en Estados Unidos \ud83c\uddfa\ud83c\uddf8 - NexoCreate","og_description":"Toma la iniciativa,\u00a0elige Nexo Create, elige excelencia.\u00a0 \u00a0Haz clic en \u201cA\u00f1adir al carrito\u201d y comencemos hoy mismo. Si est\u00e1s listo para hacer realidad tu visi\u00f3n empresarial con el m\u00ednimo esfuerzo y el m\u00e1ximo apoyo,\u00a0Nexo Create es tu socio ideal. Y si esta propuesta resuena contigo, \u00a1\u00fanete a nuestro\u00a0Programa de Afiliados! Comparte nuestra pasi\u00f3n y ayuda","og_url":"https:\/\/nexocreate.com\/en\/product\/beneficios-de-crear-una-llc\/","og_site_name":"NexoCreate","article_publisher":"https:\/\/www.facebook.com\/profile.php?id=100095753013136","article_modified_time":"2026-01-07T00:31:43+00:00","og_image":[{"width":872,"height":872,"url":"https:\/\/nexocreate.com\/wp-content\/uploads\/2024\/11\/Guia-NexoCreate.jpg","type":"image\/jpeg"}],"twitter_card":"summary_large_image","twitter_misc":{"Est. reading time":"2 minutes"},"schema":{"@context":"https:\/\/schema.org","@graph":[{"@type":"WebPage","@id":"https:\/\/nexocreate.com\/producto\/beneficios-de-crear-una-llc\/","url":"https:\/\/nexocreate.com\/producto\/beneficios-de-crear-una-llc\/","name":"Gu\u00eda \ud83d\udcd8 Ebook: Beneficios de crear una LLC en Estados Unidos \ud83c\uddfa\ud83c\uddf8 - NexoCreate","isPartOf":{"@id":"https:\/\/nexocreate.com\/#website"},"primaryImageOfPage":{"@id":"https:\/\/nexocreate.com\/producto\/beneficios-de-crear-una-llc\/#primaryimage"},"image":{"@id":"https:\/\/nexocreate.com\/producto\/beneficios-de-crear-una-llc\/#primaryimage"},"thumbnailUrl":"https:\/\/nexocreate.com\/wp-content\/uploads\/2024\/11\/Guia-NexoCreate.jpg","datePublished":"2024-11-19T17:55:04+00:00","dateModified":"2026-01-07T00:31:43+00:00","breadcrumb":{"@id":"https:\/\/nexocreate.com\/producto\/beneficios-de-crear-una-llc\/#breadcrumb"},"inLanguage":"en-US","potentialAction":[{"@type":"ReadAction","target":["https:\/\/nexocreate.com\/producto\/beneficios-de-crear-una-llc\/"]}]},{"@type":"ImageObject","inLanguage":"en-US","@id":"https:\/\/nexocreate.com\/producto\/beneficios-de-crear-una-llc\/#primaryimage","url":"https:\/\/nexocreate.com\/wp-content\/uploads\/2024\/11\/Guia-NexoCreate.jpg","contentUrl":"https:\/\/nexocreate.com\/wp-content\/uploads\/2024\/11\/Guia-NexoCreate.jpg","width":872,"height":872},{"@type":"BreadcrumbList","@id":"https:\/\/nexocreate.com\/producto\/beneficios-de-crear-una-llc\/#breadcrumb","itemListElement":[{"@type":"ListItem","position":1,"name":"Portada","item":"https:\/\/nexocreate.com\/"},{"@type":"ListItem","position":2,"name":"Tienda","item":"https:\/\/nexocreate.com\/tienda-2\/"},{"@type":"ListItem","position":3,"name":"\ud83d\udcd8 Ebook: Beneficios de crear una LLC en Estados Unidos \ud83c\uddfa\ud83c\uddf8"}]},{"@type":"WebSite","@id":"https:\/\/nexocreate.com\/#website","url":"https:\/\/nexocreate.com\/","name":"NexoCreate","description":"Aprende, emprende y comprende el sistema Americano con nosotros, para poder acelerar tu crecimiento","publisher":{"@id":"https:\/\/nexocreate.com\/#organization"},"potentialAction":[{"@type":"SearchAction","target":{"@type":"EntryPoint","urlTemplate":"https:\/\/nexocreate.com\/?s={search_term_string}"},"query-input":{"@type":"PropertyValueSpecification","valueRequired":true,"valueName":"search_term_string"}}],"inLanguage":"en-US"},{"@type":"Organization","@id":"https:\/\/nexocreate.com\/#organization","name":"NexoCreate LLC","url":"https:\/\/nexocreate.com\/","logo":{"@type":"ImageObject","inLanguage":"en-US","@id":"https:\/\/nexocreate.com\/#\/schema\/logo\/image\/","url":"https:\/\/nexocreate.com\/wp-content\/uploads\/2024\/02\/Avatar-NexoCreate.png","contentUrl":"https:\/\/nexocreate.com\/wp-content\/uploads\/2024\/02\/Avatar-NexoCreate.png","width":800,"height":800,"caption":"NexoCreate LLC"},"image":{"@id":"https:\/\/nexocreate.com\/#\/schema\/logo\/image\/"},"sameAs":["https:\/\/www.facebook.com\/profile.php?id=100095753013136"]}]}},"_links":{"self":[{"href":"https:\/\/nexocreate.com\/en\/wp-json\/wp\/v2\/product\/10975","targetHints":{"allow":["GET"]}}],"collection":[{"href":"https:\/\/nexocreate.com\/en\/wp-json\/wp\/v2\/product"}],"about":[{"href":"https:\/\/nexocreate.com\/en\/wp-json\/wp\/v2\/types\/product"}],"replies":[{"embeddable":true,"href":"https:\/\/nexocreate.com\/en\/wp-json\/wp\/v2\/comments?post=10975"}],"version-history":[{"count":6,"href":"https:\/\/nexocreate.com\/en\/wp-json\/wp\/v2\/product\/10975\/revisions"}],"predecessor-version":[{"id":13251,"href":"https:\/\/nexocreate.com\/en\/wp-json\/wp\/v2\/product\/10975\/revisions\/13251"}],"wp:featuredmedia":[{"embeddable":true,"href":"https:\/\/nexocreate.com\/en\/wp-json\/wp\/v2\/media\/11010"}],"wp:attachment":[{"href":"https:\/\/nexocreate.com\/en\/wp-json\/wp\/v2\/media?parent=10975"}],"wp:term":[{"taxonomy":"product_brand","embeddable":true,"href":"https:\/\/nexocreate.com\/en\/wp-json\/wp\/v2\/product_brand?post=10975"},{"taxonomy":"product_cat","embeddable":true,"href":"https:\/\/nexocreate.com\/en\/wp-json\/wp\/v2\/product_cat?post=10975"},{"taxonomy":"product_tag","embeddable":true,"href":"https:\/\/nexocreate.com\/en\/wp-json\/wp\/v2\/product_tag?post=10975"}],"curies":[{"name":"wp","href":"https:\/\/api.w.org\/{rel}","templated":true}]}}