{"id":6318,"date":"2019-12-09T11:41:49","date_gmt":"2019-12-09T11:41:49","guid":{"rendered":"http:\/\/consulting.stylemixthemes.com\/demo\/?page_id=6318"},"modified":"2023-10-26T21:38:14","modified_gmt":"2023-10-26T21:38:14","slug":"cases-list","status":"publish","type":"page","link":"https:\/\/nexocreate.com\/en\/cases-list\/","title":{"rendered":"Cases list"},"content":{"rendered":"<div data-elementor-type=\"wp-page\" data-elementor-id=\"6318\" class=\"elementor elementor-6318 elementor-bc-flex-widget\">\n\t\t\t\t\t\t<section class=\"elementor-section elementor-top-section elementor-element elementor-element-5ef00e5 elementor-section-boxed elementor-section-height-default elementor-section-height-default\" data-id=\"5ef00e5\" data-element_type=\"section\" data-e-type=\"section\">\n\t\t\t\t\t\t<div class=\"elementor-container elementor-column-gap-default\">\n\t\t\t\t\t<div class=\"elementor-column elementor-col-66 elementor-top-column elementor-element elementor-element-5ef09da\" data-id=\"5ef09da\" data-element_type=\"column\" data-e-type=\"column\">\n\t\t\t<div class=\"elementor-widget-wrap elementor-element-populated\">\n\t\t\t\t\t\t<div class=\"elementor-element elementor-element-5ef0e39 elementor-widget elementor-widget-stm_news\" data-id=\"5ef0e39\" data-element_type=\"widget\" data-e-type=\"widget\" data-widget_type=\"stm_news.default\">\n\t\t\t\t<div class=\"elementor-widget-container\">\n\t\t\t\t\t\n\n    <div class=\"stm_news  consulting_elementor_posts\">\n        <ul class=\"news_list posts_per_row_\">\n\n            \n                                <li class=\"view_style_3\">\n                    <div class=\"post_item\">\n                                                    <a href=\"https:\/\/nexocreate.com\/en\/?p=608\" class=\"image\">\n                                <img src='https:\/\/nexocreate.com\/wp-content\/uploads\/elementor\/thumbs\/portfolio-3-1-r834y5o32evittjg3tz69q8wkuun1ihqwex1uahjms.jpg' alt='' \/>                            <\/a>\n                                                <div class=\"content\">\n                            <a href=\"https:\/\/nexocreate.com\/en\/?p=608\" class=\"title base_font_color\">\n                                <h5 class=\"secondary_font_color_hv\">Healthcare giant overcomes merger in 2015<\/h5>\n                            <\/a>\n                            <div class=\"description\">\n                                <p>Business Services<\/p>\n                            <\/div>\n                            <a href=\"https:\/\/nexocreate.com\/en\/?p=608\" class=\"read_more\">\n                                <i class=\"stm-lnr-arrow-right third_bg_color base_bg_color_hv\"><\/i>\n                                <span>\n                                Read more                                <\/span>\n                            <\/a>\n                        <\/div>\n                    <\/div>\n                <\/li>\n\n            \n                                <li class=\"view_style_3\">\n                    <div class=\"post_item\">\n                                                    <a href=\"https:\/\/nexocreate.com\/en\/?p=606\" class=\"image\">\n                                <img src='https:\/\/nexocreate.com\/wp-content\/uploads\/elementor\/thumbs\/portfolio-4-1-r834xw9p62inlpx3mpwwksman04ywjgfj4e71ivhd0.jpg' alt='' \/>                            <\/a>\n                                                <div class=\"content\">\n                            <a href=\"https:\/\/nexocreate.com\/en\/?p=606\" class=\"title base_font_color\">\n                                <h5 class=\"secondary_font_color_hv\">Focus on core delivers growth for retailer trading<\/h5>\n                            <\/a>\n                            <div class=\"description\">\n                                <p>Travel &amp; Aviation<\/p>\n                            <\/div>\n                            <a href=\"https:\/\/nexocreate.com\/en\/?p=606\" class=\"read_more\">\n                                <i class=\"stm-lnr-arrow-right third_bg_color base_bg_color_hv\"><\/i>\n                                <span>\n                                Read more                                <\/span>\n                            <\/a>\n                        <\/div>\n                    <\/div>\n                <\/li>\n\n            \n                                <li class=\"view_style_3\">\n                    <div class=\"post_item\">\n                                                    <a href=\"https:\/\/nexocreate.com\/en\/?p=600\" class=\"image\">\n                                <img src='https:\/\/nexocreate.com\/wp-content\/uploads\/elementor\/thumbs\/portfolio-5-1-r834y4q8vku8i7kt9bkjp8hfzgz9tte0ka9kd0ixt0.jpg' alt='' \/>                            <\/a>\n                                                <div class=\"content\">\n                            <a href=\"https:\/\/nexocreate.com\/en\/?p=600\" class=\"title base_font_color\">\n                                <h5 class=\"secondary_font_color_hv\">Transformation sparks financial income for all<\/h5>\n                            <\/a>\n                            <div class=\"description\">\n                                <p>Business Services<\/p>\n                            <\/div>\n                            <a href=\"https:\/\/nexocreate.com\/en\/?p=600\" class=\"read_more\">\n                                <i class=\"stm-lnr-arrow-right third_bg_color base_bg_color_hv\"><\/i>\n                                <span>\n                                Read more                                <\/span>\n                            <\/a>\n                        <\/div>\n                    <\/div>\n                <\/li>\n\n            \n                                <li class=\"view_style_3\">\n                    <div class=\"post_item\">\n                                                    <a href=\"https:\/\/nexocreate.com\/en\/?p=2904\" class=\"image\">\n                                <img src='https:\/\/nexocreate.com\/wp-content\/uploads\/elementor\/thumbs\/portfolio-6-1-r834xz37qkmikjt0694sa9wof5r2jmrmjicnhcrauc.jpg' alt='' \/>                            <\/a>\n                                                <div class=\"content\">\n                            <a href=\"https:\/\/nexocreate.com\/en\/?p=2904\" class=\"title base_font_color\">\n                                <h5 class=\"secondary_font_color_hv\">Increased sales productivity frees selling time and saves millions<\/h5>\n                            <\/a>\n                            <div class=\"description\">\n                                                            <\/div>\n                            <a href=\"https:\/\/nexocreate.com\/en\/?p=2904\" class=\"read_more\">\n                                <i class=\"stm-lnr-arrow-right third_bg_color base_bg_color_hv\"><\/i>\n                                <span>\n                                Read more                                <\/span>\n                            <\/a>\n                        <\/div>\n                    <\/div>\n                <\/li>\n\n            \n                                <li class=\"view_style_3\">\n                    <div class=\"post_item\">\n                                                    <a href=\"https:\/\/nexocreate.com\/en\/?p=2903\" class=\"image\">\n                                <img src='https:\/\/nexocreate.com\/wp-content\/uploads\/elementor\/thumbs\/posts-1-1-r834xx7jcwjxxbvqh8bj5adr8e0c48k5v91oisu36s.jpg' alt='' \/>                            <\/a>\n                                                <div class=\"content\">\n                            <a href=\"https:\/\/nexocreate.com\/en\/?p=2903\" class=\"title base_font_color\">\n                                <h5 class=\"secondary_font_color_hv\">Constructing a best-in-class global procurement<\/h5>\n                            <\/a>\n                            <div class=\"description\">\n                                                            <\/div>\n                            <a href=\"https:\/\/nexocreate.com\/en\/?p=2903\" class=\"read_more\">\n                                <i class=\"stm-lnr-arrow-right third_bg_color base_bg_color_hv\"><\/i>\n                                <span>\n                                Read more                                <\/span>\n                            <\/a>\n                        <\/div>\n                    <\/div>\n                <\/li>\n\n                    <\/ul>\n    <\/div>\n\t\t\t\t<\/div>\n\t\t\t\t<\/div>\n\t\t\t\t\t<\/div>\n\t\t<\/div>\n\t\t\t\t<div class=\"elementor-column elementor-col-33 elementor-top-column elementor-element elementor-element-5ef0ecf\" data-id=\"5ef0ecf\" data-element_type=\"column\" data-e-type=\"column\">\n\t\t\t<div class=\"elementor-widget-wrap elementor-element-populated\">\n\t\t\t\t\t\t<div class=\"elementor-element elementor-element-5ef1337 elementor-widget elementor-widget-stm_sidebar\" data-id=\"5ef1337\" data-element_type=\"widget\" data-e-type=\"widget\" data-widget_type=\"stm_sidebar.default\">\n\t\t\t\t<div class=\"elementor-widget-container\">\n\t\t\t\t\t\n<div class=\"stm_sidebar consulting_elementor_sidebar\">\n\n            \t\t<div data-elementor-type=\"wp-post\" data-elementor-id=\"573\" class=\"elementor elementor-573\">\n\t\t\t\t\t\t<section class=\"elementor-section elementor-top-section elementor-element elementor-element-46e9c2b third_bg_color elementor-section-boxed elementor-section-height-default elementor-section-height-default\" data-id=\"46e9c2b\" data-element_type=\"section\" data-e-type=\"section\" data-settings=\"{&quot;background_background&quot;:&quot;classic&quot;}\">\n\t\t\t\t\t\t<div class=\"elementor-container elementor-column-gap-default\">\n\t\t\t\t\t<div class=\"elementor-column elementor-col-100 elementor-top-column elementor-element elementor-element-46ea2ee\" data-id=\"46ea2ee\" data-element_type=\"column\" data-e-type=\"column\" data-settings=\"{&quot;background_background&quot;:&quot;classic&quot;}\">\n\t\t\t<div class=\"elementor-widget-wrap elementor-element-populated\">\n\t\t\t\t\t\t<div class=\"elementor-element elementor-element-46ea8b7 elementor-widget elementor-widget-vc_custom_heading\" data-id=\"46ea8b7\" data-element_type=\"widget\" data-e-type=\"widget\" data-widget_type=\"vc_custom_heading.default\">\n\t\t\t\t<div class=\"elementor-widget-container\">\n\t\t\t\t\t<div class=\"vc_custom_heading  consulting_heading_font  text_align_left\" ><div style=\"font-size: 16px;color: #ffffff;text-align: left;font-weight:700\" class=\"consulting-custom-title\">\u00bfComo podemos ayudarte?\n<\/div><\/div>\t\t\t\t<\/div>\n\t\t\t\t<\/div>\n\t\t\t\t<div class=\"elementor-element elementor-element-46eadbe elementor-widget elementor-widget-text-editor\" data-id=\"46eadbe\" data-element_type=\"widget\" data-e-type=\"widget\" data-widget_type=\"text-editor.default\">\n\t\t\t\t<div class=\"elementor-widget-container\">\n\t\t\t\t\t\t\t\t\t<p><span style=\"font-size: 13px; line-height: 22px; color: #ffffff;\">Cont\u00e1ctenos en la oficina de NexoCreate m\u00e1s cercana o env\u00ede una consulta comercial en l\u00ednea.<\/span><\/p>\n\t\t\t\t\t\t\t\t<\/div>\n\t\t\t\t<\/div>\n\t\t\t\t<div class=\"elementor-element elementor-element-46eb01c elementor-widget__width-auto elementor-widget elementor-widget-button\" data-id=\"46eb01c\" data-element_type=\"widget\" data-e-type=\"widget\" data-widget_type=\"button.default\">\n\t\t\t\t<div class=\"elementor-widget-container\">\n\t\t\t\t\t\t\t\t\t<div class=\"elementor-button-wrapper icon_align_\">\n\t\t\t\t\t<a class=\"elementor-button elementor-button-link elementor-size-sm\" href=\"#\">\n\t\t\t\t\t\t<span class=\"elementor-button-content-wrapper\">\n\t\t\t\t\t\t<span class=\"elementor-button-icon\">\n\t\t\t\t<i aria-hidden=\"true\" class=\"fa fa-phone-square\"><\/i>\t\t\t<\/span>\n\t\t\t\t\t\t\t\t\t<span class=\"elementor-button-text\">Contacto<\/span>\n\t\t\t\t\t<\/span>\n\t\t\t\t\t<\/a>\n\t\t\t\t<\/div>\n\t\t\t\t\t\t\t\t<\/div>\n\t\t\t\t<\/div>\n\t\t\t\t\t<\/div>\n\t\t<\/div>\n\t\t\t\t\t<\/div>\n\t\t<\/section>\n\t\t\t\t<section class=\"elementor-section elementor-top-section elementor-element elementor-element-46ebd30 elementor-section-boxed elementor-section-height-default elementor-section-height-default\" data-id=\"46ebd30\" data-element_type=\"section\" data-e-type=\"section\" data-settings=\"{&quot;background_background&quot;:&quot;classic&quot;}\">\n\t\t\t\t\t\t<div class=\"elementor-container elementor-column-gap-default\">\n\t\t\t\t\t<div class=\"elementor-column elementor-col-100 elementor-top-column elementor-element elementor-element-46ec20c\" data-id=\"46ec20c\" data-element_type=\"column\" data-e-type=\"column\">\n\t\t\t<div class=\"elementor-widget-wrap elementor-element-populated\">\n\t\t\t\t\t\t<div class=\"elementor-element elementor-element-46ec5d8 elementor-align-left elementor-widget elementor-widget-button\" data-id=\"46ec5d8\" data-element_type=\"widget\" data-e-type=\"widget\" data-widget_type=\"button.default\">\n\t\t\t\t<div class=\"elementor-widget-container\">\n\t\t\t\t\t\t\t\t\t<div class=\"elementor-button-wrapper icon_align_  button_block\">\n\t\t\t\t\t<a class=\"elementor-button elementor-button-link elementor-size-lg\" href=\"#\">\n\t\t\t\t\t\t<span class=\"elementor-button-content-wrapper\">\n\t\t\t\t\t\t<span class=\"elementor-button-icon\">\n\t\t\t\t<i aria-hidden=\"true\" class=\"fa fa-file-pdf-o\"><\/i>\t\t\t<\/span>\n\t\t\t\t\t\t\t\t\t<span class=\"elementor-button-text\">Presentaci\u00f3n de la compa\u00f1\u00eda<\/span>\n\t\t\t\t\t<\/span>\n\t\t\t\t\t<\/a>\n\t\t\t\t<\/div>\n\t\t\t\t\t\t\t\t<\/div>\n\t\t\t\t<\/div>\n\t\t\t\t<div class=\"elementor-element elementor-element-46ed5cf elementor-widget elementor-widget-stm_testimonials\" data-id=\"46ed5cf\" data-element_type=\"widget\" data-e-type=\"widget\" data-widget_type=\"stm_testimonials.default\">\n\t\t\t\t<div class=\"elementor-widget-container\">\n\t\t\t\t\t\n\n\t\t\t<div class=\"stm_testimonials consulting_elementor_testimonials style_1\">\n\t\t\t\t\t\t\t<div class=\"item\">\n\t\t\t\t\t<div class=\"testimonial\"><p>En el tema de consultor\u00eda es un socio invaluable. Nuestros equipos han colaborado para apoyar el creciente campo de profesionales que utilizan el impacto colectivo.<\/p>\n<\/div>\n\t\t\t\t\t<div class=\"testimonial-info clearfix\">\n\t\t\t\t\t\t<div class=\"testimonial-image\"><img decoding=\"async\" width=\"50\" height=\"50\" src=\"https:\/\/nexocreate.com\/wp-content\/uploads\/2018\/01\/DSC7495-50x50.jpg\" class=\"attachment-consulting-image-50x50-croped size-consulting-image-50x50-croped wp-post-image\" alt=\"\" srcset=\"https:\/\/nexocreate.com\/wp-content\/uploads\/2018\/01\/DSC7495-50x50.jpg 50w, https:\/\/nexocreate.com\/wp-content\/uploads\/2018\/01\/DSC7495-150x150.jpg 150w, https:\/\/nexocreate.com\/wp-content\/uploads\/2018\/01\/DSC7495-320x320.jpg 320w, https:\/\/nexocreate.com\/wp-content\/uploads\/2018\/01\/DSC7495-300x300.jpg 300w, https:\/\/nexocreate.com\/wp-content\/uploads\/2018\/01\/DSC7495-100x100.jpg 100w\" sizes=\"(max-width: 50px) 100vw, 50px\" \/><\/div>\n\t\t\t\t\t\t<div class=\"testimonial-text\">\n\t\t\t\t\t\t\t<div class=\"name\">Juan Carlos Velasquez<\/div>\n\t\t\t\t\t\t\t<div class=\"company\">\n\t\t\t\t\t\t\tDirector, Anfra Group LLC\t\t\t\t\t\t\t<\/div>\n\t\t\t\t\t\t<\/div>\n\t\t\t\t\t<\/div>\n\t\t\t\t<\/div>\n\t\t\t\t\t<\/div>\n\t\n\t\t\t\t\t<\/div>\n\t\t\t\t<\/div>\n\t\t\t\t<div class=\"elementor-element elementor-element-46ed6c9 elementor-widget elementor-widget-wp-widget-recent-posts\" data-id=\"46ed6c9\" data-element_type=\"widget\" data-e-type=\"widget\" data-widget_type=\"wp-widget-recent-posts.default\">\n\t\t\t\t<div class=\"elementor-widget-container\">\n\t\t\t\t\t<aside class='widget widget_recent_entries'>\n\t\t\n\t\t<h5 class=\"widget_title\">Recent Posts<\/h5>\n\t\t<ul>\n\t\t\t\t\t\t\t\t\t\t\t<li>\n\t\t\t\t\t<a href=\"https:\/\/nexocreate.com\/en\/invertir-sin-friccion-2026-acorns-duenos-llc\/\">\ud83c\udf31 Acorns y la Inversi\u00f3n Invisible: C\u00f3mo los due\u00f1os de LLC est\u00e1n construyendo patrimonio en 2026 \ud83d\udcb0\ud83d\udcc8<\/a>\n\t\t\t\t\t\t\t\t\t<\/li>\n\t\t\t\t\t\t\t\t\t\t\t<li>\n\t\t\t\t\t<a href=\"https:\/\/nexocreate.com\/en\/feliz-ano-2026-llc-estados-unidos\/\">\ud83c\udf89 Feliz 2026: pon tu LLC al d\u00eda y comienza el a\u00f1o con bases firmes<\/a>\n\t\t\t\t\t\t\t\t\t<\/li>\n\t\t\t\t\t\t\t\t\t\t\t<li>\n\t\t\t\t\t<a href=\"https:\/\/nexocreate.com\/en\/temporada-impuestos-estados-unidos-2025-2026\/\">\ud83d\udee1\ufe0f\ud83e\uddfe Temporada de Impuestos 2025\u20132026 en EE. UU.<\/a>\n\t\t\t\t\t\t\t\t\t<\/li>\n\t\t\t\t\t\t\t\t\t\t\t<li>\n\t\t\t\t\t<a href=\"https:\/\/nexocreate.com\/en\/guia-congelar-credito-lexisnexis-security-freeze\/\">\ud83d\udee1\ufe0f Gu\u00eda Definitiva 2025: C\u00f3mo Blindar tu Identidad y Cr\u00e9dito en EE. UU. (Security Freeze)<\/a>\n\t\t\t\t\t\t\t\t\t<\/li>\n\t\t\t\t\t\t\t\t\t\t\t<li>\n\t\t\t\t\t<a href=\"https:\/\/nexocreate.com\/en\/tutorial-1-2-los-guardianes-de-tu-credito-comercial-como-registrar-y-optimizar-d-u-n-s-db-experian-business-y-equifax-business-%e2%9a%94%ef%b8%8f%f0%9f%93%8a\/\">Los \u201cguardianes\u201d de tu cr\u00e9dito comercial: \u00bfc\u00f3mo registrar y optimizar D-U-N-S (D&amp;B), Experian Business y Equifax Business? \u2694\ufe0f\ud83d\udcca<\/a>\n\t\t\t\t\t\t\t\t\t<\/li>\n\t\t\t\t\t<\/ul>\n\n\t\t<\/aside>\t\t\t\t<\/div>\n\t\t\t\t<\/div>\n\t\t\t\t\t<\/div>\n\t\t<\/div>\n\t\t\t\t\t<\/div>\n\t\t<\/section>\n\t\t\t\t<\/div>\n\t\t    \n<\/div>\t\t\t\t<\/div>\n\t\t\t\t<\/div>\n\t\t\t\t\t<\/div>\n\t\t<\/div>\n\t\t\t\t\t<\/div>\n\t\t<\/section>\n\t\t\t\t<\/div>","protected":false},"excerpt":{"rendered":"<p>[vc_row][vc_column width=\u00bb2\/3&#8243;][stm_news loop=\u00bbsize:5|post_type:stm_works\u00bb view_style=\u00bbstyle_3&#8243; img_size=\u00bb260&#215;170&#8243;][\/vc_column][vc_column width=\u00bb1\/3&#8243;][stm_sidebar sidebar=\u00bb573&#8243;][\/vc_column][\/vc_row]<\/p>\n","protected":false},"author":1,"featured_media":0,"parent":0,"menu_order":0,"comment_status":"closed","ping_status":"closed","template":"","meta":{"footnotes":""},"class_list":["post-6318","page","type-page","status-publish","hentry"],"yoast_head":"<!-- This site is optimized with the Yoast SEO plugin v27.4 - https:\/\/yoast.com\/product\/yoast-seo-wordpress\/ -->\n<title>Cases list - NexoCreate<\/title>\n<meta name=\"robots\" content=\"index, follow, max-snippet:-1, max-image-preview:large, max-video-preview:-1\" \/>\n<link rel=\"canonical\" href=\"https:\/\/nexocreate.com\/en\/cases-list\/\" \/>\n<meta property=\"og:locale\" content=\"en_US\" \/>\n<meta property=\"og:type\" content=\"article\" \/>\n<meta property=\"og:title\" content=\"Cases list - NexoCreate\" \/>\n<meta property=\"og:url\" content=\"https:\/\/nexocreate.com\/en\/cases-list\/\" \/>\n<meta property=\"og:site_name\" content=\"NexoCreate\" \/>\n<meta property=\"article:publisher\" content=\"https:\/\/www.facebook.com\/profile.php?id=100095753013136\" \/>\n<meta property=\"article:modified_time\" content=\"2023-10-26T21:38:14+00:00\" \/>\n<meta property=\"og:image\" content=\"https:\/\/nexocreate.com\/wp-content\/uploads\/2024\/02\/logo.png\" \/>\n\t<meta property=\"og:image:width\" content=\"1080\" \/>\n\t<meta property=\"og:image:height\" content=\"1080\" \/>\n\t<meta property=\"og:image:type\" content=\"image\/png\" \/>\n<meta name=\"twitter:card\" content=\"summary_large_image\" \/>\n<script type=\"application\/ld+json\" class=\"yoast-schema-graph\">{\"@context\":\"https:\\\/\\\/schema.org\",\"@graph\":[{\"@type\":\"WebPage\",\"@id\":\"https:\\\/\\\/nexocreate.com\\\/cases-list\\\/\",\"url\":\"https:\\\/\\\/nexocreate.com\\\/cases-list\\\/\",\"name\":\"Cases list - NexoCreate\",\"isPartOf\":{\"@id\":\"https:\\\/\\\/nexocreate.com\\\/#website\"},\"datePublished\":\"2019-12-09T11:41:49+00:00\",\"dateModified\":\"2023-10-26T21:38:14+00:00\",\"breadcrumb\":{\"@id\":\"https:\\\/\\\/nexocreate.com\\\/cases-list\\\/#breadcrumb\"},\"inLanguage\":\"en-US\",\"potentialAction\":[{\"@type\":\"ReadAction\",\"target\":[\"https:\\\/\\\/nexocreate.com\\\/cases-list\\\/\"]}]},{\"@type\":\"BreadcrumbList\",\"@id\":\"https:\\\/\\\/nexocreate.com\\\/cases-list\\\/#breadcrumb\",\"itemListElement\":[{\"@type\":\"ListItem\",\"position\":1,\"name\":\"Portada\",\"item\":\"https:\\\/\\\/nexocreate.com\\\/\"},{\"@type\":\"ListItem\",\"position\":2,\"name\":\"Cases list\"}]},{\"@type\":\"WebSite\",\"@id\":\"https:\\\/\\\/nexocreate.com\\\/#website\",\"url\":\"https:\\\/\\\/nexocreate.com\\\/\",\"name\":\"NexoCreate\",\"description\":\"Aprende, emprende y comprende el sistema Americano con nosotros, para poder acelerar tu crecimiento\",\"publisher\":{\"@id\":\"https:\\\/\\\/nexocreate.com\\\/#organization\"},\"potentialAction\":[{\"@type\":\"SearchAction\",\"target\":{\"@type\":\"EntryPoint\",\"urlTemplate\":\"https:\\\/\\\/nexocreate.com\\\/?s={search_term_string}\"},\"query-input\":{\"@type\":\"PropertyValueSpecification\",\"valueRequired\":true,\"valueName\":\"search_term_string\"}}],\"inLanguage\":\"en-US\"},{\"@type\":\"Organization\",\"@id\":\"https:\\\/\\\/nexocreate.com\\\/#organization\",\"name\":\"NexoCreate LLC\",\"url\":\"https:\\\/\\\/nexocreate.com\\\/\",\"logo\":{\"@type\":\"ImageObject\",\"inLanguage\":\"en-US\",\"@id\":\"https:\\\/\\\/nexocreate.com\\\/#\\\/schema\\\/logo\\\/image\\\/\",\"url\":\"https:\\\/\\\/nexocreate.com\\\/wp-content\\\/uploads\\\/2024\\\/02\\\/Avatar-NexoCreate.png\",\"contentUrl\":\"https:\\\/\\\/nexocreate.com\\\/wp-content\\\/uploads\\\/2024\\\/02\\\/Avatar-NexoCreate.png\",\"width\":800,\"height\":800,\"caption\":\"NexoCreate LLC\"},\"image\":{\"@id\":\"https:\\\/\\\/nexocreate.com\\\/#\\\/schema\\\/logo\\\/image\\\/\"},\"sameAs\":[\"https:\\\/\\\/www.facebook.com\\\/profile.php?id=100095753013136\"]}]}<\/script>\n<!-- \/ Yoast SEO plugin. -->","yoast_head_json":{"title":"Cases list - NexoCreate","robots":{"index":"index","follow":"follow","max-snippet":"max-snippet:-1","max-image-preview":"max-image-preview:large","max-video-preview":"max-video-preview:-1"},"canonical":"https:\/\/nexocreate.com\/en\/cases-list\/","og_locale":"en_US","og_type":"article","og_title":"Cases list - NexoCreate","og_url":"https:\/\/nexocreate.com\/en\/cases-list\/","og_site_name":"NexoCreate","article_publisher":"https:\/\/www.facebook.com\/profile.php?id=100095753013136","article_modified_time":"2023-10-26T21:38:14+00:00","og_image":[{"width":1080,"height":1080,"url":"https:\/\/nexocreate.com\/wp-content\/uploads\/2024\/02\/logo.png","type":"image\/png"}],"twitter_card":"summary_large_image","schema":{"@context":"https:\/\/schema.org","@graph":[{"@type":"WebPage","@id":"https:\/\/nexocreate.com\/cases-list\/","url":"https:\/\/nexocreate.com\/cases-list\/","name":"Cases list - NexoCreate","isPartOf":{"@id":"https:\/\/nexocreate.com\/#website"},"datePublished":"2019-12-09T11:41:49+00:00","dateModified":"2023-10-26T21:38:14+00:00","breadcrumb":{"@id":"https:\/\/nexocreate.com\/cases-list\/#breadcrumb"},"inLanguage":"en-US","potentialAction":[{"@type":"ReadAction","target":["https:\/\/nexocreate.com\/cases-list\/"]}]},{"@type":"BreadcrumbList","@id":"https:\/\/nexocreate.com\/cases-list\/#breadcrumb","itemListElement":[{"@type":"ListItem","position":1,"name":"Portada","item":"https:\/\/nexocreate.com\/"},{"@type":"ListItem","position":2,"name":"Cases list"}]},{"@type":"WebSite","@id":"https:\/\/nexocreate.com\/#website","url":"https:\/\/nexocreate.com\/","name":"NexoCreate","description":"Aprende, emprende y comprende el sistema Americano con nosotros, para poder acelerar tu crecimiento","publisher":{"@id":"https:\/\/nexocreate.com\/#organization"},"potentialAction":[{"@type":"SearchAction","target":{"@type":"EntryPoint","urlTemplate":"https:\/\/nexocreate.com\/?s={search_term_string}"},"query-input":{"@type":"PropertyValueSpecification","valueRequired":true,"valueName":"search_term_string"}}],"inLanguage":"en-US"},{"@type":"Organization","@id":"https:\/\/nexocreate.com\/#organization","name":"NexoCreate LLC","url":"https:\/\/nexocreate.com\/","logo":{"@type":"ImageObject","inLanguage":"en-US","@id":"https:\/\/nexocreate.com\/#\/schema\/logo\/image\/","url":"https:\/\/nexocreate.com\/wp-content\/uploads\/2024\/02\/Avatar-NexoCreate.png","contentUrl":"https:\/\/nexocreate.com\/wp-content\/uploads\/2024\/02\/Avatar-NexoCreate.png","width":800,"height":800,"caption":"NexoCreate LLC"},"image":{"@id":"https:\/\/nexocreate.com\/#\/schema\/logo\/image\/"},"sameAs":["https:\/\/www.facebook.com\/profile.php?id=100095753013136"]}]}},"_links":{"self":[{"href":"https:\/\/nexocreate.com\/en\/wp-json\/wp\/v2\/pages\/6318","targetHints":{"allow":["GET"]}}],"collection":[{"href":"https:\/\/nexocreate.com\/en\/wp-json\/wp\/v2\/pages"}],"about":[{"href":"https:\/\/nexocreate.com\/en\/wp-json\/wp\/v2\/types\/page"}],"author":[{"embeddable":true,"href":"https:\/\/nexocreate.com\/en\/wp-json\/wp\/v2\/users\/1"}],"replies":[{"embeddable":true,"href":"https:\/\/nexocreate.com\/en\/wp-json\/wp\/v2\/comments?post=6318"}],"version-history":[{"count":1,"href":"https:\/\/nexocreate.com\/en\/wp-json\/wp\/v2\/pages\/6318\/revisions"}],"predecessor-version":[{"id":7150,"href":"https:\/\/nexocreate.com\/en\/wp-json\/wp\/v2\/pages\/6318\/revisions\/7150"}],"wp:attachment":[{"href":"https:\/\/nexocreate.com\/en\/wp-json\/wp\/v2\/media?parent=6318"}],"curies":[{"name":"wp","href":"https:\/\/api.w.org\/{rel}","templated":true}]}}