{"id":6297,"date":"2019-11-27T12:49:48","date_gmt":"2019-11-27T12:49:48","guid":{"rendered":"http:\/\/consulting.stylemixthemes.com\/demo\/?page_id=6297"},"modified":"2023-10-26T21:38:14","modified_gmt":"2023-10-26T21:38:14","slug":"news-grid","status":"publish","type":"page","link":"https:\/\/nexocreate.com\/en\/news-grid\/","title":{"rendered":"News grid"},"content":{"rendered":"<div data-elementor-type=\"wp-page\" data-elementor-id=\"6297\" class=\"elementor elementor-6297 elementor-bc-flex-widget\">\n\t\t\t\t\t\t<section class=\"elementor-section elementor-top-section elementor-element elementor-element-64f32b3 elementor-section-boxed elementor-section-height-default elementor-section-height-default\" data-id=\"64f32b3\" data-element_type=\"section\" data-e-type=\"section\">\n\t\t\t\t\t\t<div class=\"elementor-container elementor-column-gap-default\">\n\t\t\t\t\t<div class=\"elementor-column elementor-col-100 elementor-top-column elementor-element elementor-element-64f3639\" data-id=\"64f3639\" data-element_type=\"column\" data-e-type=\"column\">\n\t\t\t<div class=\"elementor-widget-wrap elementor-element-populated\">\n\t\t\t\t\t\t<div class=\"elementor-element elementor-element-64f390b elementor-widget elementor-widget-stm_news\" data-id=\"64f390b\" data-element_type=\"widget\" data-e-type=\"widget\" data-widget_type=\"stm_news.default\">\n\t\t\t\t<div class=\"elementor-widget-container\">\n\t\t\t\t\t\n\n    <div class=\"stm_news  consulting_elementor_posts\">\n        <ul class=\"news_list posts_per_row_ news-masonry\">\n\n            \n                                                                    <li class=\"view_style_4 news_item\">\n                        <div class=\"post_item\">\n                            <a href=\"https:\/\/nexocreate.com\/en\/invertir-sin-friccion-2026-acorns-duenos-llc\/\" class=\"image\">\n                                <div class=\"post_date third_bg_color base_font_color\">\n                                    February 5, 2026                                <\/div>\n                                <img src='https:\/\/nexocreate.com\/wp-content\/uploads\/elementor\/thumbs\/Gemini_Generated_Image_r9vdm8r9vdm8r9vd-ripw5d42qad94k6d0e6kzlc0we44l07ub0zpkblakk.png' alt='Pantalla de smartphone mostrando la aplicaci\u00f3n Acorns con opciones de inversi\u00f3n autom\u00e1tica y \"round-ups\".' \/>                                <h5>\ud83c\udf31 Acorns y la Inversi\u00f3n Invisible: C\u00f3mo los due\u00f1os de LLC est\u00e1n construyendo patrimonio en 2026 \ud83d\udcb0\ud83d\udcc8<\/h5>\n                            <\/a>\n                        <\/div>\n                    <\/li>\n                                \n            \n                                                                    <li class=\"view_style_4 news_item\">\n                        <div class=\"post_item\">\n                            <a href=\"https:\/\/nexocreate.com\/en\/feliz-ano-2026-llc-estados-unidos\/\" class=\"image\">\n                                <div class=\"post_date third_bg_color base_font_color\">\n                                    January 5, 2026                                <\/div>\n                                <img src='https:\/\/nexocreate.com\/wp-content\/uploads\/elementor\/thumbs\/Gemini_Generated_Image_10pybz10pybz10py-rh815gn2e4427frri60n4c4uenovwxov782evfx39a.png' alt='' \/>                                <h5>\ud83c\udf89 Feliz 2026: pon tu LLC al d\u00eda y comienza el a\u00f1o con bases firmes<\/h5>\n                            <\/a>\n                        <\/div>\n                    <\/li>\n                                \n            \n                                                                    <li class=\"view_style_4 news_item\">\n                        <div class=\"post_item\">\n                            <a href=\"https:\/\/nexocreate.com\/en\/temporada-impuestos-estados-unidos-2025-2026\/\" class=\"image\">\n                                <div class=\"post_date third_bg_color base_font_color\">\n                                    December 12, 2025                                <\/div>\n                                <img src='https:\/\/nexocreate.com\/wp-content\/uploads\/elementor\/thumbs\/Gemini_Generated_Image_a8oyqla8oyqla8oy-1-rg1vecid339jbpboctil3ss8nasjsptikj5h361oni.png' alt='' \/>                                <h5>\ud83d\udee1\ufe0f\ud83e\uddfe Temporada de Impuestos 2025\u20132026 en EE. UU.<\/h5>\n                            <\/a>\n                        <\/div>\n                    <\/li>\n                                \n            \n                                                                    <li class=\"view_style_4 news_item\">\n                        <div class=\"post_item\">\n                            <a href=\"https:\/\/nexocreate.com\/en\/guia-congelar-credito-lexisnexis-security-freeze\/\" class=\"image\">\n                                <div class=\"post_date third_bg_color base_font_color\">\n                                    November 18, 2025                                <\/div>\n                                <img src='https:\/\/nexocreate.com\/wp-content\/uploads\/elementor\/thumbs\/Gemini_Generated_Image_tljv3ttljv3ttljv-1-re16sc20lta58agy23tk1e7nmdx2orhiyenuq6tpdw.png' alt='\u201cTus datos, tus reglas: activa y vigila D-U-N-S, Experian y Equifax para blindar tu cr\u00e9dito comercial y escalar con confianza.\u201d' \/>                                <h5>\ud83d\udee1\ufe0f Gu\u00eda Definitiva 2025: C\u00f3mo Blindar tu Identidad y Cr\u00e9dito en EE. UU. (Security Freeze)<\/h5>\n                            <\/a>\n                        <\/div>\n                    <\/li>\n                                \n            \n                                                                    <li class=\"view_style_4 news_item\">\n                        <div class=\"post_item\">\n                            <a href=\"https:\/\/nexocreate.com\/en\/tutorial-1-2-los-guardianes-de-tu-credito-comercial-como-registrar-y-optimizar-d-u-n-s-db-experian-business-y-equifax-business-%e2%9a%94%ef%b8%8f%f0%9f%93%8a\/\" class=\"image\">\n                                <div class=\"post_date third_bg_color base_font_color\">\n                                    October 31, 2025                                <\/div>\n                                <img src='https:\/\/nexocreate.com\/wp-content\/uploads\/elementor\/thumbs\/Gemini_Generated_Image_l191cvl191cvl191-rg1wbk52kcq9jp2yf6c17f2k9f3frpo34wz3j4swsu.png' alt='' \/>                                <h5>Los \u201cguardianes\u201d de tu cr\u00e9dito comercial: \u00bfc\u00f3mo registrar y optimizar D-U-N-S (D&amp;B), Experian Business y Equifax Business? \u2694\ufe0f\ud83d\udcca<\/h5>\n                            <\/a>\n                        <\/div>\n                    <\/li>\n                                \n            \n                                                                    <li class=\"view_style_4 news_item\">\n                        <div class=\"post_item\">\n                            <a href=\"https:\/\/nexocreate.com\/en\/itin-number-en-estados-unidos-2025\/\" class=\"image\">\n                                <div class=\"post_date third_bg_color base_font_color\">\n                                    October 24, 2025                                <\/div>\n                                <img src='https:\/\/nexocreate.com\/wp-content\/uploads\/elementor\/thumbs\/Gemini_Generated_Image_qxzrsqxzrsqxzrsq-1-rdor5k5ucje6qnm1raspxvi104md6f2mr3zqehqyf2.png' alt='Persona completando formulario W-7 para solicitar su ITIN Number en Estados Unidos con documentos fiscales.' \/>                                <h5>\ud83e\uddfe ITIN Number en EE. UU. 2025-2026 : Gu\u00eda completa para entenderlo, solicitarlo y aprovechar sus beneficios.<\/h5>\n                            <\/a>\n                        <\/div>\n                    <\/li>\n                                \n            \n                                                                    <li class=\"view_style_4 news_item\">\n                        <div class=\"post_item\">\n                            <a href=\"https:\/\/nexocreate.com\/en\/credito-herramienta-beneficios-riesgos\/\" class=\"image\">\n                                <div class=\"post_date third_bg_color base_font_color\">\n                                    October 17, 2025                                <\/div>\n                                <img src='https:\/\/nexocreate.com\/wp-content\/uploads\/elementor\/thumbs\/Tipos-de-Credito_-Tarjetas-Prestamos-Hipotecas-2-rdci8dqapa6nqwra8mxvwxyp10gwzsj1cqjnv9okp0.jpeg' alt='Tarjetas de cr\u00e9dito apiladas, contrato abierto con bol\u00edgrafo y llavero de casa con llave, ilustrando tipos de cr\u00e9dito: tarjetas, pr\u00e9stamos e hipotecas (APR\/TAE, financiamiento).' \/>                                <h5>El Cr\u00e9dito, tu herramienta \ud83d\udee0\ufe0f: beneficios, riesgos y reglas\ud83d\udcca<\/h5>\n                            <\/a>\n                        <\/div>\n                    <\/li>\n                                \n            \n                                                                    <li class=\"view_style_4 news_item\">\n                        <div class=\"post_item\">\n                            <a href=\"https:\/\/nexocreate.com\/en\/guia-profesional-quickbooks-online-2025\/\" class=\"image\">\n                                <div class=\"post_date third_bg_color base_font_color\">\n                                    October 3, 2025                                <\/div>\n                                <img src='https:\/\/nexocreate.com\/wp-content\/uploads\/elementor\/thumbs\/ChatGPT-Image-3-oct-2025-09_38_29-a.m-rcnzhb3fjd1912cv8k94aq6794d5c5kae6gdqudv66.png' alt='' \/>                                <h5>Gu\u00eda profesional de QuickBooks Online 2025 \ud83d\udcbc\ud83d\udcca<\/h5>\n                            <\/a>\n                        <\/div>\n                    <\/li>\n                                \n            \n                                                                    <li class=\"view_style_4 news_item\">\n                        <div class=\"post_item\">\n                            <a href=\"https:\/\/nexocreate.com\/en\/ley-genius-stablecoins-blockchain-futuro\/\" class=\"image\">\n                                <div class=\"post_date third_bg_color base_font_color\">\n                                    September 26, 2025                                <\/div>\n                                <img src='https:\/\/nexocreate.com\/wp-content\/uploads\/elementor\/thumbs\/ChatGPT-Image-26-sept-2025-09_36_38-a.m-rcbscvrmp8idp5scjkmgxgexxs81zrky1x3rptj0e6.png' alt='' \/>                                <h5>\ud83d\ude80 Stablecoins y Blockchain: Desbloqueando el Poder de la Ley GENIUS.<\/h5>\n                            <\/a>\n                        <\/div>\n                    <\/li>\n                                \n            \n                                                                    <li class=\"view_style_4 news_item\">\n                        <div class=\"post_item\">\n                            <a href=\"https:\/\/nexocreate.com\/en\/%f0%9f%8c%b1%f0%9f%92%b0-finanzas-sostenibles-y-verdes-invertir-con-impacto-positivo-en-el-futuro-%f0%9f%8c%8d%e2%9c%a8\/\" class=\"image\">\n                                <div class=\"post_date third_bg_color base_font_color\">\n                                    September 19, 2025                                <\/div>\n                                <img src='https:\/\/nexocreate.com\/wp-content\/uploads\/elementor\/thumbs\/ChatGPT-Image-19-sept-2025-09_51_08-a.m-rbzmjz63dkztgnulffveq6xobiox7mr5f8vksezrgk.png' alt='' \/>                                <h5>\ud83c\udf31\ud83d\udcb0 Finanzas Sostenibles y Verdes: Invertir con Impacto Positivo en el Futuro \ud83c\udf0d\u2728<\/h5>\n                            <\/a>\n                        <\/div>\n                    <\/li>\n                                \n                    <\/ul>\n    <\/div>\n\n<script type=\"text\/javascript\">\n    jQuery(document).ready(function ($) {\n        var $container = $(\".stm_news .news_list.news-masonry\");\n        var originLeft = true;\n        if ($(\"body\").hasClass(\"rtl\")) {\n            originLeft = false;\n        }\n        $container.isotope({\n            layoutMode: \"packery\",\n            itemSelector: \".news_item.view_style_4\",\n            transitionDuration: \"0.7s\",\n            gutter: 10,\n            isOriginLeft: originLeft,\n        });\n        $container.imagesLoaded().progress(function () {\n            $container.isotope(\"layout\");\n        });\n        $container.isotope(\"layout\");\n\n    });\n<\/script>\n\t\t\t\t<\/div>\n\t\t\t\t<\/div>\n\t\t\t\t\t<\/div>\n\t\t<\/div>\n\t\t\t\t\t<\/div>\n\t\t<\/section>\n\t\t\t\t<\/div>","protected":false},"excerpt":{"rendered":"<p>[vc_row][vc_column][stm_news loop=\u00bbsize:10|post_type:post\u00bb view_style=\u00bbstyle_4&#8243;][\/vc_column][\/vc_row]<\/p>\n","protected":false},"author":1,"featured_media":0,"parent":0,"menu_order":0,"comment_status":"closed","ping_status":"closed","template":"","meta":{"footnotes":""},"class_list":["post-6297","page","type-page","status-publish","hentry"],"yoast_head":"<!-- This site is optimized with the Yoast SEO plugin v27.5 - https:\/\/yoast.com\/product\/yoast-seo-wordpress\/ -->\n<title>News grid - NexoCreate<\/title>\n<meta name=\"robots\" content=\"index, follow, max-snippet:-1, max-image-preview:large, max-video-preview:-1\" \/>\n<link rel=\"canonical\" href=\"https:\/\/nexocreate.com\/en\/news-grid\/\" \/>\n<meta property=\"og:locale\" content=\"en_US\" \/>\n<meta property=\"og:type\" content=\"article\" \/>\n<meta property=\"og:title\" content=\"News grid - NexoCreate\" \/>\n<meta property=\"og:url\" content=\"https:\/\/nexocreate.com\/en\/news-grid\/\" \/>\n<meta property=\"og:site_name\" content=\"NexoCreate\" \/>\n<meta property=\"article:publisher\" content=\"https:\/\/www.facebook.com\/profile.php?id=100095753013136\" \/>\n<meta property=\"article:modified_time\" content=\"2023-10-26T21:38:14+00:00\" \/>\n<meta property=\"og:image\" content=\"https:\/\/nexocreate.com\/wp-content\/uploads\/2024\/02\/logo.png\" \/>\n\t<meta property=\"og:image:width\" content=\"1080\" \/>\n\t<meta property=\"og:image:height\" content=\"1080\" \/>\n\t<meta property=\"og:image:type\" content=\"image\/png\" \/>\n<meta name=\"twitter:card\" content=\"summary_large_image\" \/>\n<script type=\"application\/ld+json\" class=\"yoast-schema-graph\">{\"@context\":\"https:\\\/\\\/schema.org\",\"@graph\":[{\"@type\":\"WebPage\",\"@id\":\"https:\\\/\\\/nexocreate.com\\\/news-grid\\\/\",\"url\":\"https:\\\/\\\/nexocreate.com\\\/news-grid\\\/\",\"name\":\"News grid - NexoCreate\",\"isPartOf\":{\"@id\":\"https:\\\/\\\/nexocreate.com\\\/#website\"},\"datePublished\":\"2019-11-27T12:49:48+00:00\",\"dateModified\":\"2023-10-26T21:38:14+00:00\",\"breadcrumb\":{\"@id\":\"https:\\\/\\\/nexocreate.com\\\/news-grid\\\/#breadcrumb\"},\"inLanguage\":\"en-US\",\"potentialAction\":[{\"@type\":\"ReadAction\",\"target\":[\"https:\\\/\\\/nexocreate.com\\\/news-grid\\\/\"]}]},{\"@type\":\"BreadcrumbList\",\"@id\":\"https:\\\/\\\/nexocreate.com\\\/news-grid\\\/#breadcrumb\",\"itemListElement\":[{\"@type\":\"ListItem\",\"position\":1,\"name\":\"Portada\",\"item\":\"https:\\\/\\\/nexocreate.com\\\/\"},{\"@type\":\"ListItem\",\"position\":2,\"name\":\"News grid\"}]},{\"@type\":\"WebSite\",\"@id\":\"https:\\\/\\\/nexocreate.com\\\/#website\",\"url\":\"https:\\\/\\\/nexocreate.com\\\/\",\"name\":\"NexoCreate\",\"description\":\"Aprende, emprende y comprende el sistema Americano con nosotros, para poder acelerar tu crecimiento\",\"publisher\":{\"@id\":\"https:\\\/\\\/nexocreate.com\\\/#organization\"},\"potentialAction\":[{\"@type\":\"SearchAction\",\"target\":{\"@type\":\"EntryPoint\",\"urlTemplate\":\"https:\\\/\\\/nexocreate.com\\\/?s={search_term_string}\"},\"query-input\":{\"@type\":\"PropertyValueSpecification\",\"valueRequired\":true,\"valueName\":\"search_term_string\"}}],\"inLanguage\":\"en-US\"},{\"@type\":\"Organization\",\"@id\":\"https:\\\/\\\/nexocreate.com\\\/#organization\",\"name\":\"NexoCreate LLC\",\"url\":\"https:\\\/\\\/nexocreate.com\\\/\",\"logo\":{\"@type\":\"ImageObject\",\"inLanguage\":\"en-US\",\"@id\":\"https:\\\/\\\/nexocreate.com\\\/#\\\/schema\\\/logo\\\/image\\\/\",\"url\":\"https:\\\/\\\/nexocreate.com\\\/wp-content\\\/uploads\\\/2024\\\/02\\\/Avatar-NexoCreate.png\",\"contentUrl\":\"https:\\\/\\\/nexocreate.com\\\/wp-content\\\/uploads\\\/2024\\\/02\\\/Avatar-NexoCreate.png\",\"width\":800,\"height\":800,\"caption\":\"NexoCreate LLC\"},\"image\":{\"@id\":\"https:\\\/\\\/nexocreate.com\\\/#\\\/schema\\\/logo\\\/image\\\/\"},\"sameAs\":[\"https:\\\/\\\/www.facebook.com\\\/profile.php?id=100095753013136\"]}]}<\/script>\n<!-- \/ Yoast SEO plugin. -->","yoast_head_json":{"title":"News grid - NexoCreate","robots":{"index":"index","follow":"follow","max-snippet":"max-snippet:-1","max-image-preview":"max-image-preview:large","max-video-preview":"max-video-preview:-1"},"canonical":"https:\/\/nexocreate.com\/en\/news-grid\/","og_locale":"en_US","og_type":"article","og_title":"News grid - NexoCreate","og_url":"https:\/\/nexocreate.com\/en\/news-grid\/","og_site_name":"NexoCreate","article_publisher":"https:\/\/www.facebook.com\/profile.php?id=100095753013136","article_modified_time":"2023-10-26T21:38:14+00:00","og_image":[{"width":1080,"height":1080,"url":"https:\/\/nexocreate.com\/wp-content\/uploads\/2024\/02\/logo.png","type":"image\/png"}],"twitter_card":"summary_large_image","schema":{"@context":"https:\/\/schema.org","@graph":[{"@type":"WebPage","@id":"https:\/\/nexocreate.com\/news-grid\/","url":"https:\/\/nexocreate.com\/news-grid\/","name":"News grid - NexoCreate","isPartOf":{"@id":"https:\/\/nexocreate.com\/#website"},"datePublished":"2019-11-27T12:49:48+00:00","dateModified":"2023-10-26T21:38:14+00:00","breadcrumb":{"@id":"https:\/\/nexocreate.com\/news-grid\/#breadcrumb"},"inLanguage":"en-US","potentialAction":[{"@type":"ReadAction","target":["https:\/\/nexocreate.com\/news-grid\/"]}]},{"@type":"BreadcrumbList","@id":"https:\/\/nexocreate.com\/news-grid\/#breadcrumb","itemListElement":[{"@type":"ListItem","position":1,"name":"Portada","item":"https:\/\/nexocreate.com\/"},{"@type":"ListItem","position":2,"name":"News grid"}]},{"@type":"WebSite","@id":"https:\/\/nexocreate.com\/#website","url":"https:\/\/nexocreate.com\/","name":"NexoCreate","description":"Aprende, emprende y comprende el sistema Americano con nosotros, para poder acelerar tu crecimiento","publisher":{"@id":"https:\/\/nexocreate.com\/#organization"},"potentialAction":[{"@type":"SearchAction","target":{"@type":"EntryPoint","urlTemplate":"https:\/\/nexocreate.com\/?s={search_term_string}"},"query-input":{"@type":"PropertyValueSpecification","valueRequired":true,"valueName":"search_term_string"}}],"inLanguage":"en-US"},{"@type":"Organization","@id":"https:\/\/nexocreate.com\/#organization","name":"NexoCreate LLC","url":"https:\/\/nexocreate.com\/","logo":{"@type":"ImageObject","inLanguage":"en-US","@id":"https:\/\/nexocreate.com\/#\/schema\/logo\/image\/","url":"https:\/\/nexocreate.com\/wp-content\/uploads\/2024\/02\/Avatar-NexoCreate.png","contentUrl":"https:\/\/nexocreate.com\/wp-content\/uploads\/2024\/02\/Avatar-NexoCreate.png","width":800,"height":800,"caption":"NexoCreate LLC"},"image":{"@id":"https:\/\/nexocreate.com\/#\/schema\/logo\/image\/"},"sameAs":["https:\/\/www.facebook.com\/profile.php?id=100095753013136"]}]}},"_links":{"self":[{"href":"https:\/\/nexocreate.com\/en\/wp-json\/wp\/v2\/pages\/6297","targetHints":{"allow":["GET"]}}],"collection":[{"href":"https:\/\/nexocreate.com\/en\/wp-json\/wp\/v2\/pages"}],"about":[{"href":"https:\/\/nexocreate.com\/en\/wp-json\/wp\/v2\/types\/page"}],"author":[{"embeddable":true,"href":"https:\/\/nexocreate.com\/en\/wp-json\/wp\/v2\/users\/1"}],"replies":[{"embeddable":true,"href":"https:\/\/nexocreate.com\/en\/wp-json\/wp\/v2\/comments?post=6297"}],"version-history":[{"count":1,"href":"https:\/\/nexocreate.com\/en\/wp-json\/wp\/v2\/pages\/6297\/revisions"}],"predecessor-version":[{"id":7152,"href":"https:\/\/nexocreate.com\/en\/wp-json\/wp\/v2\/pages\/6297\/revisions\/7152"}],"wp:attachment":[{"href":"https:\/\/nexocreate.com\/en\/wp-json\/wp\/v2\/media?parent=6297"}],"curies":[{"name":"wp","href":"https:\/\/api.w.org\/{rel}","templated":true}]}}