{"id":6266,"date":"2019-11-26T09:25:26","date_gmt":"2019-11-26T09:25:26","guid":{"rendered":"http:\/\/consulting.stylemixthemes.com\/demo\/?page_id=6266"},"modified":"2023-10-26T21:38:14","modified_gmt":"2023-10-26T21:38:14","slug":"services-grid-3","status":"publish","type":"page","link":"https:\/\/nexocreate.com\/en\/services-grid-3\/","title":{"rendered":"Services Grid 3"},"content":{"rendered":"<div data-elementor-type=\"wp-page\" data-elementor-id=\"6266\" class=\"elementor elementor-6266 elementor-bc-flex-widget\">\n\t\t\t\t\t\t<section class=\"elementor-section elementor-top-section elementor-element elementor-element-6b4df8d elementor-section-boxed elementor-section-height-default elementor-section-height-default\" data-id=\"6b4df8d\" data-element_type=\"section\" data-e-type=\"section\">\n\t\t\t\t\t\t<div class=\"elementor-container elementor-column-gap-default\">\n\t\t\t\t\t<div class=\"elementor-column elementor-col-100 elementor-top-column elementor-element elementor-element-6b4e438\" data-id=\"6b4e438\" data-element_type=\"column\" data-e-type=\"column\">\n\t\t\t<div class=\"elementor-widget-wrap elementor-element-populated\">\n\t\t\t\t\t\t<div class=\"elementor-element elementor-element-6b4e7e5 elementor-widget elementor-widget-stm_services\" data-id=\"6b4e7e5\" data-element_type=\"widget\" data-e-type=\"widget\" data-widget_type=\"stm_services.default\">\n\t\t\t\t<div class=\"elementor-widget-container\">\n\t\t\t\t\t\n    <div class=\"stm_services consulting_elementor_services style_6 cols_3\">\n                                <div class=\"item\">\n                <div class=\"item_wr\">\n                                                            <div class=\"content\" >\n                                                                            <h5>\n                                <a href=\"https:\/\/nexocreate.com\/en\/?p=10232\"\n                                                                       class=\"text_decoration_none secondary_font_color_hv\">Inmigraci\u00f3n<\/a>\n                            <\/h5>\n                                                                            <p>Bienvenido tu aliado de confianza en el camino hacia una nueva vida en Estados Unidos. Entendemos que el proceso migratorio puede ser complejo y abrumador, y estamos aqu\u00ed para ofrecerte una gu\u00eda experta y un apoyo incondicional en cada paso del camino. Nuestro compromiso es ayudarte a alcanzar tus sue\u00f1os y proteger tus derechos con<\/p>\n                                                                            <a class=\"read_more\"\n                               href=\"https:\/\/nexocreate.com\/en\/?p=10232\" >\n                                <span>read more<\/span>\n                                <i class=\"fa fa-chevron-right stm_icon\"><\/i>\n                            <\/a>\n                                            <\/div>\n                <\/div>\n            <\/div>\n                                <div class=\"item\">\n                <div class=\"item_wr\">\n                                            \n                        <div class=\"item_thumbnail\">\n                            <a href=\"https:\/\/nexocreate.com\/en\/?p=8694\">\n                                <img src='https:\/\/nexocreate.com\/wp-content\/uploads\/elementor\/thumbs\/Commercial-credit-r834wuo6sjv3wdzl8pps8qp7kgw4v3qtllxw670z60.png' alt='' \/>                            <\/a>\n                                                    <\/div>\n                                                            <div class=\"content\" >\n                                                                            <h5>\n                                <a href=\"https:\/\/nexocreate.com\/en\/?p=8694\"\n                                                                       class=\"text_decoration_none secondary_font_color_hv\">Credito<\/a>\n                            <\/h5>\n                                                                            <p>A las empresas no les gusta el t\u00e9rmino \u201cconsultor\u00eda de recuperaci\u00f3n\u201d porque representa un fracaso. La verdad es que la consultor\u00eda de recuperaci\u00f3n representa el \u00e9xito.<\/p>\n                                                                            <a class=\"read_more\"\n                               href=\"https:\/\/nexocreate.com\/en\/?p=8694\" >\n                                <span>read more<\/span>\n                                <i class=\"fa fa-chevron-right stm_icon\"><\/i>\n                            <\/a>\n                                            <\/div>\n                <\/div>\n            <\/div>\n                                <div class=\"item\">\n                <div class=\"item_wr\">\n                                            \n                        <div class=\"item_thumbnail\">\n                            <a href=\"https:\/\/nexocreate.com\/en\/?p=8686\">\n                                <img src='https:\/\/nexocreate.com\/wp-content\/uploads\/elementor\/thumbs\/Tax-Day-III-r834zxl5702xydih91nreyplnxpg3dz5cux6sugirs.jpg' alt='' \/>                            <\/a>\n                                                    <\/div>\n                                                            <div class=\"content\" >\n                                                                            <h5>\n                                <a href=\"https:\/\/nexocreate.com\/en\/?p=8686\"\n                                                                       class=\"text_decoration_none secondary_font_color_hv\">Impuestos<\/a>\n                            <\/h5>\n                                                                            <p>A las empresas no les gusta el t\u00e9rmino \u201cconsultor\u00eda de recuperaci\u00f3n\u201d porque representa un fracaso. La verdad es que la consultor\u00eda de recuperaci\u00f3n representa el \u00e9xito.<\/p>\n                                                                            <a class=\"read_more\"\n                               href=\"https:\/\/nexocreate.com\/en\/?p=8686\" >\n                                <span>read more<\/span>\n                                <i class=\"fa fa-chevron-right stm_icon\"><\/i>\n                            <\/a>\n                                            <\/div>\n                <\/div>\n            <\/div>\n                                <div class=\"item\">\n                <div class=\"item_wr\">\n                                            \n                        <div class=\"item_thumbnail\">\n                            <a href=\"https:\/\/nexocreate.com\/en\/?p=571\">\n                                <img src='https:\/\/nexocreate.com\/wp-content\/uploads\/elementor\/thumbs\/Creacion-de-empresa-II-r834xang0qgzdrcdnemfx4o1o0pdhyi9bt15bwda88.png' alt='' \/>                            <\/a>\n                                                    <\/div>\n                                                            <div class=\"content\" >\n                                                                            <h5>\n                                <a href=\"https:\/\/nexocreate.com\/en\/?p=571\"\n                                                                       class=\"text_decoration_none secondary_font_color_hv\">Apertura De Empresa En Estados Unidos<\/a>\n                            <\/h5>\n                                                                            <p>A las empresas no les gusta el t\u00e9rmino \u201cconsultor\u00eda de recuperaci\u00f3n\u201d porque representa un fracaso. La verdad es que la consultor\u00eda de recuperaci\u00f3n representa el \u00e9xito.<\/p>\n                                                                            <a class=\"read_more\"\n                               href=\"https:\/\/nexocreate.com\/en\/?p=571\" >\n                                <span>read more<\/span>\n                                <i class=\"fa fa-chevron-right stm_icon\"><\/i>\n                            <\/a>\n                                            <\/div>\n                <\/div>\n            <\/div>\n            <\/div>\n\t\t\t\t<\/div>\n\t\t\t\t<\/div>\n\t\t\t\t\t<\/div>\n\t\t<\/div>\n\t\t\t\t\t<\/div>\n\t\t<\/section>\n\t\t\t\t<\/div>","protected":false},"excerpt":{"rendered":"<p>[vc_row][vc_column][stm_services posts_per_page=\u00bb12&#8243; posts_per_row=\u00bb3&#8243; img_size=\u00bb360&#215;180&#8243; style=\u00bbstyle_6&#8243;][\/vc_column][\/vc_row]<\/p>\n","protected":false},"author":1,"featured_media":0,"parent":0,"menu_order":0,"comment_status":"closed","ping_status":"closed","template":"","meta":{"footnotes":""},"class_list":["post-6266","page","type-page","status-publish","hentry"],"yoast_head":"<!-- This site is optimized with the Yoast SEO plugin v27.5 - https:\/\/yoast.com\/product\/yoast-seo-wordpress\/ -->\n<title>Services Grid 3 - NexoCreate<\/title>\n<meta name=\"robots\" content=\"index, follow, max-snippet:-1, max-image-preview:large, max-video-preview:-1\" \/>\n<link rel=\"canonical\" href=\"https:\/\/nexocreate.com\/en\/services-grid-3\/\" \/>\n<meta property=\"og:locale\" content=\"en_US\" \/>\n<meta property=\"og:type\" content=\"article\" \/>\n<meta property=\"og:title\" content=\"Services Grid 3 - NexoCreate\" \/>\n<meta property=\"og:url\" content=\"https:\/\/nexocreate.com\/en\/services-grid-3\/\" \/>\n<meta property=\"og:site_name\" content=\"NexoCreate\" \/>\n<meta property=\"article:publisher\" content=\"https:\/\/www.facebook.com\/profile.php?id=100095753013136\" \/>\n<meta property=\"article:modified_time\" content=\"2023-10-26T21:38:14+00:00\" \/>\n<meta property=\"og:image\" content=\"https:\/\/nexocreate.com\/wp-content\/uploads\/2024\/02\/logo.png\" \/>\n\t<meta property=\"og:image:width\" content=\"1080\" \/>\n\t<meta property=\"og:image:height\" content=\"1080\" \/>\n\t<meta property=\"og:image:type\" content=\"image\/png\" \/>\n<meta name=\"twitter:card\" content=\"summary_large_image\" \/>\n<script type=\"application\/ld+json\" class=\"yoast-schema-graph\">{\"@context\":\"https:\\\/\\\/schema.org\",\"@graph\":[{\"@type\":\"WebPage\",\"@id\":\"https:\\\/\\\/nexocreate.com\\\/services-grid-3\\\/\",\"url\":\"https:\\\/\\\/nexocreate.com\\\/services-grid-3\\\/\",\"name\":\"Services Grid 3 - NexoCreate\",\"isPartOf\":{\"@id\":\"https:\\\/\\\/nexocreate.com\\\/#website\"},\"datePublished\":\"2019-11-26T09:25:26+00:00\",\"dateModified\":\"2023-10-26T21:38:14+00:00\",\"breadcrumb\":{\"@id\":\"https:\\\/\\\/nexocreate.com\\\/services-grid-3\\\/#breadcrumb\"},\"inLanguage\":\"en-US\",\"potentialAction\":[{\"@type\":\"ReadAction\",\"target\":[\"https:\\\/\\\/nexocreate.com\\\/services-grid-3\\\/\"]}]},{\"@type\":\"BreadcrumbList\",\"@id\":\"https:\\\/\\\/nexocreate.com\\\/services-grid-3\\\/#breadcrumb\",\"itemListElement\":[{\"@type\":\"ListItem\",\"position\":1,\"name\":\"Portada\",\"item\":\"https:\\\/\\\/nexocreate.com\\\/\"},{\"@type\":\"ListItem\",\"position\":2,\"name\":\"Services Grid 3\"}]},{\"@type\":\"WebSite\",\"@id\":\"https:\\\/\\\/nexocreate.com\\\/#website\",\"url\":\"https:\\\/\\\/nexocreate.com\\\/\",\"name\":\"NexoCreate\",\"description\":\"Aprende, emprende y comprende el sistema Americano con nosotros, para poder acelerar tu crecimiento\",\"publisher\":{\"@id\":\"https:\\\/\\\/nexocreate.com\\\/#organization\"},\"potentialAction\":[{\"@type\":\"SearchAction\",\"target\":{\"@type\":\"EntryPoint\",\"urlTemplate\":\"https:\\\/\\\/nexocreate.com\\\/?s={search_term_string}\"},\"query-input\":{\"@type\":\"PropertyValueSpecification\",\"valueRequired\":true,\"valueName\":\"search_term_string\"}}],\"inLanguage\":\"en-US\"},{\"@type\":\"Organization\",\"@id\":\"https:\\\/\\\/nexocreate.com\\\/#organization\",\"name\":\"NexoCreate LLC\",\"url\":\"https:\\\/\\\/nexocreate.com\\\/\",\"logo\":{\"@type\":\"ImageObject\",\"inLanguage\":\"en-US\",\"@id\":\"https:\\\/\\\/nexocreate.com\\\/#\\\/schema\\\/logo\\\/image\\\/\",\"url\":\"https:\\\/\\\/nexocreate.com\\\/wp-content\\\/uploads\\\/2024\\\/02\\\/Avatar-NexoCreate.png\",\"contentUrl\":\"https:\\\/\\\/nexocreate.com\\\/wp-content\\\/uploads\\\/2024\\\/02\\\/Avatar-NexoCreate.png\",\"width\":800,\"height\":800,\"caption\":\"NexoCreate LLC\"},\"image\":{\"@id\":\"https:\\\/\\\/nexocreate.com\\\/#\\\/schema\\\/logo\\\/image\\\/\"},\"sameAs\":[\"https:\\\/\\\/www.facebook.com\\\/profile.php?id=100095753013136\"]}]}<\/script>\n<!-- \/ Yoast SEO plugin. -->","yoast_head_json":{"title":"Services Grid 3 - NexoCreate","robots":{"index":"index","follow":"follow","max-snippet":"max-snippet:-1","max-image-preview":"max-image-preview:large","max-video-preview":"max-video-preview:-1"},"canonical":"https:\/\/nexocreate.com\/en\/services-grid-3\/","og_locale":"en_US","og_type":"article","og_title":"Services Grid 3 - NexoCreate","og_url":"https:\/\/nexocreate.com\/en\/services-grid-3\/","og_site_name":"NexoCreate","article_publisher":"https:\/\/www.facebook.com\/profile.php?id=100095753013136","article_modified_time":"2023-10-26T21:38:14+00:00","og_image":[{"width":1080,"height":1080,"url":"https:\/\/nexocreate.com\/wp-content\/uploads\/2024\/02\/logo.png","type":"image\/png"}],"twitter_card":"summary_large_image","schema":{"@context":"https:\/\/schema.org","@graph":[{"@type":"WebPage","@id":"https:\/\/nexocreate.com\/services-grid-3\/","url":"https:\/\/nexocreate.com\/services-grid-3\/","name":"Services Grid 3 - NexoCreate","isPartOf":{"@id":"https:\/\/nexocreate.com\/#website"},"datePublished":"2019-11-26T09:25:26+00:00","dateModified":"2023-10-26T21:38:14+00:00","breadcrumb":{"@id":"https:\/\/nexocreate.com\/services-grid-3\/#breadcrumb"},"inLanguage":"en-US","potentialAction":[{"@type":"ReadAction","target":["https:\/\/nexocreate.com\/services-grid-3\/"]}]},{"@type":"BreadcrumbList","@id":"https:\/\/nexocreate.com\/services-grid-3\/#breadcrumb","itemListElement":[{"@type":"ListItem","position":1,"name":"Portada","item":"https:\/\/nexocreate.com\/"},{"@type":"ListItem","position":2,"name":"Services Grid 3"}]},{"@type":"WebSite","@id":"https:\/\/nexocreate.com\/#website","url":"https:\/\/nexocreate.com\/","name":"NexoCreate","description":"Aprende, emprende y comprende el sistema Americano con nosotros, para poder acelerar tu crecimiento","publisher":{"@id":"https:\/\/nexocreate.com\/#organization"},"potentialAction":[{"@type":"SearchAction","target":{"@type":"EntryPoint","urlTemplate":"https:\/\/nexocreate.com\/?s={search_term_string}"},"query-input":{"@type":"PropertyValueSpecification","valueRequired":true,"valueName":"search_term_string"}}],"inLanguage":"en-US"},{"@type":"Organization","@id":"https:\/\/nexocreate.com\/#organization","name":"NexoCreate LLC","url":"https:\/\/nexocreate.com\/","logo":{"@type":"ImageObject","inLanguage":"en-US","@id":"https:\/\/nexocreate.com\/#\/schema\/logo\/image\/","url":"https:\/\/nexocreate.com\/wp-content\/uploads\/2024\/02\/Avatar-NexoCreate.png","contentUrl":"https:\/\/nexocreate.com\/wp-content\/uploads\/2024\/02\/Avatar-NexoCreate.png","width":800,"height":800,"caption":"NexoCreate LLC"},"image":{"@id":"https:\/\/nexocreate.com\/#\/schema\/logo\/image\/"},"sameAs":["https:\/\/www.facebook.com\/profile.php?id=100095753013136"]}]}},"_links":{"self":[{"href":"https:\/\/nexocreate.com\/en\/wp-json\/wp\/v2\/pages\/6266","targetHints":{"allow":["GET"]}}],"collection":[{"href":"https:\/\/nexocreate.com\/en\/wp-json\/wp\/v2\/pages"}],"about":[{"href":"https:\/\/nexocreate.com\/en\/wp-json\/wp\/v2\/types\/page"}],"author":[{"embeddable":true,"href":"https:\/\/nexocreate.com\/en\/wp-json\/wp\/v2\/users\/1"}],"replies":[{"embeddable":true,"href":"https:\/\/nexocreate.com\/en\/wp-json\/wp\/v2\/comments?post=6266"}],"version-history":[{"count":1,"href":"https:\/\/nexocreate.com\/en\/wp-json\/wp\/v2\/pages\/6266\/revisions"}],"predecessor-version":[{"id":7155,"href":"https:\/\/nexocreate.com\/en\/wp-json\/wp\/v2\/pages\/6266\/revisions\/7155"}],"wp:attachment":[{"href":"https:\/\/nexocreate.com\/en\/wp-json\/wp\/v2\/media?parent=6266"}],"curies":[{"name":"wp","href":"https:\/\/api.w.org\/{rel}","templated":true}]}}