{"id":6228,"date":"2019-11-25T09:36:27","date_gmt":"2019-11-25T09:36:27","guid":{"rendered":"http:\/\/consulting.stylemixthemes.com\/demo\/?page_id=6228"},"modified":"2023-10-26T21:38:15","modified_gmt":"2023-10-26T21:38:15","slug":"services-list","status":"publish","type":"page","link":"https:\/\/nexocreate.com\/en\/services-list\/","title":{"rendered":"Services List"},"content":{"rendered":"<div data-elementor-type=\"wp-page\" data-elementor-id=\"6228\" class=\"elementor elementor-6228 elementor-bc-flex-widget\">\n\t\t\t\t\t\t<section class=\"elementor-section elementor-top-section elementor-element elementor-element-6fe2d01 elementor-section-boxed elementor-section-height-default elementor-section-height-default\" data-id=\"6fe2d01\" data-element_type=\"section\" data-e-type=\"section\">\n\t\t\t\t\t\t<div class=\"elementor-container elementor-column-gap-default\">\n\t\t\t\t\t<div class=\"elementor-column elementor-col-66 elementor-top-column elementor-element elementor-element-6fe31ef\" data-id=\"6fe31ef\" data-element_type=\"column\" data-e-type=\"column\">\n\t\t\t<div class=\"elementor-widget-wrap elementor-element-populated\">\n\t\t\t\t\t\t<div class=\"elementor-element elementor-element-6fe3804 elementor-widget elementor-widget-stm_services\" data-id=\"6fe3804\" data-element_type=\"widget\" data-e-type=\"widget\" data-widget_type=\"stm_services.default\">\n\t\t\t\t<div class=\"elementor-widget-container\">\n\t\t\t\t\t\n    <div class=\"stm_services consulting_elementor_services style_5 cols_4\">\n                    <div class=\"item\">\n                <div class=\"item_wr\">\n                                        <div class=\"item_info\">\n                        <a href=\"https:\/\/nexocreate.com\/en\/?p=10232\" class=\"base_font_color text_decoration_none\">\n                            <h5 class=\"secondary_font_color_hv\">Inmigraci\u00f3n<\/h5>\n                        <\/a>\n                        <div class=\"item_description\">\n                            Bienvenido tu aliado de confianza en el camino hacia una nueva vida en Estados Unidos. Entendemos que el proceso migratorio puede ser complejo y abrumador, y estamos aqu\u00ed para ofrecerte una gu\u00eda experta y un apoyo incondicional en cada paso del camino. Nuestro compromiso es ayudarte a alcanzar tus sue\u00f1os y proteger tus derechos con                        <\/div>\n                        <a href=\"https:\/\/nexocreate.com\/en\/?p=10232\" class=\"read_more\"><i class=\"stm-lnr-arrow-right third_bg_color\"><\/i>Read more                        <\/a>\n                    <\/div>\n                <\/div>\n            <\/div>\n                    <div class=\"item\">\n                <div class=\"item_wr\">\n                                                                    <div class=\"item_thumbnail\">\n                            <a href=\"https:\/\/nexocreate.com\/en\/?p=8694\"><img src='https:\/\/nexocreate.com\/wp-content\/uploads\/elementor\/thumbs\/Commercial-credit-r834wuo5kp36pbfpq9ntt23uvlaacnb61yarugf89w.png' alt='' \/><\/a>\n                        <\/div>\n                                        <div class=\"item_info\">\n                        <a href=\"https:\/\/nexocreate.com\/en\/?p=8694\" class=\"base_font_color text_decoration_none\">\n                            <h5 class=\"secondary_font_color_hv\">Credito<\/h5>\n                        <\/a>\n                        <div class=\"item_description\">\n                            A las empresas no les gusta el t\u00e9rmino \u201cconsultor\u00eda de recuperaci\u00f3n\u201d porque representa un fracaso. La verdad es que la consultor\u00eda de recuperaci\u00f3n representa el \u00e9xito.                        <\/div>\n                        <a href=\"https:\/\/nexocreate.com\/en\/?p=8694\" class=\"read_more\"><i class=\"stm-lnr-arrow-right third_bg_color\"><\/i>Read more                        <\/a>\n                    <\/div>\n                <\/div>\n            <\/div>\n                    <div class=\"item\">\n                <div class=\"item_wr\">\n                                                                    <div class=\"item_thumbnail\">\n                            <a href=\"https:\/\/nexocreate.com\/en\/?p=8686\"><img src='https:\/\/nexocreate.com\/wp-content\/uploads\/elementor\/thumbs\/Tax-Day-III-r834zxl3z5b0raylqllsza48z23lkxjht7a2h3urvo.jpg' alt='' \/><\/a>\n                        <\/div>\n                                        <div class=\"item_info\">\n                        <a href=\"https:\/\/nexocreate.com\/en\/?p=8686\" class=\"base_font_color text_decoration_none\">\n                            <h5 class=\"secondary_font_color_hv\">Impuestos<\/h5>\n                        <\/a>\n                        <div class=\"item_description\">\n                            A las empresas no les gusta el t\u00e9rmino \u201cconsultor\u00eda de recuperaci\u00f3n\u201d porque representa un fracaso. La verdad es que la consultor\u00eda de recuperaci\u00f3n representa el \u00e9xito.                        <\/div>\n                        <a href=\"https:\/\/nexocreate.com\/en\/?p=8686\" class=\"read_more\"><i class=\"stm-lnr-arrow-right third_bg_color\"><\/i>Read more                        <\/a>\n                    <\/div>\n                <\/div>\n            <\/div>\n                    <div class=\"item\">\n                <div class=\"item_wr\">\n                                                                    <div class=\"item_thumbnail\">\n                            <a href=\"https:\/\/nexocreate.com\/en\/?p=571\"><img src='https:\/\/nexocreate.com\/wp-content\/uploads\/elementor\/thumbs\/Creacion-de-empresa-II-r834xanesvp26osi4ykhhg2oz53izi2ls5e105rjc4.png' alt='' \/><\/a>\n                        <\/div>\n                                        <div class=\"item_info\">\n                        <a href=\"https:\/\/nexocreate.com\/en\/?p=571\" class=\"base_font_color text_decoration_none\">\n                            <h5 class=\"secondary_font_color_hv\">Apertura De Empresa En Estados Unidos<\/h5>\n                        <\/a>\n                        <div class=\"item_description\">\n                            A las empresas no les gusta el t\u00e9rmino \u201cconsultor\u00eda de recuperaci\u00f3n\u201d porque representa un fracaso. La verdad es que la consultor\u00eda de recuperaci\u00f3n representa el \u00e9xito.                        <\/div>\n                        <a href=\"https:\/\/nexocreate.com\/en\/?p=571\" class=\"read_more\"><i class=\"stm-lnr-arrow-right third_bg_color\"><\/i>Read more                        <\/a>\n                    <\/div>\n                <\/div>\n            <\/div>\n            <\/div>\n\t\t\t\t<\/div>\n\t\t\t\t<\/div>\n\t\t\t\t\t<\/div>\n\t\t<\/div>\n\t\t\t\t<div class=\"elementor-column elementor-col-33 elementor-top-column elementor-element elementor-element-6fe38c6\" data-id=\"6fe38c6\" data-element_type=\"column\" data-e-type=\"column\">\n\t\t\t<div class=\"elementor-widget-wrap elementor-element-populated\">\n\t\t\t\t\t\t<div class=\"elementor-element elementor-element-6fe3de4 elementor-widget elementor-widget-stm_sidebar\" data-id=\"6fe3de4\" data-element_type=\"widget\" data-e-type=\"widget\" data-widget_type=\"stm_sidebar.default\">\n\t\t\t\t<div class=\"elementor-widget-container\">\n\t\t\t\t\t\n<div class=\"stm_sidebar consulting_elementor_sidebar\">\n\n            \t\t<div data-elementor-type=\"wp-post\" data-elementor-id=\"577\" class=\"elementor elementor-577\">\n\t\t\t\t\t\t<section class=\"elementor-section elementor-top-section elementor-element elementor-element-4424383 elementor-section-boxed elementor-section-height-default elementor-section-height-default\" data-id=\"4424383\" data-element_type=\"section\" data-e-type=\"section\">\n\t\t\t\t\t\t<div class=\"elementor-container elementor-column-gap-default\">\n\t\t\t\t\t<div class=\"elementor-column elementor-col-100 elementor-top-column elementor-element elementor-element-4424844\" data-id=\"4424844\" data-element_type=\"column\" data-e-type=\"column\">\n\t\t\t<div class=\"elementor-widget-wrap elementor-element-populated\">\n\t\t\t\t\t\t<div class=\"elementor-element elementor-element-4424cf4 elementor-widget elementor-widget-wp-widget-nav_menu\" data-id=\"4424cf4\" data-element_type=\"widget\" data-e-type=\"widget\" data-widget_type=\"wp-widget-nav_menu.default\">\n\t\t\t\t<div class=\"elementor-widget-container\">\n\t\t\t\t\t<aside class='widget widget_nav_menu'><div class=\"menu-sidebar-menu-1-container\"><ul id=\"menu-sidebar-menu-1\" class=\"menu\"><li id=\"menu-item-7035\" class=\"menu-item menu-item-type-post_type menu-item-object-page menu-item-7035\"><a href=\"https:\/\/nexocreate.com\/en\/company-overview\/\">Descripci\u00f3n General de la Empresa<\/a><\/li>\n<li id=\"menu-item-7034\" class=\"menu-item menu-item-type-post_type menu-item-object-page menu-item-7034\"><a href=\"https:\/\/nexocreate.com\/en\/company-overview\/careers\/\">Sumate<\/a><\/li>\n<li id=\"menu-item-7030\" class=\"menu-item menu-item-type-post_type menu-item-object-page menu-item-7030\"><a href=\"https:\/\/nexocreate.com\/en\/company-overview\/company-history\/\">Historia de la Compa\u00f1\u00eda<\/a><\/li>\n<li id=\"menu-item-7028\" class=\"menu-item menu-item-type-post_type menu-item-object-page menu-item-7028\"><a href=\"https:\/\/nexocreate.com\/en\/company-overview\/our-approach\/\">Nuestro Enfoque<\/a><\/li>\n<li id=\"menu-item-7031\" class=\"menu-item menu-item-type-post_type menu-item-object-page menu-item-7031\"><a href=\"https:\/\/nexocreate.com\/en\/company-overview\/our-partners\/\">Partners<\/a><\/li>\n<li id=\"menu-item-7037\" class=\"menu-item menu-item-type-post_type menu-item-object-page menu-item-7037\"><a href=\"https:\/\/nexocreate.com\/en\/company-overview\/our-team-list\/\">Nuestra lista de equipo<\/a><\/li>\n<li id=\"menu-item-7038\" class=\"menu-item menu-item-type-post_type menu-item-object-page menu-item-7038\"><a href=\"https:\/\/nexocreate.com\/en\/company-overview\/our-team-grid\/\">Nuestra grilla de equipo<\/a><\/li>\n<\/ul><\/div><\/aside>\t\t\t\t<\/div>\n\t\t\t\t<\/div>\n\t\t\t\t<div class=\"elementor-element elementor-element-4424fe3 elementor-align-left elementor-widget elementor-widget-button\" data-id=\"4424fe3\" data-element_type=\"widget\" data-e-type=\"widget\" data-widget_type=\"button.default\">\n\t\t\t\t<div class=\"elementor-widget-container\">\n\t\t\t\t\t\t\t\t\t<div class=\"elementor-button-wrapper icon_align_  button_block\">\n\t\t\t\t\t<a class=\"elementor-button elementor-button-link elementor-size-lg\" href=\"#\">\n\t\t\t\t\t\t<span class=\"elementor-button-content-wrapper\">\n\t\t\t\t\t\t<span class=\"elementor-button-icon\">\n\t\t\t\t<i aria-hidden=\"true\" class=\"fa fa-file-pdf-o\"><\/i>\t\t\t<\/span>\n\t\t\t\t\t\t\t\t\t<span class=\"elementor-button-text\">Presentaci\u00f3n de la compa\u00f1\u00eda<\/span>\n\t\t\t\t\t<\/span>\n\t\t\t\t\t<\/a>\n\t\t\t\t<\/div>\n\t\t\t\t\t\t\t\t<\/div>\n\t\t\t\t<\/div>\n\t\t\t\t\t<\/div>\n\t\t<\/div>\n\t\t\t\t\t<\/div>\n\t\t<\/section>\n\t\t\t\t<section class=\"elementor-section elementor-top-section elementor-element elementor-element-4425cd6 third_bg_color elementor-section-boxed elementor-section-height-default elementor-section-height-default\" data-id=\"4425cd6\" data-element_type=\"section\" data-e-type=\"section\" data-settings=\"{&quot;background_background&quot;:&quot;classic&quot;}\">\n\t\t\t\t\t\t<div class=\"elementor-container elementor-column-gap-default\">\n\t\t\t\t\t<div class=\"elementor-column elementor-col-100 elementor-top-column elementor-element elementor-element-4426203\" data-id=\"4426203\" data-element_type=\"column\" data-e-type=\"column\" data-settings=\"{&quot;background_background&quot;:&quot;classic&quot;}\">\n\t\t\t<div class=\"elementor-widget-wrap elementor-element-populated\">\n\t\t\t\t\t\t<div class=\"elementor-element elementor-element-44265b0 elementor-widget elementor-widget-vc_custom_heading\" data-id=\"44265b0\" data-element_type=\"widget\" data-e-type=\"widget\" data-widget_type=\"vc_custom_heading.default\">\n\t\t\t\t<div class=\"elementor-widget-container\">\n\t\t\t\t\t<div class=\"vc_custom_heading  consulting_heading_font  text_align_left\" ><div style=\"font-size: 16px;color: #ffffff;text-align: left;font-weight:700\" class=\"consulting-custom-title\">\u00bfComo podemos ayudarte?\n<\/div><\/div>\t\t\t\t<\/div>\n\t\t\t\t<\/div>\n\t\t\t\t<div class=\"elementor-element elementor-element-4426908 elementor-widget elementor-widget-text-editor\" data-id=\"4426908\" data-element_type=\"widget\" data-e-type=\"widget\" data-widget_type=\"text-editor.default\">\n\t\t\t\t<div class=\"elementor-widget-container\">\n\t\t\t\t\t\t\t\t\t<p><span style=\"font-size: 13px; line-height: 22px; color: #ffffff;\">Cont\u00e1ctenos en la oficina de NexoCreate m\u00e1s cercana o env\u00ede una consulta comercial en l\u00ednea.<\/span><\/p>\n\t\t\t\t\t\t\t\t<\/div>\n\t\t\t\t<\/div>\n\t\t\t\t<div class=\"elementor-element elementor-element-4426b33 elementor-widget__width-auto elementor-widget elementor-widget-button\" data-id=\"4426b33\" data-element_type=\"widget\" data-e-type=\"widget\" data-widget_type=\"button.default\">\n\t\t\t\t<div class=\"elementor-widget-container\">\n\t\t\t\t\t\t\t\t\t<div class=\"elementor-button-wrapper icon_align_\">\n\t\t\t\t\t<a class=\"elementor-button elementor-button-link elementor-size-sm\" href=\"#\">\n\t\t\t\t\t\t<span class=\"elementor-button-content-wrapper\">\n\t\t\t\t\t\t\t\t\t<span class=\"elementor-button-text\">Contacto<\/span>\n\t\t\t\t\t<\/span>\n\t\t\t\t\t<\/a>\n\t\t\t\t<\/div>\n\t\t\t\t\t\t\t\t<\/div>\n\t\t\t\t<\/div>\n\t\t\t\t\t<\/div>\n\t\t<\/div>\n\t\t\t\t\t<\/div>\n\t\t<\/section>\n\t\t\t\t<section class=\"elementor-section elementor-top-section elementor-element elementor-element-442751a elementor-section-boxed elementor-section-height-default elementor-section-height-default\" data-id=\"442751a\" data-element_type=\"section\" data-e-type=\"section\" data-settings=\"{&quot;background_background&quot;:&quot;classic&quot;}\">\n\t\t\t\t\t\t<div class=\"elementor-container elementor-column-gap-default\">\n\t\t\t\t\t<div class=\"elementor-column elementor-col-100 elementor-top-column elementor-element elementor-element-4427bb7\" data-id=\"4427bb7\" data-element_type=\"column\" data-e-type=\"column\">\n\t\t\t<div class=\"elementor-widget-wrap elementor-element-populated\">\n\t\t\t\t\t\t<div class=\"elementor-element elementor-element-4427fda elementor-widget elementor-widget-stm_testimonials\" data-id=\"4427fda\" data-element_type=\"widget\" data-e-type=\"widget\" data-widget_type=\"stm_testimonials.default\">\n\t\t\t\t<div class=\"elementor-widget-container\">\n\t\t\t\t\t\n\n\t\t\t<div class=\"stm_testimonials consulting_elementor_testimonials style_1\">\n\t\t\t\t\t\t\t<div class=\"item\">\n\t\t\t\t\t<div class=\"testimonial\"><p>En el tema de consultor\u00eda es un socio invaluable. Nuestros equipos han colaborado para apoyar el creciente campo de profesionales que utilizan el impacto colectivo.<\/p>\n<\/div>\n\t\t\t\t\t<div class=\"testimonial-info clearfix\">\n\t\t\t\t\t\t<div class=\"testimonial-image\"><img decoding=\"async\" width=\"50\" height=\"50\" src=\"https:\/\/nexocreate.com\/wp-content\/uploads\/2018\/01\/DSC7495-50x50.jpg\" class=\"attachment-consulting-image-50x50-croped size-consulting-image-50x50-croped wp-post-image\" alt=\"\" srcset=\"https:\/\/nexocreate.com\/wp-content\/uploads\/2018\/01\/DSC7495-50x50.jpg 50w, https:\/\/nexocreate.com\/wp-content\/uploads\/2018\/01\/DSC7495-150x150.jpg 150w, https:\/\/nexocreate.com\/wp-content\/uploads\/2018\/01\/DSC7495-320x320.jpg 320w, https:\/\/nexocreate.com\/wp-content\/uploads\/2018\/01\/DSC7495-300x300.jpg 300w, https:\/\/nexocreate.com\/wp-content\/uploads\/2018\/01\/DSC7495-100x100.jpg 100w\" sizes=\"(max-width: 50px) 100vw, 50px\" \/><\/div>\n\t\t\t\t\t\t<div class=\"testimonial-text\">\n\t\t\t\t\t\t\t<div class=\"name\">Juan Carlos Velasquez<\/div>\n\t\t\t\t\t\t\t<div class=\"company\">\n\t\t\t\t\t\t\tDirector, Anfra Group LLC\t\t\t\t\t\t\t<\/div>\n\t\t\t\t\t\t<\/div>\n\t\t\t\t\t<\/div>\n\t\t\t\t<\/div>\n\t\t\t\t\t<\/div>\n\t\n\t\t\t\t\t<\/div>\n\t\t\t\t<\/div>\n\t\t\t\t\t<\/div>\n\t\t<\/div>\n\t\t\t\t\t<\/div>\n\t\t<\/section>\n\t\t\t\t<\/div>\n\t\t    \n<\/div>\t\t\t\t<\/div>\n\t\t\t\t<\/div>\n\t\t\t\t\t<\/div>\n\t\t<\/div>\n\t\t\t\t\t<\/div>\n\t\t<\/section>\n\t\t\t\t<\/div>","protected":false},"excerpt":{"rendered":"<p>[vc_row][vc_column width=\u00bb2\/3&#8243;][stm_services posts_per_page=\u00bb12&#8243; img_size=\u00bb260&#215;170&#8243; style=\u00bbstyle_5&#8243;][\/vc_column][vc_column width=\u00bb1\/3&#8243;][stm_sidebar sidebar=\u00bb577&#8243;][\/vc_column][\/vc_row]<\/p>\n","protected":false},"author":1,"featured_media":0,"parent":0,"menu_order":0,"comment_status":"closed","ping_status":"closed","template":"","meta":{"footnotes":""},"class_list":["post-6228","page","type-page","status-publish","hentry"],"yoast_head":"<!-- This site is optimized with the Yoast SEO plugin v27.5 - https:\/\/yoast.com\/product\/yoast-seo-wordpress\/ -->\n<title>Services List - NexoCreate<\/title>\n<meta name=\"robots\" content=\"index, follow, max-snippet:-1, max-image-preview:large, max-video-preview:-1\" \/>\n<link rel=\"canonical\" href=\"https:\/\/nexocreate.com\/en\/services-list\/\" \/>\n<meta property=\"og:locale\" content=\"en_US\" \/>\n<meta property=\"og:type\" content=\"article\" \/>\n<meta property=\"og:title\" content=\"Services List - NexoCreate\" \/>\n<meta property=\"og:url\" content=\"https:\/\/nexocreate.com\/en\/services-list\/\" \/>\n<meta property=\"og:site_name\" content=\"NexoCreate\" \/>\n<meta property=\"article:publisher\" content=\"https:\/\/www.facebook.com\/profile.php?id=100095753013136\" \/>\n<meta property=\"article:modified_time\" content=\"2023-10-26T21:38:15+00:00\" \/>\n<meta property=\"og:image\" content=\"https:\/\/nexocreate.com\/wp-content\/uploads\/2024\/02\/logo.png\" \/>\n\t<meta property=\"og:image:width\" content=\"1080\" \/>\n\t<meta property=\"og:image:height\" content=\"1080\" \/>\n\t<meta property=\"og:image:type\" content=\"image\/png\" \/>\n<meta name=\"twitter:card\" content=\"summary_large_image\" \/>\n<script type=\"application\/ld+json\" class=\"yoast-schema-graph\">{\"@context\":\"https:\\\/\\\/schema.org\",\"@graph\":[{\"@type\":\"WebPage\",\"@id\":\"https:\\\/\\\/nexocreate.com\\\/services-list\\\/\",\"url\":\"https:\\\/\\\/nexocreate.com\\\/services-list\\\/\",\"name\":\"Services List - NexoCreate\",\"isPartOf\":{\"@id\":\"https:\\\/\\\/nexocreate.com\\\/#website\"},\"datePublished\":\"2019-11-25T09:36:27+00:00\",\"dateModified\":\"2023-10-26T21:38:15+00:00\",\"breadcrumb\":{\"@id\":\"https:\\\/\\\/nexocreate.com\\\/services-list\\\/#breadcrumb\"},\"inLanguage\":\"en-US\",\"potentialAction\":[{\"@type\":\"ReadAction\",\"target\":[\"https:\\\/\\\/nexocreate.com\\\/services-list\\\/\"]}]},{\"@type\":\"BreadcrumbList\",\"@id\":\"https:\\\/\\\/nexocreate.com\\\/services-list\\\/#breadcrumb\",\"itemListElement\":[{\"@type\":\"ListItem\",\"position\":1,\"name\":\"Portada\",\"item\":\"https:\\\/\\\/nexocreate.com\\\/\"},{\"@type\":\"ListItem\",\"position\":2,\"name\":\"Services List\"}]},{\"@type\":\"WebSite\",\"@id\":\"https:\\\/\\\/nexocreate.com\\\/#website\",\"url\":\"https:\\\/\\\/nexocreate.com\\\/\",\"name\":\"NexoCreate\",\"description\":\"Aprende, emprende y comprende el sistema Americano con nosotros, para poder acelerar tu crecimiento\",\"publisher\":{\"@id\":\"https:\\\/\\\/nexocreate.com\\\/#organization\"},\"potentialAction\":[{\"@type\":\"SearchAction\",\"target\":{\"@type\":\"EntryPoint\",\"urlTemplate\":\"https:\\\/\\\/nexocreate.com\\\/?s={search_term_string}\"},\"query-input\":{\"@type\":\"PropertyValueSpecification\",\"valueRequired\":true,\"valueName\":\"search_term_string\"}}],\"inLanguage\":\"en-US\"},{\"@type\":\"Organization\",\"@id\":\"https:\\\/\\\/nexocreate.com\\\/#organization\",\"name\":\"NexoCreate LLC\",\"url\":\"https:\\\/\\\/nexocreate.com\\\/\",\"logo\":{\"@type\":\"ImageObject\",\"inLanguage\":\"en-US\",\"@id\":\"https:\\\/\\\/nexocreate.com\\\/#\\\/schema\\\/logo\\\/image\\\/\",\"url\":\"https:\\\/\\\/nexocreate.com\\\/wp-content\\\/uploads\\\/2024\\\/02\\\/Avatar-NexoCreate.png\",\"contentUrl\":\"https:\\\/\\\/nexocreate.com\\\/wp-content\\\/uploads\\\/2024\\\/02\\\/Avatar-NexoCreate.png\",\"width\":800,\"height\":800,\"caption\":\"NexoCreate LLC\"},\"image\":{\"@id\":\"https:\\\/\\\/nexocreate.com\\\/#\\\/schema\\\/logo\\\/image\\\/\"},\"sameAs\":[\"https:\\\/\\\/www.facebook.com\\\/profile.php?id=100095753013136\"]}]}<\/script>\n<!-- \/ Yoast SEO plugin. -->","yoast_head_json":{"title":"Services List - NexoCreate","robots":{"index":"index","follow":"follow","max-snippet":"max-snippet:-1","max-image-preview":"max-image-preview:large","max-video-preview":"max-video-preview:-1"},"canonical":"https:\/\/nexocreate.com\/en\/services-list\/","og_locale":"en_US","og_type":"article","og_title":"Services List - NexoCreate","og_url":"https:\/\/nexocreate.com\/en\/services-list\/","og_site_name":"NexoCreate","article_publisher":"https:\/\/www.facebook.com\/profile.php?id=100095753013136","article_modified_time":"2023-10-26T21:38:15+00:00","og_image":[{"width":1080,"height":1080,"url":"https:\/\/nexocreate.com\/wp-content\/uploads\/2024\/02\/logo.png","type":"image\/png"}],"twitter_card":"summary_large_image","schema":{"@context":"https:\/\/schema.org","@graph":[{"@type":"WebPage","@id":"https:\/\/nexocreate.com\/services-list\/","url":"https:\/\/nexocreate.com\/services-list\/","name":"Services List - NexoCreate","isPartOf":{"@id":"https:\/\/nexocreate.com\/#website"},"datePublished":"2019-11-25T09:36:27+00:00","dateModified":"2023-10-26T21:38:15+00:00","breadcrumb":{"@id":"https:\/\/nexocreate.com\/services-list\/#breadcrumb"},"inLanguage":"en-US","potentialAction":[{"@type":"ReadAction","target":["https:\/\/nexocreate.com\/services-list\/"]}]},{"@type":"BreadcrumbList","@id":"https:\/\/nexocreate.com\/services-list\/#breadcrumb","itemListElement":[{"@type":"ListItem","position":1,"name":"Portada","item":"https:\/\/nexocreate.com\/"},{"@type":"ListItem","position":2,"name":"Services List"}]},{"@type":"WebSite","@id":"https:\/\/nexocreate.com\/#website","url":"https:\/\/nexocreate.com\/","name":"NexoCreate","description":"Aprende, emprende y comprende el sistema Americano con nosotros, para poder acelerar tu crecimiento","publisher":{"@id":"https:\/\/nexocreate.com\/#organization"},"potentialAction":[{"@type":"SearchAction","target":{"@type":"EntryPoint","urlTemplate":"https:\/\/nexocreate.com\/?s={search_term_string}"},"query-input":{"@type":"PropertyValueSpecification","valueRequired":true,"valueName":"search_term_string"}}],"inLanguage":"en-US"},{"@type":"Organization","@id":"https:\/\/nexocreate.com\/#organization","name":"NexoCreate LLC","url":"https:\/\/nexocreate.com\/","logo":{"@type":"ImageObject","inLanguage":"en-US","@id":"https:\/\/nexocreate.com\/#\/schema\/logo\/image\/","url":"https:\/\/nexocreate.com\/wp-content\/uploads\/2024\/02\/Avatar-NexoCreate.png","contentUrl":"https:\/\/nexocreate.com\/wp-content\/uploads\/2024\/02\/Avatar-NexoCreate.png","width":800,"height":800,"caption":"NexoCreate LLC"},"image":{"@id":"https:\/\/nexocreate.com\/#\/schema\/logo\/image\/"},"sameAs":["https:\/\/www.facebook.com\/profile.php?id=100095753013136"]}]}},"_links":{"self":[{"href":"https:\/\/nexocreate.com\/en\/wp-json\/wp\/v2\/pages\/6228","targetHints":{"allow":["GET"]}}],"collection":[{"href":"https:\/\/nexocreate.com\/en\/wp-json\/wp\/v2\/pages"}],"about":[{"href":"https:\/\/nexocreate.com\/en\/wp-json\/wp\/v2\/types\/page"}],"author":[{"embeddable":true,"href":"https:\/\/nexocreate.com\/en\/wp-json\/wp\/v2\/users\/1"}],"replies":[{"embeddable":true,"href":"https:\/\/nexocreate.com\/en\/wp-json\/wp\/v2\/comments?post=6228"}],"version-history":[{"count":1,"href":"https:\/\/nexocreate.com\/en\/wp-json\/wp\/v2\/pages\/6228\/revisions"}],"predecessor-version":[{"id":7157,"href":"https:\/\/nexocreate.com\/en\/wp-json\/wp\/v2\/pages\/6228\/revisions\/7157"}],"wp:attachment":[{"href":"https:\/\/nexocreate.com\/en\/wp-json\/wp\/v2\/media?parent=6228"}],"curies":[{"name":"wp","href":"https:\/\/api.w.org\/{rel}","templated":true}]}}