{"id":3,"date":"2023-10-26T21:06:47","date_gmt":"2023-10-26T21:06:47","guid":{"rendered":"https:\/\/nexocreate.com\/?page_id=3"},"modified":"2024-01-04T17:16:24","modified_gmt":"2024-01-04T17:16:24","slug":"terminos-y-condiciones","status":"publish","type":"page","link":"https:\/\/nexocreate.com\/en\/terminos-y-condiciones\/","title":{"rendered":"T\u00e9rminos y Condiciones de Uso para Nexocreate LLC"},"content":{"rendered":"<div data-elementor-type=\"wp-page\" data-elementor-id=\"3\" class=\"elementor elementor-3\">\n\t\t\t\t<div class=\"elementor-element elementor-element-237fcf90 e-flex e-con-boxed e-con e-parent\" data-id=\"237fcf90\" data-element_type=\"container\" data-e-type=\"container\">\n\t\t\t\t\t<div class=\"e-con-inner\">\n\t\t\t\t<div class=\"elementor-element elementor-element-6a260c06 elementor-widget elementor-widget-text-editor\" data-id=\"6a260c06\" data-element_type=\"widget\" data-e-type=\"widget\" data-widget_type=\"text-editor.default\">\n\t\t\t\t<div class=\"elementor-widget-container\">\n\t\t\t\t\t\t\t\t\t<p><\/p>\n<h2 class=\"wp-block-heading\"><span style=\"background-color: transparent; color: #374151; font-family: Roboto, sans-serif; font-size: 12pt; white-space-collapse: preserve;\">Bienvenido a Nexocreate LLC, su socio confiable en el viaje empresarial. Nuestros servicios est\u00e1n dise\u00f1ados para ayudar a los emprendedores a establecer y fortalecer sus negocios.<\/span><\/h2>\n<div>\n<p dir=\"ltr\" style=\"line-height: 1.38; margin-top: 0pt; margin-bottom: 0pt;\"><span style=\"font-size: 12pt; font-family: Roboto, sans-serif; color: #374151; background-color: transparent; font-weight: bold; font-variant-numeric: normal; font-variant-east-asian: normal; font-variant-alternates: normal; font-variant-position: normal; vertical-align: baseline; white-space-collapse: preserve;\">Servicios Ofrecidos<\/span><\/p>\n<p dir=\"ltr\" style=\"line-height: 1.38; margin-top: 15pt; margin-bottom: 15pt;\"><span style=\"font-size: 12pt; font-family: Roboto, sans-serif; color: #374151; background-color: transparent; font-variant-numeric: normal; font-variant-east-asian: normal; font-variant-alternates: normal; font-variant-position: normal; vertical-align: baseline; white-space-collapse: preserve;\">Ofrecemos asesoramiento en formaci\u00f3n de empresas, gesti\u00f3n de cr\u00e9dito comercial y personal, y educaci\u00f3n crediticia. Nuestros consejos est\u00e1n orientados a optimizar la gesti\u00f3n de impuestos y construir un cr\u00e9dito comercial s\u00f3lido.<\/span><\/p>\n<p dir=\"ltr\" style=\"line-height: 1.38; margin-top: 0pt; margin-bottom: 0pt;\"><span style=\"font-size: 12pt; font-family: Roboto, sans-serif; color: #374151; background-color: transparent; font-weight: bold; font-variant-numeric: normal; font-variant-east-asian: normal; font-variant-alternates: normal; font-variant-position: normal; vertical-align: baseline; white-space-collapse: preserve;\">Limitaci\u00f3n de Responsabilidad<\/span><\/p>\n<p dir=\"ltr\" style=\"line-height: 1.38; margin-top: 15pt; margin-bottom: 15pt;\"><span style=\"font-size: 12pt; font-family: Roboto, sans-serif; color: #374151; background-color: transparent; font-variant-numeric: normal; font-variant-east-asian: normal; font-variant-alternates: normal; font-variant-position: normal; vertical-align: baseline; white-space-collapse: preserve;\">Nexocreate LLC ofrece asesor\u00eda y consejos administrativos. No somos expertos legales y nuestros servicios no deben interpretarse como asesoramiento legal. Recomendamos que todos los consejos sean verificados y complementados con la opini\u00f3n de un abogado o un experto en la materia. Nexocreate LLC no ser\u00e1 responsable de futuros problemas legales derivados del uso de nuestros consejos.<\/span><\/p>\n<p dir=\"ltr\" style=\"line-height: 1.38; margin-top: 0pt; margin-bottom: 0pt;\"><span style=\"font-size: 12pt; font-family: Roboto, sans-serif; color: #374151; background-color: transparent; font-weight: bold; font-variant-numeric: normal; font-variant-east-asian: normal; font-variant-alternates: normal; font-variant-position: normal; vertical-align: baseline; white-space-collapse: preserve;\">Uso del Sitio Web<\/span><\/p>\n<p dir=\"ltr\" style=\"line-height: 1.38; margin-top: 15pt; margin-bottom: 15pt;\"><span style=\"font-size: 12pt; font-family: Roboto, sans-serif; color: #374151; background-color: transparent; font-variant-numeric: normal; font-variant-east-asian: normal; font-variant-alternates: normal; font-variant-position: normal; vertical-align: baseline; white-space-collapse: preserve;\">Al utilizar nuestro sitio web, acepta cumplir con estos t\u00e9rminos y condiciones. Nos reservamos el derecho de modificar o interrumpir cualquier aspecto del sitio web o servicio en cualquier momento.<\/span><\/p>\n<p dir=\"ltr\" style=\"line-height: 1.38; margin-top: 0pt; margin-bottom: 0pt;\"><span style=\"font-size: 12pt; font-family: Roboto, sans-serif; color: #374151; background-color: transparent; font-weight: bold; font-variant-numeric: normal; font-variant-east-asian: normal; font-variant-alternates: normal; font-variant-position: normal; vertical-align: baseline; white-space-collapse: preserve;\">Uso de Cookies<\/span><\/p>\n<p dir=\"ltr\" style=\"line-height: 1.38; margin-top: 15pt; margin-bottom: 15pt;\"><span style=\"font-size: 12pt; font-family: Roboto, sans-serif; color: #374151; background-color: transparent; font-variant-numeric: normal; font-variant-east-asian: normal; font-variant-alternates: normal; font-variant-position: normal; vertical-align: baseline; white-space-collapse: preserve;\">Nuestro sitio web utiliza cookies para mejorar su experiencia. Las cookies recopilan informaci\u00f3n sobre su uso del sitio y nos ayudan a optimizar nuestros servicios.<\/span><\/p>\n<p dir=\"ltr\" style=\"line-height: 1.38; margin-top: 0pt; margin-bottom: 0pt;\"><span style=\"font-size: 12pt; font-family: Roboto, sans-serif; color: #374151; background-color: transparent; font-weight: bold; font-variant-numeric: normal; font-variant-east-asian: normal; font-variant-alternates: normal; font-variant-position: normal; vertical-align: baseline; white-space-collapse: preserve;\">Derechos de Propiedad Intelectual<\/span><\/p>\n<p dir=\"ltr\" style=\"line-height: 1.38; margin-top: 15pt; margin-bottom: 15pt;\"><span style=\"font-size: 12pt; font-family: Roboto, sans-serif; color: #374151; background-color: transparent; font-variant-numeric: normal; font-variant-east-asian: normal; font-variant-alternates: normal; font-variant-position: normal; vertical-align: baseline; white-space-collapse: preserve;\">Todo el contenido del sitio web es propiedad de Nexocreate LLC y est\u00e1 protegido por leyes de derechos de autor.<\/span><\/p>\n<p dir=\"ltr\" style=\"line-height: 1.38; margin-top: 0pt; margin-bottom: 0pt;\"><span style=\"font-size: 12pt; font-family: Roboto, sans-serif; color: #374151; background-color: transparent; font-weight: bold; font-variant-numeric: normal; font-variant-east-asian: normal; font-variant-alternates: normal; font-variant-position: normal; vertical-align: baseline; white-space-collapse: preserve;\">Modificaciones a los T\u00e9rminos<\/span><\/p>\n<p dir=\"ltr\" style=\"line-height: 1.38; margin-top: 15pt; margin-bottom: 15pt;\"><span style=\"font-size: 12pt; font-family: Roboto, sans-serif; color: #374151; background-color: transparent; font-variant-numeric: normal; font-variant-east-asian: normal; font-variant-alternates: normal; font-variant-position: normal; vertical-align: baseline; white-space-collapse: preserve;\">Estos t\u00e9rminos pueden ser actualizados peri\u00f3dicamente. Es su responsabilidad revisarlos regularmente.<\/span><\/p>\n<p dir=\"ltr\" style=\"line-height: 1.38; margin-top: 0pt; margin-bottom: 0pt;\"><span style=\"font-size: 12pt; font-family: Roboto, sans-serif; color: #374151; background-color: transparent; font-weight: bold; font-variant-numeric: normal; font-variant-east-asian: normal; font-variant-alternates: normal; font-variant-position: normal; vertical-align: baseline; white-space-collapse: preserve;\">Contacto<\/span><\/p>\n<p dir=\"ltr\" style=\"line-height: 1.38; margin-top: 15pt; margin-bottom: 15pt;\"><span style=\"font-size: 12pt; font-family: Roboto, sans-serif; color: #374151; background-color: transparent; font-variant-numeric: normal; font-variant-east-asian: normal; font-variant-alternates: normal; font-variant-position: normal; vertical-align: baseline; white-space-collapse: preserve;\">Para consultas, cont\u00e1ctenos en hola@nexocreate.com<\/span><\/p>\n<div><span style=\"font-size: 12pt; font-family: Roboto, sans-serif; color: #374151; background-color: transparent; font-variant-numeric: normal; font-variant-east-asian: normal; font-variant-alternates: normal; font-variant-position: normal; vertical-align: baseline; white-space-collapse: preserve;\">\u00a0<\/span><\/div>\n<\/div>\n<p><\/p>\n\t\t\t\t\t\t\t\t<\/div>\n\t\t\t\t<\/div>\n\t\t\t\t\t<\/div>\n\t\t\t\t<\/div>\n\t\t\t\t<\/div>","protected":false},"excerpt":{"rendered":"<p>Bienvenido a Nexocreate LLC, su socio confiable en el viaje empresarial. Nuestros servicios est\u00e1n dise\u00f1ados para ayudar a los emprendedores a establecer y fortalecer sus negocios. Servicios Ofrecidos Ofrecemos asesoramiento en formaci\u00f3n de empresas, gesti\u00f3n de cr\u00e9dito comercial y personal, y educaci\u00f3n crediticia. Nuestros consejos est\u00e1n orientados a optimizar la gesti\u00f3n de impuestos y construir<\/p>","protected":false},"author":1,"featured_media":0,"parent":0,"menu_order":0,"comment_status":"closed","ping_status":"open","template":"","meta":{"footnotes":""},"class_list":["post-3","page","type-page","status-publish","hentry"],"yoast_head":"<!-- This site is optimized with the Yoast SEO plugin v27.5 - https:\/\/yoast.com\/product\/yoast-seo-wordpress\/ -->\n<title>T\u00e9rminos y Condiciones de Uso para Nexocreate LLC - NexoCreate<\/title>\n<meta name=\"description\" content=\"Bienvenido a Nexocreate LLC, su socio confiable en el viaje empresarial. Nuestros servicios est\u00e1n dise\u00f1ados para ayudar a los emprendedores a establecer y\" \/>\n<meta name=\"robots\" content=\"index, follow, max-snippet:-1, max-image-preview:large, max-video-preview:-1\" \/>\n<link rel=\"canonical\" href=\"https:\/\/nexocreate.com\/en\/terminos-y-condiciones\/\" \/>\n<meta property=\"og:locale\" content=\"en_US\" \/>\n<meta property=\"og:type\" content=\"article\" \/>\n<meta property=\"og:title\" content=\"T\u00e9rminos y Condiciones de Uso para Nexocreate LLC - NexoCreate\" \/>\n<meta property=\"og:description\" content=\"Bienvenido a Nexocreate LLC, su socio confiable en el viaje empresarial. Nuestros servicios est\u00e1n dise\u00f1ados para ayudar a los emprendedores a establecer y\" \/>\n<meta property=\"og:url\" content=\"https:\/\/nexocreate.com\/en\/terminos-y-condiciones\/\" \/>\n<meta property=\"og:site_name\" content=\"NexoCreate\" \/>\n<meta property=\"article:publisher\" content=\"https:\/\/www.facebook.com\/profile.php?id=100095753013136\" \/>\n<meta property=\"article:modified_time\" content=\"2024-01-04T17:16:24+00:00\" \/>\n<meta property=\"og:image\" content=\"https:\/\/nexocreate.com\/wp-content\/uploads\/2024\/02\/logo.png\" \/>\n\t<meta property=\"og:image:width\" content=\"1080\" \/>\n\t<meta property=\"og:image:height\" content=\"1080\" \/>\n\t<meta property=\"og:image:type\" content=\"image\/png\" \/>\n<meta name=\"twitter:card\" content=\"summary_large_image\" \/>\n<meta name=\"twitter:label1\" content=\"Est. reading time\" \/>\n\t<meta name=\"twitter:data1\" content=\"1 minute\" \/>\n<script type=\"application\/ld+json\" class=\"yoast-schema-graph\">{\"@context\":\"https:\\\/\\\/schema.org\",\"@graph\":[{\"@type\":\"WebPage\",\"@id\":\"https:\\\/\\\/nexocreate.com\\\/terminos-y-condiciones\\\/\",\"url\":\"https:\\\/\\\/nexocreate.com\\\/terminos-y-condiciones\\\/\",\"name\":\"T\u00e9rminos y Condiciones de Uso para Nexocreate LLC - NexoCreate\",\"isPartOf\":{\"@id\":\"https:\\\/\\\/nexocreate.com\\\/#website\"},\"datePublished\":\"2023-10-26T21:06:47+00:00\",\"dateModified\":\"2024-01-04T17:16:24+00:00\",\"description\":\"Bienvenido a Nexocreate LLC, su socio confiable en el viaje empresarial. Nuestros servicios est\u00e1n dise\u00f1ados para ayudar a los emprendedores a establecer y\",\"breadcrumb\":{\"@id\":\"https:\\\/\\\/nexocreate.com\\\/terminos-y-condiciones\\\/#breadcrumb\"},\"inLanguage\":\"en-US\",\"potentialAction\":[{\"@type\":\"ReadAction\",\"target\":[\"https:\\\/\\\/nexocreate.com\\\/terminos-y-condiciones\\\/\"]}]},{\"@type\":\"BreadcrumbList\",\"@id\":\"https:\\\/\\\/nexocreate.com\\\/terminos-y-condiciones\\\/#breadcrumb\",\"itemListElement\":[{\"@type\":\"ListItem\",\"position\":1,\"name\":\"Portada\",\"item\":\"https:\\\/\\\/nexocreate.com\\\/\"},{\"@type\":\"ListItem\",\"position\":2,\"name\":\"T\u00e9rminos y Condiciones de Uso para Nexocreate LLC\"}]},{\"@type\":\"WebSite\",\"@id\":\"https:\\\/\\\/nexocreate.com\\\/#website\",\"url\":\"https:\\\/\\\/nexocreate.com\\\/\",\"name\":\"NexoCreate\",\"description\":\"Aprende, emprende y comprende el sistema Americano con nosotros, para poder acelerar tu crecimiento\",\"publisher\":{\"@id\":\"https:\\\/\\\/nexocreate.com\\\/#organization\"},\"potentialAction\":[{\"@type\":\"SearchAction\",\"target\":{\"@type\":\"EntryPoint\",\"urlTemplate\":\"https:\\\/\\\/nexocreate.com\\\/?s={search_term_string}\"},\"query-input\":{\"@type\":\"PropertyValueSpecification\",\"valueRequired\":true,\"valueName\":\"search_term_string\"}}],\"inLanguage\":\"en-US\"},{\"@type\":\"Organization\",\"@id\":\"https:\\\/\\\/nexocreate.com\\\/#organization\",\"name\":\"NexoCreate LLC\",\"url\":\"https:\\\/\\\/nexocreate.com\\\/\",\"logo\":{\"@type\":\"ImageObject\",\"inLanguage\":\"en-US\",\"@id\":\"https:\\\/\\\/nexocreate.com\\\/#\\\/schema\\\/logo\\\/image\\\/\",\"url\":\"https:\\\/\\\/nexocreate.com\\\/wp-content\\\/uploads\\\/2024\\\/02\\\/Avatar-NexoCreate.png\",\"contentUrl\":\"https:\\\/\\\/nexocreate.com\\\/wp-content\\\/uploads\\\/2024\\\/02\\\/Avatar-NexoCreate.png\",\"width\":800,\"height\":800,\"caption\":\"NexoCreate LLC\"},\"image\":{\"@id\":\"https:\\\/\\\/nexocreate.com\\\/#\\\/schema\\\/logo\\\/image\\\/\"},\"sameAs\":[\"https:\\\/\\\/www.facebook.com\\\/profile.php?id=100095753013136\"]}]}<\/script>\n<!-- \/ Yoast SEO plugin. -->","yoast_head_json":{"title":"T\u00e9rminos y Condiciones de Uso para Nexocreate LLC - NexoCreate","description":"Bienvenido a Nexocreate LLC, su socio confiable en el viaje empresarial. Nuestros servicios est\u00e1n dise\u00f1ados para ayudar a los emprendedores a establecer y","robots":{"index":"index","follow":"follow","max-snippet":"max-snippet:-1","max-image-preview":"max-image-preview:large","max-video-preview":"max-video-preview:-1"},"canonical":"https:\/\/nexocreate.com\/en\/terminos-y-condiciones\/","og_locale":"en_US","og_type":"article","og_title":"T\u00e9rminos y Condiciones de Uso para Nexocreate LLC - NexoCreate","og_description":"Bienvenido a Nexocreate LLC, su socio confiable en el viaje empresarial. Nuestros servicios est\u00e1n dise\u00f1ados para ayudar a los emprendedores a establecer y","og_url":"https:\/\/nexocreate.com\/en\/terminos-y-condiciones\/","og_site_name":"NexoCreate","article_publisher":"https:\/\/www.facebook.com\/profile.php?id=100095753013136","article_modified_time":"2024-01-04T17:16:24+00:00","og_image":[{"width":1080,"height":1080,"url":"https:\/\/nexocreate.com\/wp-content\/uploads\/2024\/02\/logo.png","type":"image\/png"}],"twitter_card":"summary_large_image","twitter_misc":{"Est. reading time":"1 minute"},"schema":{"@context":"https:\/\/schema.org","@graph":[{"@type":"WebPage","@id":"https:\/\/nexocreate.com\/terminos-y-condiciones\/","url":"https:\/\/nexocreate.com\/terminos-y-condiciones\/","name":"T\u00e9rminos y Condiciones de Uso para Nexocreate LLC - NexoCreate","isPartOf":{"@id":"https:\/\/nexocreate.com\/#website"},"datePublished":"2023-10-26T21:06:47+00:00","dateModified":"2024-01-04T17:16:24+00:00","description":"Bienvenido a Nexocreate LLC, su socio confiable en el viaje empresarial. Nuestros servicios est\u00e1n dise\u00f1ados para ayudar a los emprendedores a establecer y","breadcrumb":{"@id":"https:\/\/nexocreate.com\/terminos-y-condiciones\/#breadcrumb"},"inLanguage":"en-US","potentialAction":[{"@type":"ReadAction","target":["https:\/\/nexocreate.com\/terminos-y-condiciones\/"]}]},{"@type":"BreadcrumbList","@id":"https:\/\/nexocreate.com\/terminos-y-condiciones\/#breadcrumb","itemListElement":[{"@type":"ListItem","position":1,"name":"Portada","item":"https:\/\/nexocreate.com\/"},{"@type":"ListItem","position":2,"name":"T\u00e9rminos y Condiciones de Uso para Nexocreate LLC"}]},{"@type":"WebSite","@id":"https:\/\/nexocreate.com\/#website","url":"https:\/\/nexocreate.com\/","name":"NexoCreate","description":"Aprende, emprende y comprende el sistema Americano con nosotros, para poder acelerar tu crecimiento","publisher":{"@id":"https:\/\/nexocreate.com\/#organization"},"potentialAction":[{"@type":"SearchAction","target":{"@type":"EntryPoint","urlTemplate":"https:\/\/nexocreate.com\/?s={search_term_string}"},"query-input":{"@type":"PropertyValueSpecification","valueRequired":true,"valueName":"search_term_string"}}],"inLanguage":"en-US"},{"@type":"Organization","@id":"https:\/\/nexocreate.com\/#organization","name":"NexoCreate LLC","url":"https:\/\/nexocreate.com\/","logo":{"@type":"ImageObject","inLanguage":"en-US","@id":"https:\/\/nexocreate.com\/#\/schema\/logo\/image\/","url":"https:\/\/nexocreate.com\/wp-content\/uploads\/2024\/02\/Avatar-NexoCreate.png","contentUrl":"https:\/\/nexocreate.com\/wp-content\/uploads\/2024\/02\/Avatar-NexoCreate.png","width":800,"height":800,"caption":"NexoCreate LLC"},"image":{"@id":"https:\/\/nexocreate.com\/#\/schema\/logo\/image\/"},"sameAs":["https:\/\/www.facebook.com\/profile.php?id=100095753013136"]}]}},"_links":{"self":[{"href":"https:\/\/nexocreate.com\/en\/wp-json\/wp\/v2\/pages\/3","targetHints":{"allow":["GET"]}}],"collection":[{"href":"https:\/\/nexocreate.com\/en\/wp-json\/wp\/v2\/pages"}],"about":[{"href":"https:\/\/nexocreate.com\/en\/wp-json\/wp\/v2\/types\/page"}],"author":[{"embeddable":true,"href":"https:\/\/nexocreate.com\/en\/wp-json\/wp\/v2\/users\/1"}],"replies":[{"embeddable":true,"href":"https:\/\/nexocreate.com\/en\/wp-json\/wp\/v2\/comments?post=3"}],"version-history":[{"count":15,"href":"https:\/\/nexocreate.com\/en\/wp-json\/wp\/v2\/pages\/3\/revisions"}],"predecessor-version":[{"id":8159,"href":"https:\/\/nexocreate.com\/en\/wp-json\/wp\/v2\/pages\/3\/revisions\/8159"}],"wp:attachment":[{"href":"https:\/\/nexocreate.com\/en\/wp-json\/wp\/v2\/media?parent=3"}],"curies":[{"name":"wp","href":"https:\/\/api.w.org\/{rel}","templated":true}]}}