{"id":1647,"date":"2017-05-12T09:26:08","date_gmt":"2017-05-12T09:26:08","guid":{"rendered":"http:\/\/consultall.stm\/miami\/?page_id=1647"},"modified":"2023-10-26T21:38:17","modified_gmt":"2023-10-26T21:38:17","slug":"services-with-tabs","status":"publish","type":"page","link":"https:\/\/nexocreate.com\/en\/services-with-tabs\/","title":{"rendered":"Services with Tabs"},"content":{"rendered":"<div data-elementor-type=\"wp-page\" data-elementor-id=\"1647\" class=\"elementor elementor-1647 elementor-bc-flex-widget\">\n\t\t\t\t\t\t<section class=\"elementor-section elementor-top-section elementor-element elementor-element-b381aab elementor-section-boxed elementor-section-height-default elementor-section-height-default\" data-id=\"b381aab\" data-element_type=\"section\" data-e-type=\"section\">\n\t\t\t\t\t\t<div class=\"elementor-container elementor-column-gap-default\">\n\t\t\t\t\t<div class=\"elementor-column elementor-col-100 elementor-top-column elementor-element elementor-element-b381fa6\" data-id=\"b381fa6\" data-element_type=\"column\" data-e-type=\"column\">\n\t\t\t<div class=\"elementor-widget-wrap elementor-element-populated\">\n\t\t\t\t\t\t<div class=\"elementor-element elementor-element-b382427 elementor-widget elementor-widget-stm_services_tabs\" data-id=\"b382427\" data-element_type=\"widget\" data-e-type=\"widget\" data-widget_type=\"stm_services_tabs.default\">\n\t\t\t\t<div class=\"elementor-widget-container\">\n\t\t\t\t\t    <div class=\"consulting_elementor_services_tabs stm_services_tabs\">\n\n        <div class=\"services_categories\">\n            <ul class=\"clearfix\">\n                                    <li>\n                        <a href=\"#service-tab-\"><\/a>\n                    <\/li>\n                                    <li>\n                        <a href=\"#service-tab-\"><\/a>\n                    <\/li>\n                            <\/ul>\n        <\/div>\n\n                                                <div class=\"services_tabs\" id=\"service-tab-\">\n\n                    \n                        <div class=\"service_tab_item\">\n                            \n                            <div class=\"service_header\">\n                                <div class=\"service_name\"><a href=\"https:\/\/nexocreate.com\/en\/?p=10232\">Inmigraci\u00f3n<\/a><\/div>\n                                <div class=\"service_dots\"><span class=\"separator_dots\"><\/span><\/div>\n                                <div class=\"service_cost\"><\/div>\n                            <\/div>\n\n                            <div class=\"service_text\">\n                                <p>Bienvenido tu aliado de confianza en el camino hacia una nueva vida en Estados Unidos. Entendemos que el proceso migratorio puede ser complejo y abrumador, y estamos aqu\u00ed para ofrecerte una gu\u00eda experta y un apoyo incondicional en cada paso del camino. Nuestro compromiso es ayudarte a alcanzar tus sue\u00f1os y proteger tus derechos con<\/p>\n                            <\/div>\n                        <\/div>\n\n                    \n                        <div class=\"service_tab_item\">\n                            \n                            <div class=\"service_header\">\n                                <div class=\"service_name\"><a href=\"https:\/\/nexocreate.com\/en\/?p=8694\">Credito<\/a><\/div>\n                                <div class=\"service_dots\"><span class=\"separator_dots\"><\/span><\/div>\n                                <div class=\"service_cost\"><\/div>\n                            <\/div>\n\n                            <div class=\"service_text\">\n                                <p>A las empresas no les gusta el t\u00e9rmino \u201cconsultor\u00eda de recuperaci\u00f3n\u201d porque representa un fracaso. La verdad es que la consultor\u00eda de recuperaci\u00f3n representa el \u00e9xito.<\/p>\n                            <\/div>\n                        <\/div>\n\n                    \n                        <div class=\"service_tab_item\">\n                            \n                            <div class=\"service_header\">\n                                <div class=\"service_name\"><a href=\"https:\/\/nexocreate.com\/en\/?p=8686\">Impuestos<\/a><\/div>\n                                <div class=\"service_dots\"><span class=\"separator_dots\"><\/span><\/div>\n                                <div class=\"service_cost\"><\/div>\n                            <\/div>\n\n                            <div class=\"service_text\">\n                                <p>A las empresas no les gusta el t\u00e9rmino \u201cconsultor\u00eda de recuperaci\u00f3n\u201d porque representa un fracaso. La verdad es que la consultor\u00eda de recuperaci\u00f3n representa el \u00e9xito.<\/p>\n                            <\/div>\n                        <\/div>\n\n                    \n                        <div class=\"service_tab_item\">\n                                                            <div class=\"service_label\">New<\/div>\n                            \n                            <div class=\"service_header\">\n                                <div class=\"service_name\"><a href=\"https:\/\/nexocreate.com\/en\/?p=571\">Apertura De Empresa En Estados Unidos<\/a><\/div>\n                                <div class=\"service_dots\"><span class=\"separator_dots\"><\/span><\/div>\n                                <div class=\"service_cost\">$75<\/div>\n                            <\/div>\n\n                            <div class=\"service_text\">\n                                <p>A las empresas no les gusta el t\u00e9rmino \u201cconsultor\u00eda de recuperaci\u00f3n\u201d porque representa un fracaso. La verdad es que la consultor\u00eda de recuperaci\u00f3n representa el \u00e9xito.<\/p>\n                            <\/div>\n                        <\/div>\n\n                    \n                <\/div>\n                                                            <div class=\"services_tabs\" id=\"service-tab-\">\n\n                    \n                        <div class=\"service_tab_item\">\n                            \n                            <div class=\"service_header\">\n                                <div class=\"service_name\"><a href=\"https:\/\/nexocreate.com\/en\/?p=10232\">Inmigraci\u00f3n<\/a><\/div>\n                                <div class=\"service_dots\"><span class=\"separator_dots\"><\/span><\/div>\n                                <div class=\"service_cost\"><\/div>\n                            <\/div>\n\n                            <div class=\"service_text\">\n                                <p>Bienvenido tu aliado de confianza en el camino hacia una nueva vida en Estados Unidos. Entendemos que el proceso migratorio puede ser complejo y abrumador, y estamos aqu\u00ed para ofrecerte una gu\u00eda experta y un apoyo incondicional en cada paso del camino. Nuestro compromiso es ayudarte a alcanzar tus sue\u00f1os y proteger tus derechos con<\/p>\n                            <\/div>\n                        <\/div>\n\n                    \n                        <div class=\"service_tab_item\">\n                            \n                            <div class=\"service_header\">\n                                <div class=\"service_name\"><a href=\"https:\/\/nexocreate.com\/en\/?p=8694\">Credito<\/a><\/div>\n                                <div class=\"service_dots\"><span class=\"separator_dots\"><\/span><\/div>\n                                <div class=\"service_cost\"><\/div>\n                            <\/div>\n\n                            <div class=\"service_text\">\n                                <p>A las empresas no les gusta el t\u00e9rmino \u201cconsultor\u00eda de recuperaci\u00f3n\u201d porque representa un fracaso. La verdad es que la consultor\u00eda de recuperaci\u00f3n representa el \u00e9xito.<\/p>\n                            <\/div>\n                        <\/div>\n\n                    \n                        <div class=\"service_tab_item\">\n                            \n                            <div class=\"service_header\">\n                                <div class=\"service_name\"><a href=\"https:\/\/nexocreate.com\/en\/?p=8686\">Impuestos<\/a><\/div>\n                                <div class=\"service_dots\"><span class=\"separator_dots\"><\/span><\/div>\n                                <div class=\"service_cost\"><\/div>\n                            <\/div>\n\n                            <div class=\"service_text\">\n                                <p>A las empresas no les gusta el t\u00e9rmino \u201cconsultor\u00eda de recuperaci\u00f3n\u201d porque representa un fracaso. La verdad es que la consultor\u00eda de recuperaci\u00f3n representa el \u00e9xito.<\/p>\n                            <\/div>\n                        <\/div>\n\n                    \n                        <div class=\"service_tab_item\">\n                                                            <div class=\"service_label\">New<\/div>\n                            \n                            <div class=\"service_header\">\n                                <div class=\"service_name\"><a href=\"https:\/\/nexocreate.com\/en\/?p=571\">Apertura De Empresa En Estados Unidos<\/a><\/div>\n                                <div class=\"service_dots\"><span class=\"separator_dots\"><\/span><\/div>\n                                <div class=\"service_cost\">$75<\/div>\n                            <\/div>\n\n                            <div class=\"service_text\">\n                                <p>A las empresas no les gusta el t\u00e9rmino \u201cconsultor\u00eda de recuperaci\u00f3n\u201d porque representa un fracaso. La verdad es que la consultor\u00eda de recuperaci\u00f3n representa el \u00e9xito.<\/p>\n                            <\/div>\n                        <\/div>\n\n                    \n                <\/div>\n                    \n        <script type=\"text\/javascript\">\n            jQuery(document).ready(function ($) {\n                \"use strict\";\n                $(\".stm_services_tabs\").tabs({\n                    hide: 'fadeOut',\n                    show: 'fadeIn',\n                    duration:'fast'\n                });\n            });\n        <\/script>\n\n    <\/div>\n\t\t\t\t<\/div>\n\t\t\t\t<\/div>\n\t\t\t\t\t<\/div>\n\t\t<\/div>\n\t\t\t\t\t<\/div>\n\t\t<\/section>\n\t\t\t\t<\/div>","protected":false},"excerpt":{"rendered":"<p>[vc_row][vc_column][stm_services_tabs][\/vc_column][\/vc_row]<\/p>\n","protected":false},"author":1,"featured_media":0,"parent":0,"menu_order":0,"comment_status":"closed","ping_status":"closed","template":"","meta":{"footnotes":""},"class_list":["post-1647","page","type-page","status-publish","hentry"],"yoast_head":"<!-- This site is optimized with the Yoast SEO plugin v27.5 - https:\/\/yoast.com\/product\/yoast-seo-wordpress\/ -->\n<title>Services with Tabs - NexoCreate<\/title>\n<meta name=\"robots\" content=\"index, follow, max-snippet:-1, max-image-preview:large, max-video-preview:-1\" \/>\n<link rel=\"canonical\" href=\"https:\/\/nexocreate.com\/en\/services-with-tabs\/\" \/>\n<meta property=\"og:locale\" content=\"en_US\" \/>\n<meta property=\"og:type\" content=\"article\" \/>\n<meta property=\"og:title\" content=\"Services with Tabs - NexoCreate\" \/>\n<meta property=\"og:url\" content=\"https:\/\/nexocreate.com\/en\/services-with-tabs\/\" \/>\n<meta property=\"og:site_name\" content=\"NexoCreate\" \/>\n<meta property=\"article:publisher\" content=\"https:\/\/www.facebook.com\/profile.php?id=100095753013136\" \/>\n<meta property=\"article:modified_time\" content=\"2023-10-26T21:38:17+00:00\" \/>\n<meta property=\"og:image\" content=\"https:\/\/nexocreate.com\/wp-content\/uploads\/2024\/02\/logo.png\" \/>\n\t<meta property=\"og:image:width\" content=\"1080\" \/>\n\t<meta property=\"og:image:height\" content=\"1080\" \/>\n\t<meta property=\"og:image:type\" content=\"image\/png\" \/>\n<meta name=\"twitter:card\" content=\"summary_large_image\" \/>\n<script type=\"application\/ld+json\" class=\"yoast-schema-graph\">{\"@context\":\"https:\\\/\\\/schema.org\",\"@graph\":[{\"@type\":\"WebPage\",\"@id\":\"https:\\\/\\\/nexocreate.com\\\/services-with-tabs\\\/\",\"url\":\"https:\\\/\\\/nexocreate.com\\\/services-with-tabs\\\/\",\"name\":\"Services with Tabs - NexoCreate\",\"isPartOf\":{\"@id\":\"https:\\\/\\\/nexocreate.com\\\/#website\"},\"datePublished\":\"2017-05-12T09:26:08+00:00\",\"dateModified\":\"2023-10-26T21:38:17+00:00\",\"breadcrumb\":{\"@id\":\"https:\\\/\\\/nexocreate.com\\\/services-with-tabs\\\/#breadcrumb\"},\"inLanguage\":\"en-US\",\"potentialAction\":[{\"@type\":\"ReadAction\",\"target\":[\"https:\\\/\\\/nexocreate.com\\\/services-with-tabs\\\/\"]}]},{\"@type\":\"BreadcrumbList\",\"@id\":\"https:\\\/\\\/nexocreate.com\\\/services-with-tabs\\\/#breadcrumb\",\"itemListElement\":[{\"@type\":\"ListItem\",\"position\":1,\"name\":\"Portada\",\"item\":\"https:\\\/\\\/nexocreate.com\\\/\"},{\"@type\":\"ListItem\",\"position\":2,\"name\":\"Services with Tabs\"}]},{\"@type\":\"WebSite\",\"@id\":\"https:\\\/\\\/nexocreate.com\\\/#website\",\"url\":\"https:\\\/\\\/nexocreate.com\\\/\",\"name\":\"NexoCreate\",\"description\":\"Aprende, emprende y comprende el sistema Americano con nosotros, para poder acelerar tu crecimiento\",\"publisher\":{\"@id\":\"https:\\\/\\\/nexocreate.com\\\/#organization\"},\"potentialAction\":[{\"@type\":\"SearchAction\",\"target\":{\"@type\":\"EntryPoint\",\"urlTemplate\":\"https:\\\/\\\/nexocreate.com\\\/?s={search_term_string}\"},\"query-input\":{\"@type\":\"PropertyValueSpecification\",\"valueRequired\":true,\"valueName\":\"search_term_string\"}}],\"inLanguage\":\"en-US\"},{\"@type\":\"Organization\",\"@id\":\"https:\\\/\\\/nexocreate.com\\\/#organization\",\"name\":\"NexoCreate LLC\",\"url\":\"https:\\\/\\\/nexocreate.com\\\/\",\"logo\":{\"@type\":\"ImageObject\",\"inLanguage\":\"en-US\",\"@id\":\"https:\\\/\\\/nexocreate.com\\\/#\\\/schema\\\/logo\\\/image\\\/\",\"url\":\"https:\\\/\\\/nexocreate.com\\\/wp-content\\\/uploads\\\/2024\\\/02\\\/Avatar-NexoCreate.png\",\"contentUrl\":\"https:\\\/\\\/nexocreate.com\\\/wp-content\\\/uploads\\\/2024\\\/02\\\/Avatar-NexoCreate.png\",\"width\":800,\"height\":800,\"caption\":\"NexoCreate LLC\"},\"image\":{\"@id\":\"https:\\\/\\\/nexocreate.com\\\/#\\\/schema\\\/logo\\\/image\\\/\"},\"sameAs\":[\"https:\\\/\\\/www.facebook.com\\\/profile.php?id=100095753013136\"]}]}<\/script>\n<!-- \/ Yoast SEO plugin. -->","yoast_head_json":{"title":"Services with Tabs - NexoCreate","robots":{"index":"index","follow":"follow","max-snippet":"max-snippet:-1","max-image-preview":"max-image-preview:large","max-video-preview":"max-video-preview:-1"},"canonical":"https:\/\/nexocreate.com\/en\/services-with-tabs\/","og_locale":"en_US","og_type":"article","og_title":"Services with Tabs - NexoCreate","og_url":"https:\/\/nexocreate.com\/en\/services-with-tabs\/","og_site_name":"NexoCreate","article_publisher":"https:\/\/www.facebook.com\/profile.php?id=100095753013136","article_modified_time":"2023-10-26T21:38:17+00:00","og_image":[{"width":1080,"height":1080,"url":"https:\/\/nexocreate.com\/wp-content\/uploads\/2024\/02\/logo.png","type":"image\/png"}],"twitter_card":"summary_large_image","schema":{"@context":"https:\/\/schema.org","@graph":[{"@type":"WebPage","@id":"https:\/\/nexocreate.com\/services-with-tabs\/","url":"https:\/\/nexocreate.com\/services-with-tabs\/","name":"Services with Tabs - NexoCreate","isPartOf":{"@id":"https:\/\/nexocreate.com\/#website"},"datePublished":"2017-05-12T09:26:08+00:00","dateModified":"2023-10-26T21:38:17+00:00","breadcrumb":{"@id":"https:\/\/nexocreate.com\/services-with-tabs\/#breadcrumb"},"inLanguage":"en-US","potentialAction":[{"@type":"ReadAction","target":["https:\/\/nexocreate.com\/services-with-tabs\/"]}]},{"@type":"BreadcrumbList","@id":"https:\/\/nexocreate.com\/services-with-tabs\/#breadcrumb","itemListElement":[{"@type":"ListItem","position":1,"name":"Portada","item":"https:\/\/nexocreate.com\/"},{"@type":"ListItem","position":2,"name":"Services with Tabs"}]},{"@type":"WebSite","@id":"https:\/\/nexocreate.com\/#website","url":"https:\/\/nexocreate.com\/","name":"NexoCreate","description":"Aprende, emprende y comprende el sistema Americano con nosotros, para poder acelerar tu crecimiento","publisher":{"@id":"https:\/\/nexocreate.com\/#organization"},"potentialAction":[{"@type":"SearchAction","target":{"@type":"EntryPoint","urlTemplate":"https:\/\/nexocreate.com\/?s={search_term_string}"},"query-input":{"@type":"PropertyValueSpecification","valueRequired":true,"valueName":"search_term_string"}}],"inLanguage":"en-US"},{"@type":"Organization","@id":"https:\/\/nexocreate.com\/#organization","name":"NexoCreate LLC","url":"https:\/\/nexocreate.com\/","logo":{"@type":"ImageObject","inLanguage":"en-US","@id":"https:\/\/nexocreate.com\/#\/schema\/logo\/image\/","url":"https:\/\/nexocreate.com\/wp-content\/uploads\/2024\/02\/Avatar-NexoCreate.png","contentUrl":"https:\/\/nexocreate.com\/wp-content\/uploads\/2024\/02\/Avatar-NexoCreate.png","width":800,"height":800,"caption":"NexoCreate LLC"},"image":{"@id":"https:\/\/nexocreate.com\/#\/schema\/logo\/image\/"},"sameAs":["https:\/\/www.facebook.com\/profile.php?id=100095753013136"]}]}},"_links":{"self":[{"href":"https:\/\/nexocreate.com\/en\/wp-json\/wp\/v2\/pages\/1647","targetHints":{"allow":["GET"]}}],"collection":[{"href":"https:\/\/nexocreate.com\/en\/wp-json\/wp\/v2\/pages"}],"about":[{"href":"https:\/\/nexocreate.com\/en\/wp-json\/wp\/v2\/types\/page"}],"author":[{"embeddable":true,"href":"https:\/\/nexocreate.com\/en\/wp-json\/wp\/v2\/users\/1"}],"replies":[{"embeddable":true,"href":"https:\/\/nexocreate.com\/en\/wp-json\/wp\/v2\/comments?post=1647"}],"version-history":[{"count":1,"href":"https:\/\/nexocreate.com\/en\/wp-json\/wp\/v2\/pages\/1647\/revisions"}],"predecessor-version":[{"id":7171,"href":"https:\/\/nexocreate.com\/en\/wp-json\/wp\/v2\/pages\/1647\/revisions\/7171"}],"wp:attachment":[{"href":"https:\/\/nexocreate.com\/en\/wp-json\/wp\/v2\/media?parent=1647"}],"curies":[{"name":"wp","href":"https:\/\/api.w.org\/{rel}","templated":true}]}}