{"id":10210,"date":"2024-05-24T20:48:16","date_gmt":"2024-05-24T20:48:16","guid":{"rendered":"https:\/\/nexocreate.com\/?page_id=10210"},"modified":"2024-05-24T21:01:58","modified_gmt":"2024-05-24T21:01:58","slug":"servicio-al-cliente","status":"publish","type":"page","link":"https:\/\/nexocreate.com\/en\/servicio-al-cliente\/","title":{"rendered":"Servicio al cliente"},"content":{"rendered":"\t\t<div data-elementor-type=\"wp-page\" data-elementor-id=\"10210\" class=\"elementor elementor-10210\">\n\t\t\t\t<div class=\"elementor-element elementor-element-bd8d458 e-flex e-con-boxed e-con e-parent\" data-id=\"bd8d458\" data-element_type=\"container\" data-e-type=\"container\">\n\t\t\t\t\t<div class=\"e-con-inner\">\n\t\t\t\t<div class=\"elementor-element elementor-element-51dc978 elementor-widget elementor-widget-wpforms\" data-id=\"51dc978\" data-element_type=\"widget\" data-e-type=\"widget\" data-widget_type=\"wpforms.default\">\n\t\t\t\t<div class=\"elementor-widget-container\">\n\t\t\t\t\t<div class=\"wpforms-container wpforms-container-full wpforms-container-save-resume wpforms-render-modern\" id=\"wpforms-10200\"><form id=\"wpforms-form-10200\" class=\"wpforms-validate wpforms-form wpforms-ajax-form\" data-formid=\"10200\" method=\"post\" enctype=\"multipart\/form-data\" action=\"\/en\/wp-json\/wp\/v2\/pages\/10210\" data-token=\"7e884a65e95af295145640e59aa3b51a\" data-token-time=\"1776372142\"><noscript class=\"wpforms-error-noscript\">Please enable JavaScript in your browser to complete this form.<\/noscript><div id=\"wpforms-error-noscript\" style=\"display: none;\">Please enable JavaScript in your browser to complete this form.<\/div><div class=\"wpforms-field-container\"><div id=\"wpforms-10200-field_0-container\" class=\"wpforms-field wpforms-field-name\" data-field-type=\"name\" data-field-id=\"0\"><fieldset><legend class=\"wpforms-field-label\">Nombre <span class=\"wpforms-required-label\" aria-hidden=\"true\">*<\/span><\/legend><div class=\"wpforms-field-row wpforms-field-medium\"><div class=\"wpforms-field-row-block wpforms-first wpforms-one-half\"><input type=\"text\" id=\"wpforms-10200-field_0\" class=\"wpforms-field-name-first wpforms-field-required\" name=\"wpforms[fields][0][first]\" aria-errormessage=\"wpforms-10200-field_0-error\" required><label for=\"wpforms-10200-field_0\" class=\"wpforms-field-sublabel after\">First<\/label><\/div><div class=\"wpforms-field-row-block wpforms-one-half\"><input type=\"text\" id=\"wpforms-10200-field_0-last\" class=\"wpforms-field-name-last wpforms-field-required\" name=\"wpforms[fields][0][last]\" aria-errormessage=\"wpforms-10200-field_0-last-error\" required><label for=\"wpforms-10200-field_0-last\" class=\"wpforms-field-sublabel after\">Last<\/label><\/div><\/div><\/fieldset><\/div><div id=\"wpforms-10200-field_7-container\" class=\"wpforms-field wpforms-field-checkbox\" data-field-type=\"checkbox\" data-field-id=\"7\"><fieldset><legend class=\"wpforms-field-label\">\u00bf Que tan satisfecho se encuentra de la empresa en general? <span class=\"wpforms-required-label\" aria-hidden=\"true\">*<\/span><\/legend><ul id=\"wpforms-10200-field_7\" class=\"wpforms-field-required\"><li class=\"choice-1 depth-1\"><input type=\"checkbox\" id=\"wpforms-10200-field_7_1\" name=\"wpforms[fields][7][]\" value=\"Muy Satisfecho\" aria-errormessage=\"wpforms-10200-field_7_1-error\" required ><label class=\"wpforms-field-label-inline\" for=\"wpforms-10200-field_7_1\">Muy Satisfecho<\/label><\/li><li class=\"choice-2 depth-1\"><input type=\"checkbox\" id=\"wpforms-10200-field_7_2\" name=\"wpforms[fields][7][]\" value=\"Poco Satisfecho\" aria-errormessage=\"wpforms-10200-field_7_2-error\" required ><label class=\"wpforms-field-label-inline\" for=\"wpforms-10200-field_7_2\">Poco Satisfecho<\/label><\/li><li class=\"choice-3 depth-1\"><input type=\"checkbox\" id=\"wpforms-10200-field_7_3\" name=\"wpforms[fields][7][]\" value=\"Satisfecho\" aria-errormessage=\"wpforms-10200-field_7_3-error\" required ><label class=\"wpforms-field-label-inline\" for=\"wpforms-10200-field_7_3\">Satisfecho<\/label><\/li><\/ul><\/fieldset><\/div><div id=\"wpforms-10200-field_9-container\" class=\"wpforms-field wpforms-field-radio\" data-field-type=\"radio\" data-field-id=\"9\"><fieldset><legend class=\"wpforms-field-label\">\u00bfRecomendar\u00edas nuestros servicios?  <span class=\"wpforms-required-label\" aria-hidden=\"true\">*<\/span><\/legend><ul id=\"wpforms-10200-field_9\" class=\"wpforms-field-required\"><li class=\"choice-1 depth-1\"><input type=\"radio\" id=\"wpforms-10200-field_9_1\" name=\"wpforms[fields][9]\" value=\"SI\" aria-errormessage=\"wpforms-10200-field_9_1-error\" required ><label class=\"wpforms-field-label-inline\" for=\"wpforms-10200-field_9_1\">SI<\/label><\/li><li class=\"choice-2 depth-1\"><input type=\"radio\" id=\"wpforms-10200-field_9_2\" name=\"wpforms[fields][9]\" value=\"NO\" aria-errormessage=\"wpforms-10200-field_9_2-error\" required ><label class=\"wpforms-field-label-inline\" for=\"wpforms-10200-field_9_2\">NO<\/label><\/li><li class=\"choice-3 depth-1\"><input type=\"radio\" id=\"wpforms-10200-field_9_3\" name=\"wpforms[fields][9]\" value=\"PUEDE SER\" aria-errormessage=\"wpforms-10200-field_9_3-error\" required ><label class=\"wpforms-field-label-inline\" for=\"wpforms-10200-field_9_3\">PUEDE SER<\/label><\/li><\/ul><\/fieldset><\/div><div id=\"wpforms-10200-field_10-container\" class=\"wpforms-field wpforms-field-radio\" data-field-type=\"radio\" data-field-id=\"10\"><fieldset><legend class=\"wpforms-field-label\">\u00bfC\u00f3mo calificar\u00eda la calidad de atenci\u00f3n recibida?   <span class=\"wpforms-required-label\" aria-hidden=\"true\">*<\/span><\/legend><ul id=\"wpforms-10200-field_10\" class=\"wpforms-field-required\"><li class=\"choice-1 depth-1\"><input type=\"radio\" id=\"wpforms-10200-field_10_1\" name=\"wpforms[fields][10]\" value=\"Muy buena\" aria-errormessage=\"wpforms-10200-field_10_1-error\" required ><label class=\"wpforms-field-label-inline\" for=\"wpforms-10200-field_10_1\">Muy buena<\/label><\/li><li class=\"choice-2 depth-1\"><input type=\"radio\" id=\"wpforms-10200-field_10_2\" name=\"wpforms[fields][10]\" value=\"Buena\" aria-errormessage=\"wpforms-10200-field_10_2-error\" required ><label class=\"wpforms-field-label-inline\" for=\"wpforms-10200-field_10_2\">Buena<\/label><\/li><li class=\"choice-3 depth-1\"><input type=\"radio\" id=\"wpforms-10200-field_10_3\" name=\"wpforms[fields][10]\" value=\"Regular\" aria-errormessage=\"wpforms-10200-field_10_3-error\" required ><label class=\"wpforms-field-label-inline\" for=\"wpforms-10200-field_10_3\">Regular<\/label><\/li><li class=\"choice-4 depth-1\"><input type=\"radio\" id=\"wpforms-10200-field_10_4\" name=\"wpforms[fields][10]\" value=\"Mala\" aria-errormessage=\"wpforms-10200-field_10_4-error\" required ><label class=\"wpforms-field-label-inline\" for=\"wpforms-10200-field_10_4\">Mala<\/label><\/li><\/ul><\/fieldset><\/div><div id=\"wpforms-10200-field_11-container\" class=\"wpforms-field wpforms-field-radio\" data-field-type=\"radio\" data-field-id=\"11\"><fieldset><legend class=\"wpforms-field-label\">\u00bfA trav\u00e9s de qu\u00e9 medio conociste la empresa? <span class=\"wpforms-required-label\" aria-hidden=\"true\">*<\/span><\/legend><ul id=\"wpforms-10200-field_11\" class=\"wpforms-field-required\"><li class=\"choice-1 depth-1\"><input type=\"radio\" id=\"wpforms-10200-field_11_1\" name=\"wpforms[fields][11]\" value=\"Instagram\" aria-errormessage=\"wpforms-10200-field_11_1-error\" required ><label class=\"wpforms-field-label-inline\" for=\"wpforms-10200-field_11_1\">Instagram<\/label><\/li><li class=\"choice-2 depth-1\"><input type=\"radio\" id=\"wpforms-10200-field_11_2\" name=\"wpforms[fields][11]\" value=\"TikTok\" aria-errormessage=\"wpforms-10200-field_11_2-error\" required ><label class=\"wpforms-field-label-inline\" for=\"wpforms-10200-field_11_2\">TikTok<\/label><\/li><li class=\"choice-3 depth-1\"><input type=\"radio\" id=\"wpforms-10200-field_11_3\" name=\"wpforms[fields][11]\" value=\"LinkedIn\" aria-errormessage=\"wpforms-10200-field_11_3-error\" required ><label class=\"wpforms-field-label-inline\" for=\"wpforms-10200-field_11_3\">LinkedIn<\/label><\/li><li class=\"choice-4 depth-1\"><input type=\"radio\" id=\"wpforms-10200-field_11_4\" name=\"wpforms[fields][11]\" value=\"Por un tercero\" aria-errormessage=\"wpforms-10200-field_11_4-error\" required ><label class=\"wpforms-field-label-inline\" for=\"wpforms-10200-field_11_4\">Por un tercero<\/label><\/li><\/ul><\/fieldset><\/div><div id=\"wpforms-10200-field_12-container\" class=\"wpforms-field wpforms-field-radio\" data-field-type=\"radio\" data-field-id=\"12\"><fieldset><legend class=\"wpforms-field-label\">\u00bfCu\u00e1n probable es que vuelvas a adquirir este producto\/servicio? <span class=\"wpforms-required-label\" aria-hidden=\"true\">*<\/span><\/legend><ul id=\"wpforms-10200-field_12\" class=\"wpforms-field-required\"><li class=\"choice-1 depth-1\"><input type=\"radio\" id=\"wpforms-10200-field_12_1\" name=\"wpforms[fields][12]\" value=\"Muy probable\" aria-errormessage=\"wpforms-10200-field_12_1-error\" required ><label class=\"wpforms-field-label-inline\" for=\"wpforms-10200-field_12_1\">Muy probable<\/label><\/li><li class=\"choice-2 depth-1\"><input type=\"radio\" id=\"wpforms-10200-field_12_2\" name=\"wpforms[fields][12]\" value=\"Probable\" aria-errormessage=\"wpforms-10200-field_12_2-error\" required ><label class=\"wpforms-field-label-inline\" for=\"wpforms-10200-field_12_2\">Probable<\/label><\/li><li class=\"choice-3 depth-1\"><input type=\"radio\" id=\"wpforms-10200-field_12_3\" name=\"wpforms[fields][12]\" value=\"Poco probable\" aria-errormessage=\"wpforms-10200-field_12_3-error\" required ><label class=\"wpforms-field-label-inline\" for=\"wpforms-10200-field_12_3\">Poco probable<\/label><\/li><li class=\"choice-4 depth-1\"><input type=\"radio\" id=\"wpforms-10200-field_12_4\" name=\"wpforms[fields][12]\" value=\"Nada probable\" aria-errormessage=\"wpforms-10200-field_12_4-error\" required ><label class=\"wpforms-field-label-inline\" for=\"wpforms-10200-field_12_4\">Nada probable<\/label><\/li><\/ul><\/fieldset><\/div><div id=\"wpforms-10200-field_13-container\" class=\"wpforms-field wpforms-field-radio\" data-field-type=\"radio\" data-field-id=\"13\"><fieldset><legend class=\"wpforms-field-label\">\u00bfEst\u00e1s interesado en recibir nueva informaci\u00f3n sobre nuestros futuros productos? <span class=\"wpforms-required-label\" aria-hidden=\"true\">*<\/span><\/legend><ul id=\"wpforms-10200-field_13\" class=\"wpforms-field-required\"><li class=\"choice-1 depth-1\"><input type=\"radio\" id=\"wpforms-10200-field_13_1\" name=\"wpforms[fields][13]\" value=\"SI\" aria-errormessage=\"wpforms-10200-field_13_1-error\" required ><label class=\"wpforms-field-label-inline\" for=\"wpforms-10200-field_13_1\">SI<\/label><\/li><li class=\"choice-2 depth-1\"><input type=\"radio\" id=\"wpforms-10200-field_13_2\" name=\"wpforms[fields][13]\" value=\"NO\" aria-errormessage=\"wpforms-10200-field_13_2-error\" required ><label class=\"wpforms-field-label-inline\" for=\"wpforms-10200-field_13_2\">NO<\/label><\/li><\/ul><\/fieldset><\/div><div id=\"wpforms-10200-field_14-container\" class=\"wpforms-field wpforms-field-textarea\" data-field-type=\"textarea\" data-field-id=\"14\"><label class=\"wpforms-field-label\" for=\"wpforms-10200-field_14\">En tu experiencia con nuestra empresa, \u00bfqu\u00e9 aspectos mejorar\u00edas o modificar\u00edas? <span class=\"wpforms-required-label\" aria-hidden=\"true\">*<\/span><\/label><textarea id=\"wpforms-10200-field_14\" class=\"wpforms-field-medium wpforms-field-required\" name=\"wpforms[fields][14]\" aria-errormessage=\"wpforms-10200-field_14-error\" required><\/textarea><\/div><\/div><!-- .wpforms-field-container --><div class=\"wpforms-submit-container\" ><input type=\"hidden\" name=\"wpforms[id]\" value=\"10200\"><input type=\"hidden\" name=\"page_title\" value=\"\"><input type=\"hidden\" name=\"page_url\" value=\"https:\/\/nexocreate.com\/en\/wp-json\/wp\/v2\/pages\/10210\"><input type=\"hidden\" name=\"url_referer\" value=\"\"><button type=\"submit\" name=\"wpforms[submit]\" id=\"wpforms-submit-10200\" class=\"wpforms-submit\" data-alt-text=\"Enviando...\" data-submit-text=\"Enviar\" aria-live=\"assertive\" value=\"wpforms-submit\">Enviar<\/button><img decoding=\"async\" src=\"https:\/\/nexocreate.com\/wp-content\/plugins\/wpforms\/assets\/images\/submit-spin.svg\" class=\"wpforms-submit-spinner\" style=\"display: none;\" width=\"26\" height=\"26\" alt=\"Loading\"><\/div><\/form><\/div>  <!-- .wpforms-container -->\t\t\t\t<\/div>\n\t\t\t\t<\/div>\n\t\t\t\t\t<\/div>\n\t\t\t\t<\/div>\n\t\t\t\t<\/div>\n\t\t","protected":false},"excerpt":{"rendered":"<p>Por favor, activa JavaScript en tu navegador para completar este formulario.Por favor, activa JavaScript en tu navegador para completar este formulario. Nombre * NombreApellidos \u00bf Que tan satisfecho se encuentra de la empresa en general? * Muy Satisfecho Poco Satisfecho Satisfecho \u00bfRecomendar\u00edas nuestros servicios? * SI NO PUEDE SER \u00bfC\u00f3mo calificar\u00eda la calidad de atenci\u00f3n<\/p>","protected":false},"author":2,"featured_media":0,"parent":0,"menu_order":0,"comment_status":"closed","ping_status":"closed","template":"","meta":{"footnotes":""},"class_list":["post-10210","page","type-page","status-publish","hentry"],"yoast_head":"<!-- This site is optimized with the Yoast SEO plugin v27.2 - https:\/\/yoast.com\/product\/yoast-seo-wordpress\/ -->\n<title>Servicio al cliente - NexoCreate<\/title>\n<meta name=\"description\" content=\"Por favor, activa JavaScript en tu navegador para completar este formulario.Por favor, activa JavaScript en tu navegador para completar este\" \/>\n<meta name=\"robots\" content=\"index, follow, max-snippet:-1, max-image-preview:large, max-video-preview:-1\" \/>\n<link rel=\"canonical\" href=\"https:\/\/nexocreate.com\/en\/servicio-al-cliente\/\" \/>\n<meta property=\"og:locale\" content=\"en_US\" \/>\n<meta property=\"og:type\" content=\"article\" \/>\n<meta property=\"og:title\" content=\"Servicio al cliente - NexoCreate\" \/>\n<meta property=\"og:description\" content=\"Por favor, activa JavaScript en tu navegador para completar este formulario.Por favor, activa JavaScript en tu navegador para completar este\" \/>\n<meta property=\"og:url\" content=\"https:\/\/nexocreate.com\/en\/servicio-al-cliente\/\" \/>\n<meta property=\"og:site_name\" content=\"NexoCreate\" \/>\n<meta property=\"article:publisher\" content=\"https:\/\/www.facebook.com\/profile.php?id=100095753013136\" \/>\n<meta property=\"article:modified_time\" content=\"2024-05-24T21:01:58+00:00\" \/>\n<meta property=\"og:image\" content=\"https:\/\/nexocreate.com\/wp-content\/plugins\/wpforms\/assets\/images\/submit-spin.svg\" \/>\n<meta name=\"twitter:card\" content=\"summary_large_image\" \/>\n<meta name=\"twitter:label1\" content=\"Est. reading time\" \/>\n\t<meta name=\"twitter:data1\" content=\"1 minute\" \/>\n<script type=\"application\/ld+json\" class=\"yoast-schema-graph\">{\"@context\":\"https:\/\/schema.org\",\"@graph\":[{\"@type\":\"WebPage\",\"@id\":\"https:\/\/nexocreate.com\/servicio-al-cliente\/\",\"url\":\"https:\/\/nexocreate.com\/servicio-al-cliente\/\",\"name\":\"Servicio al cliente - NexoCreate\",\"isPartOf\":{\"@id\":\"https:\/\/nexocreate.com\/#website\"},\"primaryImageOfPage\":{\"@id\":\"https:\/\/nexocreate.com\/servicio-al-cliente\/#primaryimage\"},\"image\":{\"@id\":\"https:\/\/nexocreate.com\/servicio-al-cliente\/#primaryimage\"},\"thumbnailUrl\":\"https:\/\/nexocreate.com\/wp-content\/plugins\/wpforms\/assets\/images\/submit-spin.svg\",\"datePublished\":\"2024-05-24T20:48:16+00:00\",\"dateModified\":\"2024-05-24T21:01:58+00:00\",\"description\":\"Por favor, activa JavaScript en tu navegador para completar este formulario.Por favor, activa JavaScript en tu navegador para completar este\",\"breadcrumb\":{\"@id\":\"https:\/\/nexocreate.com\/servicio-al-cliente\/#breadcrumb\"},\"inLanguage\":\"en-US\",\"potentialAction\":[{\"@type\":\"ReadAction\",\"target\":[\"https:\/\/nexocreate.com\/servicio-al-cliente\/\"]}]},{\"@type\":\"ImageObject\",\"inLanguage\":\"en-US\",\"@id\":\"https:\/\/nexocreate.com\/servicio-al-cliente\/#primaryimage\",\"url\":\"https:\/\/nexocreate.com\/wp-content\/plugins\/wpforms\/assets\/images\/submit-spin.svg\",\"contentUrl\":\"https:\/\/nexocreate.com\/wp-content\/plugins\/wpforms\/assets\/images\/submit-spin.svg\"},{\"@type\":\"BreadcrumbList\",\"@id\":\"https:\/\/nexocreate.com\/servicio-al-cliente\/#breadcrumb\",\"itemListElement\":[{\"@type\":\"ListItem\",\"position\":1,\"name\":\"Portada\",\"item\":\"https:\/\/nexocreate.com\/\"},{\"@type\":\"ListItem\",\"position\":2,\"name\":\"Servicio al cliente\"}]},{\"@type\":\"WebSite\",\"@id\":\"https:\/\/nexocreate.com\/#website\",\"url\":\"https:\/\/nexocreate.com\/\",\"name\":\"NexoCreate\",\"description\":\"Aprende, emprende y comprende el sistema Americano con nosotros, para poder acelerar tu crecimiento\",\"publisher\":{\"@id\":\"https:\/\/nexocreate.com\/#organization\"},\"potentialAction\":[{\"@type\":\"SearchAction\",\"target\":{\"@type\":\"EntryPoint\",\"urlTemplate\":\"https:\/\/nexocreate.com\/?s={search_term_string}\"},\"query-input\":{\"@type\":\"PropertyValueSpecification\",\"valueRequired\":true,\"valueName\":\"search_term_string\"}}],\"inLanguage\":\"en-US\"},{\"@type\":\"Organization\",\"@id\":\"https:\/\/nexocreate.com\/#organization\",\"name\":\"NexoCreate LLC\",\"url\":\"https:\/\/nexocreate.com\/\",\"logo\":{\"@type\":\"ImageObject\",\"inLanguage\":\"en-US\",\"@id\":\"https:\/\/nexocreate.com\/#\/schema\/logo\/image\/\",\"url\":\"https:\/\/nexocreate.com\/wp-content\/uploads\/2024\/02\/Avatar-NexoCreate.png\",\"contentUrl\":\"https:\/\/nexocreate.com\/wp-content\/uploads\/2024\/02\/Avatar-NexoCreate.png\",\"width\":800,\"height\":800,\"caption\":\"NexoCreate LLC\"},\"image\":{\"@id\":\"https:\/\/nexocreate.com\/#\/schema\/logo\/image\/\"},\"sameAs\":[\"https:\/\/www.facebook.com\/profile.php?id=100095753013136\"]}]}<\/script>\n<!-- \/ Yoast SEO plugin. -->","yoast_head_json":{"title":"Servicio al cliente - NexoCreate","description":"Por favor, activa JavaScript en tu navegador para completar este formulario.Por favor, activa JavaScript en tu navegador para completar este","robots":{"index":"index","follow":"follow","max-snippet":"max-snippet:-1","max-image-preview":"max-image-preview:large","max-video-preview":"max-video-preview:-1"},"canonical":"https:\/\/nexocreate.com\/en\/servicio-al-cliente\/","og_locale":"en_US","og_type":"article","og_title":"Servicio al cliente - NexoCreate","og_description":"Por favor, activa JavaScript en tu navegador para completar este formulario.Por favor, activa JavaScript en tu navegador para completar este","og_url":"https:\/\/nexocreate.com\/en\/servicio-al-cliente\/","og_site_name":"NexoCreate","article_publisher":"https:\/\/www.facebook.com\/profile.php?id=100095753013136","article_modified_time":"2024-05-24T21:01:58+00:00","og_image":[{"url":"https:\/\/nexocreate.com\/wp-content\/plugins\/wpforms\/assets\/images\/submit-spin.svg","type":"","width":"","height":""}],"twitter_card":"summary_large_image","twitter_misc":{"Est. reading time":"1 minute"},"schema":{"@context":"https:\/\/schema.org","@graph":[{"@type":"WebPage","@id":"https:\/\/nexocreate.com\/servicio-al-cliente\/","url":"https:\/\/nexocreate.com\/servicio-al-cliente\/","name":"Servicio al cliente - NexoCreate","isPartOf":{"@id":"https:\/\/nexocreate.com\/#website"},"primaryImageOfPage":{"@id":"https:\/\/nexocreate.com\/servicio-al-cliente\/#primaryimage"},"image":{"@id":"https:\/\/nexocreate.com\/servicio-al-cliente\/#primaryimage"},"thumbnailUrl":"https:\/\/nexocreate.com\/wp-content\/plugins\/wpforms\/assets\/images\/submit-spin.svg","datePublished":"2024-05-24T20:48:16+00:00","dateModified":"2024-05-24T21:01:58+00:00","description":"Por favor, activa JavaScript en tu navegador para completar este formulario.Por favor, activa JavaScript en tu navegador para completar este","breadcrumb":{"@id":"https:\/\/nexocreate.com\/servicio-al-cliente\/#breadcrumb"},"inLanguage":"en-US","potentialAction":[{"@type":"ReadAction","target":["https:\/\/nexocreate.com\/servicio-al-cliente\/"]}]},{"@type":"ImageObject","inLanguage":"en-US","@id":"https:\/\/nexocreate.com\/servicio-al-cliente\/#primaryimage","url":"https:\/\/nexocreate.com\/wp-content\/plugins\/wpforms\/assets\/images\/submit-spin.svg","contentUrl":"https:\/\/nexocreate.com\/wp-content\/plugins\/wpforms\/assets\/images\/submit-spin.svg"},{"@type":"BreadcrumbList","@id":"https:\/\/nexocreate.com\/servicio-al-cliente\/#breadcrumb","itemListElement":[{"@type":"ListItem","position":1,"name":"Portada","item":"https:\/\/nexocreate.com\/"},{"@type":"ListItem","position":2,"name":"Servicio al cliente"}]},{"@type":"WebSite","@id":"https:\/\/nexocreate.com\/#website","url":"https:\/\/nexocreate.com\/","name":"NexoCreate","description":"Aprende, emprende y comprende el sistema Americano con nosotros, para poder acelerar tu crecimiento","publisher":{"@id":"https:\/\/nexocreate.com\/#organization"},"potentialAction":[{"@type":"SearchAction","target":{"@type":"EntryPoint","urlTemplate":"https:\/\/nexocreate.com\/?s={search_term_string}"},"query-input":{"@type":"PropertyValueSpecification","valueRequired":true,"valueName":"search_term_string"}}],"inLanguage":"en-US"},{"@type":"Organization","@id":"https:\/\/nexocreate.com\/#organization","name":"NexoCreate LLC","url":"https:\/\/nexocreate.com\/","logo":{"@type":"ImageObject","inLanguage":"en-US","@id":"https:\/\/nexocreate.com\/#\/schema\/logo\/image\/","url":"https:\/\/nexocreate.com\/wp-content\/uploads\/2024\/02\/Avatar-NexoCreate.png","contentUrl":"https:\/\/nexocreate.com\/wp-content\/uploads\/2024\/02\/Avatar-NexoCreate.png","width":800,"height":800,"caption":"NexoCreate LLC"},"image":{"@id":"https:\/\/nexocreate.com\/#\/schema\/logo\/image\/"},"sameAs":["https:\/\/www.facebook.com\/profile.php?id=100095753013136"]}]}},"_links":{"self":[{"href":"https:\/\/nexocreate.com\/en\/wp-json\/wp\/v2\/pages\/10210","targetHints":{"allow":["GET"]}}],"collection":[{"href":"https:\/\/nexocreate.com\/en\/wp-json\/wp\/v2\/pages"}],"about":[{"href":"https:\/\/nexocreate.com\/en\/wp-json\/wp\/v2\/types\/page"}],"author":[{"embeddable":true,"href":"https:\/\/nexocreate.com\/en\/wp-json\/wp\/v2\/users\/2"}],"replies":[{"embeddable":true,"href":"https:\/\/nexocreate.com\/en\/wp-json\/wp\/v2\/comments?post=10210"}],"version-history":[{"count":4,"href":"https:\/\/nexocreate.com\/en\/wp-json\/wp\/v2\/pages\/10210\/revisions"}],"predecessor-version":[{"id":10215,"href":"https:\/\/nexocreate.com\/en\/wp-json\/wp\/v2\/pages\/10210\/revisions\/10215"}],"wp:attachment":[{"href":"https:\/\/nexocreate.com\/en\/wp-json\/wp\/v2\/media?parent=10210"}],"curies":[{"name":"wp","href":"https:\/\/api.w.org\/{rel}","templated":true}]}}