{"id":10162,"date":"2024-05-02T23:06:13","date_gmt":"2024-05-02T23:06:13","guid":{"rendered":"https:\/\/nexocreate.com\/?page_id=10162"},"modified":"2025-08-27T04:43:21","modified_gmt":"2025-08-27T04:43:21","slug":"miembros-de-una-llc","status":"publish","type":"page","link":"https:\/\/nexocreate.com\/en\/miembros-de-una-llc\/","title":{"rendered":"Miembros de una LLC"},"content":{"rendered":"<div data-elementor-type=\"wp-page\" data-elementor-id=\"10162\" class=\"elementor elementor-10162\">\n\t\t\t\t<div class=\"elementor-element elementor-element-2ff6804 e-flex e-con-boxed e-con e-parent\" data-id=\"2ff6804\" data-element_type=\"container\" data-e-type=\"container\">\n\t\t\t\t\t<div class=\"e-con-inner\">\n\t\t\t\t<div class=\"elementor-element elementor-element-0876c32 elementor-widget elementor-widget-text-editor\" data-id=\"0876c32\" data-element_type=\"widget\" data-e-type=\"widget\" data-widget_type=\"text-editor.default\">\n\t\t\t\t<div class=\"elementor-widget-container\">\n\t\t\t\t\t\t\t\t\t<p><strong>Cargos de miembros dentro de una LLC<\/strong>: Representante autorizado; es una persona o entidad que ha sido designada oficialmente para actuar en nombre de la LLC y tomar decisiones espec\u00edficas o realizar ciertas tareas seg\u00fan lo estipulado en los documentos de la empresa o en un acuerdo\u00a0espec\u00edfico.<\/p>\n<p>\u00a0<\/p>\n<p><!-- \/wp:paragraph --><!-- wp:paragraph {\"placeholder\":\"Type \/ to choose a block, or press space to summon the AI Copilot\"} --><\/p>\n<p>La Persona Autorizada se refiere a un individuo que ha sido formalmente autorizado por la LLC para actuar en su nombre y realizar transacciones legales, financieras y de negocios\u00a0espec\u00edficas.<\/p>\n<p>\u00a0<\/p>\n<p><!-- \/wp:paragraph --><!-- wp:paragraph {\"placeholder\":\"Type \/ to choose a block, or press space to summon the AI Copilot\"} --><\/p>\n<p><strong>Manager (MGR): <\/strong>Un Manager, o gerente es una persona (que puede o no ser miembro) designada para manejar las operaciones diarias y tomar decisiones ejecutivas que no requieren la aprobaci\u00f3n de todos los miembros. Este rol es similar al de un director ejecutivo o un presidente en\u00a0una\u00a0corporaci\u00f3n.<\/p>\n<p>\u00a0<\/p>\n<p><!-- \/wp:paragraph --><!-- wp:paragraph {\"placeholder\":\"Type \/ to choose a block, or press space to summon the AI Copilot\"} --><\/p>\n<p><strong>Miembro Autorizado:<\/strong> es un miembro de la LLC que ha recibido autorizaci\u00f3n expl\u00edcita para actuar en nombre de la compa\u00f1\u00eda en ciertas\u00a0circunstancias.<\/p>\n<p><!-- \/wp:paragraph --><\/p>\n\t\t\t\t\t\t\t\t<\/div>\n\t\t\t\t<\/div>\n\t\t\t\t<div class=\"elementor-element elementor-element-76c2427f elementor-widget elementor-widget-text-editor\" data-id=\"76c2427f\" data-element_type=\"widget\" data-e-type=\"widget\" data-widget_type=\"text-editor.default\">\n\t\t\t\t<div class=\"elementor-widget-container\">\n\t\t\t\t\t\t\t\t\t<p><!-- wp:paragraph {\"placeholder\":\"Type \/ to choose a block, or press space to summon the AI Copilot\"} --><\/p>\n<p><!-- \/wp:paragraph --><\/p>\n<p><!-- wp:paragraph --><\/p>\n<p><!-- \/wp:paragraph --><\/p>\n\t\t\t\t\t\t\t\t<\/div>\n\t\t\t\t<\/div>\n\t\t\t\t\t<\/div>\n\t\t\t\t<\/div>\n\t\t\t\t<\/div>","protected":false},"excerpt":{"rendered":"<p>Cargos de miembros dentro de una LLC: Representante autorizado; es una persona o entidad que ha sido designada oficialmente para actuar en nombre de la LLC y tomar decisiones espec\u00edficas o realizar ciertas tareas seg\u00fan lo estipulado en los documentos de la empresa o en un acuerdo\u00a0espec\u00edfico. \u00a0 La Persona Autorizada se refiere a un<\/p>","protected":false},"author":2,"featured_media":0,"parent":0,"menu_order":0,"comment_status":"closed","ping_status":"closed","template":"","meta":{"footnotes":""},"class_list":["post-10162","page","type-page","status-publish","hentry"],"yoast_head":"<!-- This site is optimized with the Yoast SEO plugin v27.2 - https:\/\/yoast.com\/product\/yoast-seo-wordpress\/ -->\n<title>Miembros de una LLC - NexoCreate<\/title>\n<meta name=\"description\" content=\"Cargos de miembros dentro de una LLC: Representante autorizado; es una persona o entidad que ha sido designada oficialmente para actuar en nombre de la\" \/>\n<meta name=\"robots\" content=\"index, follow, max-snippet:-1, max-image-preview:large, max-video-preview:-1\" \/>\n<link rel=\"canonical\" href=\"https:\/\/nexocreate.com\/en\/miembros-de-una-llc\/\" \/>\n<meta property=\"og:locale\" content=\"en_US\" \/>\n<meta property=\"og:type\" content=\"article\" \/>\n<meta property=\"og:title\" content=\"Miembros de una LLC - NexoCreate\" \/>\n<meta property=\"og:description\" content=\"Cargos de miembros dentro de una LLC: Representante autorizado; es una persona o entidad que ha sido designada oficialmente para actuar en nombre de la\" \/>\n<meta property=\"og:url\" content=\"https:\/\/nexocreate.com\/en\/miembros-de-una-llc\/\" \/>\n<meta property=\"og:site_name\" content=\"NexoCreate\" \/>\n<meta property=\"article:publisher\" content=\"https:\/\/www.facebook.com\/profile.php?id=100095753013136\" \/>\n<meta property=\"article:modified_time\" content=\"2025-08-27T04:43:21+00:00\" \/>\n<meta property=\"og:image\" content=\"https:\/\/nexocreate.com\/wp-content\/uploads\/2024\/02\/logo.png\" \/>\n\t<meta property=\"og:image:width\" content=\"1080\" \/>\n\t<meta property=\"og:image:height\" content=\"1080\" \/>\n\t<meta property=\"og:image:type\" content=\"image\/png\" \/>\n<meta name=\"twitter:card\" content=\"summary_large_image\" \/>\n<meta name=\"twitter:label1\" content=\"Est. reading time\" \/>\n\t<meta name=\"twitter:data1\" content=\"1 minute\" \/>\n<script type=\"application\/ld+json\" class=\"yoast-schema-graph\">{\"@context\":\"https:\/\/schema.org\",\"@graph\":[{\"@type\":\"WebPage\",\"@id\":\"https:\/\/nexocreate.com\/miembros-de-una-llc\/\",\"url\":\"https:\/\/nexocreate.com\/miembros-de-una-llc\/\",\"name\":\"Miembros de una LLC - NexoCreate\",\"isPartOf\":{\"@id\":\"https:\/\/nexocreate.com\/#website\"},\"datePublished\":\"2024-05-02T23:06:13+00:00\",\"dateModified\":\"2025-08-27T04:43:21+00:00\",\"description\":\"Cargos de miembros dentro de una LLC: Representante autorizado; es una persona o entidad que ha sido designada oficialmente para actuar en nombre de la\",\"breadcrumb\":{\"@id\":\"https:\/\/nexocreate.com\/miembros-de-una-llc\/#breadcrumb\"},\"inLanguage\":\"en-US\",\"potentialAction\":[{\"@type\":\"ReadAction\",\"target\":[\"https:\/\/nexocreate.com\/miembros-de-una-llc\/\"]}]},{\"@type\":\"BreadcrumbList\",\"@id\":\"https:\/\/nexocreate.com\/miembros-de-una-llc\/#breadcrumb\",\"itemListElement\":[{\"@type\":\"ListItem\",\"position\":1,\"name\":\"Portada\",\"item\":\"https:\/\/nexocreate.com\/\"},{\"@type\":\"ListItem\",\"position\":2,\"name\":\"Miembros de una LLC\"}]},{\"@type\":\"WebSite\",\"@id\":\"https:\/\/nexocreate.com\/#website\",\"url\":\"https:\/\/nexocreate.com\/\",\"name\":\"NexoCreate\",\"description\":\"Aprende, emprende y comprende el sistema Americano con nosotros, para poder acelerar tu crecimiento\",\"publisher\":{\"@id\":\"https:\/\/nexocreate.com\/#organization\"},\"potentialAction\":[{\"@type\":\"SearchAction\",\"target\":{\"@type\":\"EntryPoint\",\"urlTemplate\":\"https:\/\/nexocreate.com\/?s={search_term_string}\"},\"query-input\":{\"@type\":\"PropertyValueSpecification\",\"valueRequired\":true,\"valueName\":\"search_term_string\"}}],\"inLanguage\":\"en-US\"},{\"@type\":\"Organization\",\"@id\":\"https:\/\/nexocreate.com\/#organization\",\"name\":\"NexoCreate LLC\",\"url\":\"https:\/\/nexocreate.com\/\",\"logo\":{\"@type\":\"ImageObject\",\"inLanguage\":\"en-US\",\"@id\":\"https:\/\/nexocreate.com\/#\/schema\/logo\/image\/\",\"url\":\"https:\/\/nexocreate.com\/wp-content\/uploads\/2024\/02\/Avatar-NexoCreate.png\",\"contentUrl\":\"https:\/\/nexocreate.com\/wp-content\/uploads\/2024\/02\/Avatar-NexoCreate.png\",\"width\":800,\"height\":800,\"caption\":\"NexoCreate LLC\"},\"image\":{\"@id\":\"https:\/\/nexocreate.com\/#\/schema\/logo\/image\/\"},\"sameAs\":[\"https:\/\/www.facebook.com\/profile.php?id=100095753013136\"]}]}<\/script>\n<!-- \/ Yoast SEO plugin. -->","yoast_head_json":{"title":"Miembros de una LLC - NexoCreate","description":"Cargos de miembros dentro de una LLC: Representante autorizado; es una persona o entidad que ha sido designada oficialmente para actuar en nombre de la","robots":{"index":"index","follow":"follow","max-snippet":"max-snippet:-1","max-image-preview":"max-image-preview:large","max-video-preview":"max-video-preview:-1"},"canonical":"https:\/\/nexocreate.com\/en\/miembros-de-una-llc\/","og_locale":"en_US","og_type":"article","og_title":"Miembros de una LLC - NexoCreate","og_description":"Cargos de miembros dentro de una LLC: Representante autorizado; es una persona o entidad que ha sido designada oficialmente para actuar en nombre de la","og_url":"https:\/\/nexocreate.com\/en\/miembros-de-una-llc\/","og_site_name":"NexoCreate","article_publisher":"https:\/\/www.facebook.com\/profile.php?id=100095753013136","article_modified_time":"2025-08-27T04:43:21+00:00","og_image":[{"width":1080,"height":1080,"url":"https:\/\/nexocreate.com\/wp-content\/uploads\/2024\/02\/logo.png","type":"image\/png"}],"twitter_card":"summary_large_image","twitter_misc":{"Est. reading time":"1 minute"},"schema":{"@context":"https:\/\/schema.org","@graph":[{"@type":"WebPage","@id":"https:\/\/nexocreate.com\/miembros-de-una-llc\/","url":"https:\/\/nexocreate.com\/miembros-de-una-llc\/","name":"Miembros de una LLC - NexoCreate","isPartOf":{"@id":"https:\/\/nexocreate.com\/#website"},"datePublished":"2024-05-02T23:06:13+00:00","dateModified":"2025-08-27T04:43:21+00:00","description":"Cargos de miembros dentro de una LLC: Representante autorizado; es una persona o entidad que ha sido designada oficialmente para actuar en nombre de la","breadcrumb":{"@id":"https:\/\/nexocreate.com\/miembros-de-una-llc\/#breadcrumb"},"inLanguage":"en-US","potentialAction":[{"@type":"ReadAction","target":["https:\/\/nexocreate.com\/miembros-de-una-llc\/"]}]},{"@type":"BreadcrumbList","@id":"https:\/\/nexocreate.com\/miembros-de-una-llc\/#breadcrumb","itemListElement":[{"@type":"ListItem","position":1,"name":"Portada","item":"https:\/\/nexocreate.com\/"},{"@type":"ListItem","position":2,"name":"Miembros de una LLC"}]},{"@type":"WebSite","@id":"https:\/\/nexocreate.com\/#website","url":"https:\/\/nexocreate.com\/","name":"NexoCreate","description":"Aprende, emprende y comprende el sistema Americano con nosotros, para poder acelerar tu crecimiento","publisher":{"@id":"https:\/\/nexocreate.com\/#organization"},"potentialAction":[{"@type":"SearchAction","target":{"@type":"EntryPoint","urlTemplate":"https:\/\/nexocreate.com\/?s={search_term_string}"},"query-input":{"@type":"PropertyValueSpecification","valueRequired":true,"valueName":"search_term_string"}}],"inLanguage":"en-US"},{"@type":"Organization","@id":"https:\/\/nexocreate.com\/#organization","name":"NexoCreate LLC","url":"https:\/\/nexocreate.com\/","logo":{"@type":"ImageObject","inLanguage":"en-US","@id":"https:\/\/nexocreate.com\/#\/schema\/logo\/image\/","url":"https:\/\/nexocreate.com\/wp-content\/uploads\/2024\/02\/Avatar-NexoCreate.png","contentUrl":"https:\/\/nexocreate.com\/wp-content\/uploads\/2024\/02\/Avatar-NexoCreate.png","width":800,"height":800,"caption":"NexoCreate LLC"},"image":{"@id":"https:\/\/nexocreate.com\/#\/schema\/logo\/image\/"},"sameAs":["https:\/\/www.facebook.com\/profile.php?id=100095753013136"]}]}},"_links":{"self":[{"href":"https:\/\/nexocreate.com\/en\/wp-json\/wp\/v2\/pages\/10162","targetHints":{"allow":["GET"]}}],"collection":[{"href":"https:\/\/nexocreate.com\/en\/wp-json\/wp\/v2\/pages"}],"about":[{"href":"https:\/\/nexocreate.com\/en\/wp-json\/wp\/v2\/types\/page"}],"author":[{"embeddable":true,"href":"https:\/\/nexocreate.com\/en\/wp-json\/wp\/v2\/users\/2"}],"replies":[{"embeddable":true,"href":"https:\/\/nexocreate.com\/en\/wp-json\/wp\/v2\/comments?post=10162"}],"version-history":[{"count":10,"href":"https:\/\/nexocreate.com\/en\/wp-json\/wp\/v2\/pages\/10162\/revisions"}],"predecessor-version":[{"id":12443,"href":"https:\/\/nexocreate.com\/en\/wp-json\/wp\/v2\/pages\/10162\/revisions\/12443"}],"wp:attachment":[{"href":"https:\/\/nexocreate.com\/en\/wp-json\/wp\/v2\/media?parent=10162"}],"curies":[{"name":"wp","href":"https:\/\/api.w.org\/{rel}","templated":true}]}}